{"id":3,"date":"2026-01-04T05:34:27","date_gmt":"2026-01-04T05:34:27","guid":{"rendered":"https:\/\/fldvalve.com\/?page_id=3"},"modified":"2026-01-08T05:15:21","modified_gmt":"2026-01-08T05:15:21","slug":"privacy-policy","status":"publish","type":"page","link":"https:\/\/fldvalve.com\/es\/privacy-policy\/","title":{"rendered":"pol\u00edtica de privacidad"},"content":{"rendered":"<style>.elementor-3 .elementor-element.elementor-element-6875806{--display:flex;--min-height:400px;--flex-direction:column;--container-widget-width:100%;--container-widget-height:initial;--container-widget-flex-grow:0;--container-widget-align-self:initial;--flex-wrap-mobile:wrap;--justify-content:center;--overlay-opacity:1;--padding-top:0px;--padding-bottom:0px;--padding-left:0px;--padding-right:0px;}.elementor-3 .elementor-element.elementor-element-6875806:not(.elementor-motion-effects-element-type-background), .elementor-3 .elementor-element.elementor-element-6875806 > .elementor-motion-effects-container > .elementor-motion-effects-layer{background-image:url(\"https:\/\/fldvalve.com\/wp-content\/uploads\/2026\/01\/cp2-banner-1.jpg\");background-position:center center;background-repeat:no-repeat;background-size:cover;}.elementor-3 .elementor-element.elementor-element-6875806::before, .elementor-3 .elementor-element.elementor-element-6875806 > .elementor-background-video-container::before, .elementor-3 .elementor-element.elementor-element-6875806 > .e-con-inner > .elementor-background-video-container::before, .elementor-3 .elementor-element.elementor-element-6875806 > .elementor-background-slideshow::before, .elementor-3 .elementor-element.elementor-element-6875806 > .e-con-inner > .elementor-background-slideshow::before, .elementor-3 .elementor-element.elementor-element-6875806 > .elementor-motion-effects-container > .elementor-motion-effects-layer::before{--background-overlay:'';background-color:transparent;background-image:linear-gradient(284deg, #03122375 0%, #001D3E 100%);}.elementor-3 .elementor-element.elementor-element-973ada8 .elementor-icon-list-items:not(.elementor-inline-items) .elementor-icon-list-item:not(:last-child){padding-block-end:calc(10px\/2);}.elementor-3 .elementor-element.elementor-element-973ada8 .elementor-icon-list-items:not(.elementor-inline-items) .elementor-icon-list-item:not(:first-child){margin-block-start:calc(10px\/2);}.elementor-3 .elementor-element.elementor-element-973ada8 .elementor-icon-list-items.elementor-inline-items .elementor-icon-list-item{margin-inline:calc(10px\/2);}.elementor-3 .elementor-element.elementor-element-973ada8 .elementor-icon-list-items.elementor-inline-items{margin-inline:calc(-10px\/2);}.elementor-3 .elementor-element.elementor-element-973ada8 .elementor-icon-list-items.elementor-inline-items .elementor-icon-list-item:after{inset-inline-end:calc(-10px\/2);}.elementor-3 .elementor-element.elementor-element-973ada8 .elementor-icon-list-icon i{color:#3C95FF;transition:color 0.3s;}.elementor-3 .elementor-element.elementor-element-973ada8 .elementor-icon-list-icon svg{fill:#3C95FF;transition:fill 0.3s;}.elementor-3 .elementor-element.elementor-element-973ada8{--e-icon-list-icon-size:14px;--icon-vertical-offset:0px;}.elementor-3 .elementor-element.elementor-element-973ada8 .elementor-icon-list-text{color:var( --e-global-color-accent );transition:color 0.3s;}.elementor-3 .elementor-element.elementor-element-b0ea25c{--display:flex;--flex-direction:column;--container-widget-width:100%;--container-widget-height:initial;--container-widget-flex-grow:0;--container-widget-align-self:initial;--flex-wrap-mobile:wrap;--margin-top:80px;--margin-bottom:100px;--margin-left:0px;--margin-right:0px;--padding-top:0px;--padding-bottom:0px;--padding-left:0px;--padding-right:0px;}:root{--page-title-display:none;}@media(max-width:1024px){.elementor-3 .elementor-element.elementor-element-6875806{--min-height:400px;--flex-direction:column;--container-widget-width:calc( ( 1 - var( --container-widget-flex-grow ) ) * 100% );--container-widget-height:initial;--container-widget-flex-grow:0;--container-widget-align-self:initial;--flex-wrap-mobile:wrap;--justify-content:center;--align-items:flex-start;--gap:30px 30px;--row-gap:30px;--column-gap:30px;--padding-top:0px;--padding-bottom:0px;--padding-left:25px;--padding-right:25px;}.elementor-3 .elementor-element.elementor-element-b0ea25c{--margin-top:50px;--margin-bottom:50px;--margin-left:0px;--margin-right:0px;--padding-top:0px;--padding-bottom:0px;--padding-left:25px;--padding-right:25px;}}@media(max-width:767px){.elementor-3 .elementor-element.elementor-element-6875806{--min-height:300px;--padding-top:0px;--padding-bottom:0px;--padding-left:15px;--padding-right:15px;}.elementor-3 .elementor-element.elementor-element-b0ea25c{--margin-top:40px;--margin-bottom:40px;--margin-left:0px;--margin-right:0px;--padding-top:0px;--padding-bottom:0px;--padding-left:15px;--padding-right:15px;}}\/* Start custom CSS for icon-list, class: .elementor-element-973ada8 *\/\/* Elementor Icon List \u672a\u9009\u4e2d\uff08\u975e hover\uff09\u72b6\u6001\u4e0b\u5b57\u4f53\u4e3a\u767d\u8272 *\/\r\n.elementor-icon-list-item,\r\n.elementor-icon-list-item a,\r\n.elementor-my-icon-list-text {\r\n    color: #ffffff !important;\r\n}\/* End custom CSS *\/<\/style>\t\t<div data-elementor-type=\"wp-page\" data-elementor-id=\"3\" class=\"elementor elementor-3\" data-elementor-post-type=\"page\">\n\t\t\t\t<div class=\"elementor-element elementor-element-6875806 e-flex e-con-boxed e-con e-parent\" data-id=\"6875806\" data-element_type=\"container\" data-e-type=\"container\" data-settings=\"{&quot;background_background&quot;:&quot;classic&quot;}\">\n\t\t\t\t\t<div class=\"e-con-inner\">\n\t\t\t\t<div class=\"elementor-element elementor-element-bb732fd elementor-widget elementor-widget-heading\" data-id=\"bb732fd\" data-element_type=\"widget\" data-e-type=\"widget\" data-widget_type=\"heading.default\">\n\t\t\t\t\t<h1 class=\"elementor-heading-title elementor-size-default\">pol\u00edtica de privacidad\n <\/h1>\t\t\t\t<\/div>\n\t\t\t\t<div class=\"elementor-element elementor-element-973ada8 elementor-icon-list--layout-inline elementor-list-item-link-full_width elementor-widget elementor-widget-icon-list\" data-id=\"973ada8\" data-element_type=\"widget\" data-e-type=\"widget\" data-widget_type=\"icon-list.default\">\n\t\t\t\t\t\t\t<ul class=\"elementor-icon-list-items elementor-inline-items\">\n\t\t\t\t\t\t\t<li class=\"elementor-icon-list-item elementor-inline-item\">\n\t\t\t\t\t\t\t\t\t\t\t<a href=\"https:\/\/fldvalve.com\/es\">\n\n\t\t\t\t\t\t\t\t\t\t\t\t<span class=\"elementor-icon-list-icon\">\n\t\t\t\t\t\t\t<svg aria-hidden=\"true\" class=\"e-font-icon-svg e-fas-home\" viewbox=\"0 0 576 512\" xmlns=\"http:\/\/www.w3.org\/2000\/svg\"><path d=\"M280.37 148.26L96 300.11V464a16 16 0 0 0 16 16l112.06-.29a16 16 0 0 0 15.92-16V368a16 16 0 0 1 16-16h64a16 16 0 0 1 16 16v95.64a16 16 0 0 0 16 16.05L464 480a16 16 0 0 0 16-16V300L295.67 148.26a12.19 12.19 0 0 0-15.3 0zM571.6 251.47L488 182.56V44.05a12 12 0 0 0-12-12h-56a12 12 0 0 0-12 12v72.61L318.47 43a48 48 0 0 0-61 0L4.34 251.47a12 12 0 0 0-1.6 16.9l25.5 31A12 12 0 0 0 45.15 301l235.22-193.74a12.19 12.19 0 0 1 15.3 0L530.9 301a12 12 0 0 0 16.9-1.6l25.5-31a12 12 0 0 0-1.7-16.93z\"><\/path><\/svg>\t\t\t\t\t\t<\/span>\n\t\t\t\t\t\t\t\t\t\t<span class=\"elementor-icon-list-text\">Hogar<\/span>\n\t\t\t\t\t\t\t\t\t\t\t<\/a>\n\t\t\t\t\t\t\t\t\t<\/li>\n\t\t\t\t\t\t\t\t<li class=\"elementor-icon-list-item elementor-inline-item\">\n\t\t\t\t\t\t\t\t\t\t\t<span class=\"elementor-icon-list-icon\">\n\t\t\t\t\t\t\t<svg aria-hidden=\"true\" class=\"e-font-icon-svg e-fas-caret-right\" viewbox=\"0 0 192 512\" xmlns=\"http:\/\/www.w3.org\/2000\/svg\"><path d=\"M0 384.662V127.338c0-17.818 21.543-26.741 34.142-14.142l128.662 128.662c7.81 7.81 7.81 20.474 0 28.284L34.142 398.804C21.543 411.404 0 402.48 0 384.662z\"><\/path><\/svg>\t\t\t\t\t\t<\/span>\n\t\t\t\t\t\t\t\t\t\t<span class=\"elementor-icon-list-text\">pol\u00edtica de privacidad<\/span>\n\t\t\t\t\t\t\t\t\t<\/li>\n\t\t\t\t\t\t<\/ul>\n\t\t\t\t\t\t<\/div>\n\t\t\t\t\t<\/div>\n\t\t\t\t<\/div>\n\t\t<div class=\"elementor-element elementor-element-b0ea25c e-flex e-con-boxed e-con e-parent\" data-id=\"b0ea25c\" data-element_type=\"container\" data-e-type=\"container\">\n\t\t\t\t\t<div class=\"e-con-inner\">\n\t\t\t\t<div class=\"elementor-element elementor-element-16c564c elementor-widget elementor-widget-heading\" data-id=\"16c564c\" data-element_type=\"widget\" data-e-type=\"widget\" data-widget_type=\"heading.default\">\n\t\t\t\t\t<h2 class=\"elementor-heading-title elementor-size-default\">pol\u00edtica de privacidad<\/h2>\t\t\t\t<\/div>\n\t\t\t\t<div class=\"elementor-element elementor-element-4d19c8b elementor-widget elementor-widget-text-editor\" data-id=\"4d19c8b\" data-element_type=\"widget\" data-e-type=\"widget\" data-widget_type=\"text-editor.default\">\n\t\t\t\t\t\t\t\t\t<p><strong><span style=\"color: #000000;\">Grupo de v\u00e1lvulas de control autom\u00e1tico Phileda Co., Ltd.<\/span><\/strong>\u00a0se compromete a proteger su privacidad y ganarse su confianza. \u201cPhileda Automatic Control Valve no vende, comercializa ni alquila su informaci\u00f3n personal a otros. Esta pol\u00edtica divulga las pr\u00e1cticas de privacidad del sitio web \u201cPhileda Automatic Control Valve. Utilizamos la informaci\u00f3n que recopilamos sobre usted del sitio web \u201cPhileda Automatic Control Valve para procesar pedidos y mantener una relaci\u00f3n con usted durante el uso de nuestros productos y servicios. Esta pol\u00edtica explica c\u00f3mo se protege su informaci\u00f3n personal. Nuestra intenci\u00f3n es brindarle el mayor control posible sobre su privacidad e informaci\u00f3n personal y el uso que hacemos de ella en nuestro negocio.<\/p>\n<h5><strong><b>C\u00d3MO HACE <\/b><\/strong><strong><b>Grupo de v\u00e1lvulas de control autom\u00e1tico Phileda Co., Ltd.<\/b><\/strong><strong><b>\u00a0\u00bfUTILIZAR MI INFORMACI\u00d3N?<\/b><\/strong><\/h5>\n<p>Recopilamos informaci\u00f3n personal para ayudarnos a brindar una experiencia de usuario de alta calidad y para ayudar a Phileda Automatic Control Valve a comprender mejor a nuestros clientes. Phileda Automatic Control Valve no vende, comercializa ni alquila su informaci\u00f3n personal a otros. La informaci\u00f3n personal que usted elija brindarnos permite que Phileda Automatic Control Valve procese y cumpla con su solicitud de una prueba gratuita del Centro de capacitaci\u00f3n sobre v\u00e1lvulas de control autom\u00e1tico de Phileda. Tambi\u00e9n utilizamos esa informaci\u00f3n si decide solicitar nuestros productos y servicios para procesar y completar su pedido y notificarle el estado de su pedido.<br \/>1. Utilizamos la informaci\u00f3n personal que usted nos proporciona para brindarle informaci\u00f3n actualizada sobre los productos y servicios de la v\u00e1lvula de control autom\u00e1tico Phileda.<br \/>2. Podemos utilizar la informaci\u00f3n que recopilamos para notificarle de vez en cuando sobre cambios importantes en la funcionalidad del sitio web, nuevos servicios y productos de v\u00e1lvula de control autom\u00e1tico Phileda y ofertas especiales que creemos que le resultar\u00e1n valiosas.<br \/>3. Cuando nos proporciona informaci\u00f3n personal para participar en un concurso o promoci\u00f3n patrocinada por Phileda Automatic Control Valve o sus socios, utilizamos esta informaci\u00f3n para administrar el concurso y notificar a los ganadores. Almacenamos toda la informaci\u00f3n relacionada con dichos concursos y promociones.<br \/>4. Entregaremos anuncios o promociones espec\u00edficas a nuestros clientes utilizando la informaci\u00f3n personal que usted nos proporcione. No permitimos que los anunciantes tengan acceso a informaci\u00f3n de cuentas individuales. Estos anuncios suelen ser anuncios publicitarios y correos electr\u00f3nicos promocionales.<br \/>5. Tambi\u00e9n investigamos la demograf\u00eda, los intereses y el comportamiento de nuestros usuarios en funci\u00f3n de la informaci\u00f3n que nos brinda en nuestra herramienta de encuestas en l\u00ednea. Recopilamos y analizamos esta informaci\u00f3n de forma agregada o an\u00f3nima.<br \/>6. Utilizamos las direcciones IP que recopilamos para informar informaci\u00f3n agregada o an\u00f3nima a nuestros anunciantes.\u00a0<\/p>\n<h5><strong><b>\u00bfQUI\u00c9N RECOPILA INFORMACI\u00d3N?<\/b><\/strong><\/h5>\n<p>Cuando proporciona informaci\u00f3n personal en un sitio de Phileda Automatic Control Valve, comparte esa informaci\u00f3n solo con Phileda Automatic Control Valve a menos que se le indique espec\u00edficamente lo contrario. Si una empresa distinta de Phileda Automatic Control Valve recopila o mantiene sus datos personales desde nuestro sitio web, se le informar\u00e1 antes de que se recopilen o transfieran. Siempre puede optar por no compartir la informaci\u00f3n. Cuando empresas distintas a las promociones de patrocinadores de Phileda Automatic Control Valve, los datos recopilados en el sitio de Phileda Automatic Control Valve en relaci\u00f3n con estas promociones pueden compartirse con el patrocinador. Una vez m\u00e1s, si este es el caso, se le notificar\u00e1 antes de que se recopilen o transfieran los datos y podr\u00e1 decidir no participar. La mayor\u00eda de estas promociones se limitan a residentes de Estados Unidos o Am\u00e9rica del Norte. Si abandona nuestro sitio web mediante enlaces para ir a sitios web de otros terceros, esos terceros pueden recopilar informaci\u00f3n sobre usted. Esta pol\u00edtica de privacidad no cubre las pr\u00e1cticas de esos negocios.<\/p>\n<h5><strong><b>HACE <\/b><\/strong><strong><b>V\u00e1lvula de control autom\u00e1tico Phileda<\/b><\/strong><strong><b>\u00a0\u00bfCOMPARTIR MI INFORMACI\u00d3N?<\/b><\/strong><\/h5>\n<p>Aparte de lo establecido en esta pol\u00edtica, Phileda Automatic Control Valve no divulga ninguna de sus informaciones personales a terceros sin su permiso. Lea las siguientes secciones para obtener m\u00e1s informaci\u00f3n.<\/p>\n<p>OTRAS SITUACIONES<\/p>\n<p>Phileda Automatic Control Valve tambi\u00e9n puede divulgar su informaci\u00f3n cuando sea necesaria para identificar, contactar o entablar acciones legales contra alguien que pueda estar causando da\u00f1o o interferencia con nuestros derechos o derechos de propiedad, los derechos de los usuarios u otros derechos. De la misma manera, Phileda Automatic Control Valve divulgar\u00e1 informaci\u00f3n cuando creamos razonablemente que la divulgaci\u00f3n es requerida por ley o para cumplir con un proceso legal realizado en Phileda Automatic Control Valve o su sitio web. Podemos divulgar su informaci\u00f3n personal de buena fe creyendo que debemos actuar bajo circunstancias extremas para proteger la seguridad personal de los usuarios de Phileda Automatic Control Valve, su sitio web o el p\u00fablico.<\/p>\n<h5>\u00bfC\u00d3MO PROTEGE LA v\u00e1lvula de control autom\u00e1tico Phileda SU TARJETA DE CR\u00c9DITO E INFORMACI\u00d3N FINANCIERA?<\/h5>\n<p>Estamos comprometidos a proteger la privacidad de la informaci\u00f3n de su tarjeta de cr\u00e9dito y cuenta financiera. No vendemos, comercializamos ni alquilamos la informaci\u00f3n financiera o de su tarjeta de cr\u00e9dito. No ponemos esta informaci\u00f3n a disposici\u00f3n de nadie sin su permiso. Podemos proporcionar datos estad\u00edsticos sobre nuestros clientes a anunciantes, socios, proveedores y otros terceros acreditados. Estos datos se componen \u00fanicamente de datos agregados o an\u00f3nimos, que no contienen ninguna informaci\u00f3n de identificaci\u00f3n personal. Por ejemplo, no revelaremos que compr\u00f3 un producto espec\u00edfico, pero s\u00ed podemos revelar estad\u00edsticas sobre cu\u00e1ntos clientes han comprado un producto espec\u00edfico. Cuando ingresa informaci\u00f3n de tarjeta de cr\u00e9dito en nuestro sitio web, transmitimos la informaci\u00f3n en formato cifrado, utilizando cifrado de capa de socket segura (SSL) est\u00e1ndar de la industria.<\/p>\n<h5><strong><b>SUS DERECHOS RELACIONADOS CON SUS DATOS PERSONALES<\/b><\/strong><\/h5>\n<h5><strong><b>Tiene derecho, seg\u00fan esta Pol\u00edtica de Privacidad y Cookies, y por ley si se encuentra dentro de la UE, a:<\/b><\/strong><\/h5>\n<p>-Solicite acceso a sus Datos Personales. Si se encuentra dentro de la UE, esto le permitir\u00e1 recibir una copia de los Datos personales que tenemos sobre usted y comprobar que los estamos procesando legalmente.<br \/>-Solicite la correcci\u00f3n de los Datos personales que tenemos sobre usted. Esto le permite corregir cualquier informaci\u00f3n incompleta o inexacta que tengamos sobre usted.<br \/>-Solicite la eliminaci\u00f3n de sus Datos personales. Esto le permite solicitarnos que eliminemos o eliminemos Datos personales cuando no haya una buena raz\u00f3n para continuar proces\u00e1ndolos. Tambi\u00e9n tiene derecho, si se encuentra dentro de la UE, a solicitarnos que eliminemos o eliminemos sus Datos personales cuando haya ejercido su derecho a oponerse al procesamiento (ver m\u00e1s abajo).<br \/>-Objeto al procesamiento de sus Datos personales. Este derecho existe cuando confiamos en un inter\u00e9s leg\u00edtimo como base legal para nuestro procesamiento y hay algo en su situaci\u00f3n particular que le hace querer oponerse al procesamiento de sus Datos personales por este motivo. Tambi\u00e9n tiene derecho a oponerse cuando procesamos sus Datos personales con fines de marketing directo.<br \/>-Solicite la restricci\u00f3n del procesamiento de sus Datos personales. Esto le permite solicitarnos que suspendamos el procesamiento de Datos personales sobre usted, por ejemplo si desea que establezcamos su exactitud o el motivo del procesamiento.<br \/>-Solicite la transferencia de sus Datos Personales. Si se encuentra dentro de la UE, le proporcionaremos a usted, o a un tercero que haya elegido, sus Datos personales en un formato estructurado, de uso com\u00fan y legible por m\u00e1quina. Tenga en cuenta que este derecho solo se aplica a la informaci\u00f3n automatizada que inicialmente nos dio su consentimiento para usar o donde utilizamos la informaci\u00f3n para ejecutar un contrato con usted.<br \/>-Retirar consentimiento. Este derecho solo existe cuando confiamos en el consentimiento para procesar sus Datos personales (\u201cRetiro de consentimiento\u201d). Si retira su consentimiento, es posible que no podamos brindarle acceso a ciertas funcionalidades espec\u00edficas de nuestro Sitio. Le informaremos si este es el caso en el momento en que retire su consentimiento<\/p>\n<h5><strong><b>QUEJAS<\/b><\/strong><\/h5>\n<p>Si desea presentar una queja sobre esta Pol\u00edtica de Privacidad o nuestras pr\u00e1cticas en relaci\u00f3n con sus Datos Personales, cont\u00e1ctenos en: <span style=\"color: #0c6bc7;\"><a style=\"color: #0c6bc7; text-decoration: underline;\" href=\"mailto:\">A dotar...<\/a><\/span><\/p>\n<p>Responderemos a su queja tan pronto como podamos.<\/p>\n<p>Si cree que su queja no se ha resuelto adecuadamente, tenga en cuenta que si se encuentra en la UE, el RGPD le otorga derecho a comunicarse con su autoridad supervisora local de protecci\u00f3n de datos.<\/p>\n<p>Archivos de registro: su navegador informa autom\u00e1ticamente la informaci\u00f3n del archivo de registro cada vez que accede a una p\u00e1gina web. Cuando utiliza los Servicios, nuestros servidores registran autom\u00e1ticamente cierta informaci\u00f3n que env\u00eda su navegador web cada vez que visita cualquier sitio web. Estos registros del servidor pueden incluir informaci\u00f3n como su solicitud web, direcci\u00f3n de protocolo de Internet, tipo de navegador, p\u00e1ginas de referencia\/salida y URL, n\u00famero de clics, nombres de dominio, p\u00e1ginas de destino, p\u00e1ginas vistas y otra informaci\u00f3n similar.<\/p>\n<h5><strong><b>CU\u00c1NTO TIEMPO ALMACENAMOS SUS DATOS PERSONALES<\/b><\/strong><\/h5>\n<p>Conservaremos su informaci\u00f3n mientras su cuenta est\u00e9 activa o sea razonablemente necesaria para los fines establecidos en C\u00f3mo utilizamos sus datos personales y por qu\u00e9, a menos que solicite que eliminemos sus datos personales como se describe en Sus derechos relacionados con su datos personales. Solo conservaremos sus datos personales durante el tiempo que necesitemos razonablemente utilizarlos para estos fines, a menos que la ley exija un per\u00edodo de retenci\u00f3n m\u00e1s largo (por ejemplo, con fines regulatorios). Esto puede incluir conservar sus datos personales despu\u00e9s de que haya desactivado su cuenta durante el per\u00edodo de tiempo necesario para que podamos perseguir intereses comerciales leg\u00edtimos, realizar auditor\u00edas, cumplir (y demostrar el cumplimiento) de obligaciones legales, resolver disputas y hacer cumplir nuestros acuerdos.<\/p>\n<h5><strong><b>\u00bfqu\u00e9 son las cookies y c\u00f3mo funcionan\u00a0<\/b><\/strong><strong><b>V\u00e1lvula de control autom\u00e1tico Phileda<\/b><\/strong><strong><b>\u00a0\u00bfusarlos?<\/b><\/strong><\/h5>\n<p>Partes de nuestro sistema de gesti\u00f3n del aprendizaje utilizan \u201ccookies\u201d para que pueda reconocer inmediatamente a un usuario y luego atribuir diferentes permisos asociados con la funcionalidad del sistema. Una \u201ccookie\u201d es un fragmento de datos que se env\u00eda a su navegador desde un servidor web y que su navegador almacena en el disco duro de su computadora. La configuraci\u00f3n de su navegador debe configurarse para aceptar cookies antes de poder iniciar sesi\u00f3n o personalizarlas. La mayor\u00eda de los navegadores est\u00e1n configurados para aceptar cookies, pero normalmente puede cambiar la configuraci\u00f3n de su navegador para rechazarlas. Phileda Automatic Control Valve no utiliza cookies para recuperar informaci\u00f3n personal sobre usted desde su computadora. Esta pol\u00edtica no cubre el uso de cookies por parte de ning\u00fan anunciante en nuestro sitio web. Phileda Automatic Control Valve utiliza cookies para:<\/p>\n<p>Localice su nombre e informaci\u00f3n de cuenta cuando inicie sesi\u00f3n en su Centro de capacitaci\u00f3n de v\u00e1lvulas de control autom\u00e1tico de Phileda para que pueda acceder a la informaci\u00f3n de su cuenta. Cuando inicia sesi\u00f3n, se establece la cookie y cuando cierra sesi\u00f3n, se modifica la cookie.<\/p>\n<p>Estima el tama\u00f1o de nuestra audiencia. Cada navegador que visita nuestro sitio recibe una cookie \u00fanica, que luego se utiliza para determinar el alcance de las visitas repetidas y el n\u00famero de visitantes \u00fanicos.<\/p>\n<h5><strong><b>Tu consentimiento<\/b><\/strong><\/h5>\n<p>Al utilizar nuestro sitio web, usted acepta la recopilaci\u00f3n y el uso de esta informaci\u00f3n por parte de Phileda Automatic Control Valve. Si decidimos cambiar nuestra pol\u00edtica de privacidad, publicaremos esos cambios en esta p\u00e1gina para que siempre est\u00e9 al tanto de qu\u00e9 informaci\u00f3n recopilamos, c\u00f3mo la usamos y bajo qu\u00e9 circunstancias la divulgamos.<\/p>\n<h5><strong><b>Pol\u00edtica de suscripci\u00f3n\/exclusi\u00f3n voluntaria<\/b><\/strong><\/h5>\n<p>Tras el registro o env\u00edo de informaci\u00f3n personal, Phileda Automatic Control Valve le ofrece la opci\u00f3n de recibir m\u00e1s comunicaciones de Phileda Automatic Control Valve. Si elige recibir estas comunicaciones, Phileda Automatic Control Valve ocasionalmente le enviar\u00e1 correos electr\u00f3nicos o correo postal sobre productos y servicios que consideremos que pueden ser de su inter\u00e9s. Para no recibir estas ofertas, simplemente siga las instrucciones de \u201ccancelar suscripci\u00f3n\u201d incluidas en cada correo electr\u00f3nico.<\/p>\n<p>Si prefiere dejar de recibir informaci\u00f3n de Phileda Automatic Control Valve v\u00eda correo electr\u00f3nico, puede optar por no recibir estas comunicaciones siguiendo las instrucciones incluidas en cada correo electr\u00f3nico. Si prefiere dejar de recibir informaci\u00f3n de Phileda Automatic Control Valve por correo postal, cont\u00e1ctenos en\u00a0 <span style=\"color: #0c6bc7;\"><a style=\"color: #0c6bc7;\" href=\"mailto:\">A dotar...<\/a><\/span><br \/>\u00a0Phileda Automatic Control Valve no vende, comercializa ni alquila su informaci\u00f3n personal a otros.<\/p>\n<h5><strong><b>Contactando con el sitio web<\/b><\/strong><\/h5>\n<p>Si tiene alguna pregunta sobre esta pol\u00edtica de privacidad, las pr\u00e1cticas de este sitio o sus relaciones con este sitio web, comun\u00edquese con: <span style=\"color: #0c6bc7;\"><a style=\"color: #0c6bc7;\" href=\"mailto:\">A dotar...<\/a><\/span><\/p>\t\t\t\t\t\t\t\t<\/div>\n\t\t\t\t\t<\/div>\n\t\t\t\t<\/div>\n\t\t\t\t<\/div>","protected":false},"excerpt":{"rendered":"<p>Privacy Policy Home Privacy Policy Privacy Policy Phileda Automatic Control Valve Group Co., Ltd.\u00a0is committed to protecting your privacy and earning your trust. \u201cPhileda Automatic Control Valve\u00a0does not sell, trade, or rent your personal information to others. This policy discloses the privacy practices for the \u201cPhileda Automatic Control Valve\u00a0Web site. We use the information we [&hellip;]<\/p>\n","protected":false},"author":1,"featured_media":0,"parent":0,"menu_order":0,"comment_status":"closed","ping_status":"open","template":"","meta":{"footnotes":""},"class_list":["post-3","page","type-page","status-publish","hentry"],"_links":{"self":[{"href":"https:\/\/fldvalve.com\/es\/wp-json\/wp\/v2\/pages\/3","targetHints":{"allow":["GET"]}}],"collection":[{"href":"https:\/\/fldvalve.com\/es\/wp-json\/wp\/v2\/pages"}],"about":[{"href":"https:\/\/fldvalve.com\/es\/wp-json\/wp\/v2\/types\/page"}],"author":[{"embeddable":true,"href":"https:\/\/fldvalve.com\/es\/wp-json\/wp\/v2\/users\/1"}],"replies":[{"embeddable":true,"href":"https:\/\/fldvalve.com\/es\/wp-json\/wp\/v2\/comments?post=3"}],"version-history":[{"count":0,"href":"https:\/\/fldvalve.com\/es\/wp-json\/wp\/v2\/pages\/3\/revisions"}],"wp:attachment":[{"href":"https:\/\/fldvalve.com\/es\/wp-json\/wp\/v2\/media?parent=3"}],"curies":[{"name":"wp","href":"https:\/\/api.w.org\/{rel}","templated":true}]}}