{"id":779,"date":"2026-01-08T05:05:09","date_gmt":"2026-01-08T05:05:09","guid":{"rendered":"https:\/\/fldvalve.com\/?page_id=779"},"modified":"2026-01-08T05:17:39","modified_gmt":"2026-01-08T05:17:39","slug":"shipping-policy","status":"publish","type":"page","link":"https:\/\/fldvalve.com\/es\/shipping-policy\/","title":{"rendered":"Pol\u00edtica de env\u00edos"},"content":{"rendered":"<style>.elementor-779 .elementor-element.elementor-element-6427996{--display:flex;--min-height:400px;--flex-direction:column;--container-widget-width:100%;--container-widget-height:initial;--container-widget-flex-grow:0;--container-widget-align-self:initial;--flex-wrap-mobile:wrap;--justify-content:center;--overlay-opacity:1;--padding-top:0px;--padding-bottom:0px;--padding-left:0px;--padding-right:0px;}.elementor-779 .elementor-element.elementor-element-6427996:not(.elementor-motion-effects-element-type-background), .elementor-779 .elementor-element.elementor-element-6427996 > .elementor-motion-effects-container > .elementor-motion-effects-layer{background-image:url(\"https:\/\/fldvalve.com\/wp-content\/uploads\/2026\/01\/cp2-banner-1.jpg\");background-position:center center;background-repeat:no-repeat;background-size:cover;}.elementor-779 .elementor-element.elementor-element-6427996::before, .elementor-779 .elementor-element.elementor-element-6427996 > .elementor-background-video-container::before, .elementor-779 .elementor-element.elementor-element-6427996 > .e-con-inner > .elementor-background-video-container::before, .elementor-779 .elementor-element.elementor-element-6427996 > .elementor-background-slideshow::before, .elementor-779 .elementor-element.elementor-element-6427996 > .e-con-inner > .elementor-background-slideshow::before, .elementor-779 .elementor-element.elementor-element-6427996 > .elementor-motion-effects-container > .elementor-motion-effects-layer::before{--background-overlay:'';background-color:transparent;background-image:linear-gradient(284deg, #03122375 0%, #001D3E 100%);}.elementor-779 .elementor-element.elementor-element-b4c16d9 .elementor-icon-list-items:not(.elementor-inline-items) .elementor-icon-list-item:not(:last-child){padding-block-end:calc(10px\/2);}.elementor-779 .elementor-element.elementor-element-b4c16d9 .elementor-icon-list-items:not(.elementor-inline-items) .elementor-icon-list-item:not(:first-child){margin-block-start:calc(10px\/2);}.elementor-779 .elementor-element.elementor-element-b4c16d9 .elementor-icon-list-items.elementor-inline-items .elementor-icon-list-item{margin-inline:calc(10px\/2);}.elementor-779 .elementor-element.elementor-element-b4c16d9 .elementor-icon-list-items.elementor-inline-items{margin-inline:calc(-10px\/2);}.elementor-779 .elementor-element.elementor-element-b4c16d9 .elementor-icon-list-items.elementor-inline-items .elementor-icon-list-item:after{inset-inline-end:calc(-10px\/2);}.elementor-779 .elementor-element.elementor-element-b4c16d9 .elementor-icon-list-icon i{color:#3C95FF;transition:color 0.3s;}.elementor-779 .elementor-element.elementor-element-b4c16d9 .elementor-icon-list-icon svg{fill:#3C95FF;transition:fill 0.3s;}.elementor-779 .elementor-element.elementor-element-b4c16d9{--e-icon-list-icon-size:14px;--icon-vertical-offset:0px;}.elementor-779 .elementor-element.elementor-element-b4c16d9 .elementor-icon-list-text{color:var( --e-global-color-accent );transition:color 0.3s;}.elementor-779 .elementor-element.elementor-element-3987546{--display:flex;--flex-direction:column;--container-widget-width:100%;--container-widget-height:initial;--container-widget-flex-grow:0;--container-widget-align-self:initial;--flex-wrap-mobile:wrap;--margin-top:80px;--margin-bottom:100px;--margin-left:0px;--margin-right:0px;--padding-top:0px;--padding-bottom:0px;--padding-left:0px;--padding-right:0px;}:root{--page-title-display:none;}@media(max-width:1024px){.elementor-779 .elementor-element.elementor-element-6427996{--min-height:400px;--flex-direction:column;--container-widget-width:calc( ( 1 - var( --container-widget-flex-grow ) ) * 100% );--container-widget-height:initial;--container-widget-flex-grow:0;--container-widget-align-self:initial;--flex-wrap-mobile:wrap;--justify-content:center;--align-items:flex-start;--gap:30px 30px;--row-gap:30px;--column-gap:30px;--padding-top:0px;--padding-bottom:0px;--padding-left:25px;--padding-right:25px;}.elementor-779 .elementor-element.elementor-element-3987546{--margin-top:50px;--margin-bottom:50px;--margin-left:0px;--margin-right:0px;--padding-top:0px;--padding-bottom:0px;--padding-left:25px;--padding-right:25px;}}@media(max-width:767px){.elementor-779 .elementor-element.elementor-element-6427996{--min-height:300px;--padding-top:0px;--padding-bottom:0px;--padding-left:15px;--padding-right:15px;}.elementor-779 .elementor-element.elementor-element-3987546{--margin-top:40px;--margin-bottom:40px;--margin-left:0px;--margin-right:0px;--padding-top:0px;--padding-bottom:0px;--padding-left:15px;--padding-right:15px;}}\/* Start custom CSS for icon-list, class: .elementor-element-b4c16d9 *\/\/* Elementor Icon List \u672a\u9009\u4e2d\uff08\u975e hover\uff09\u72b6\u6001\u4e0b\u5b57\u4f53\u4e3a\u767d\u8272 *\/\r\n.elementor-icon-list-item,\r\n.elementor-icon-list-item a,\r\n.elementor-my-icon-list-text {\r\n    color: #ffffff !important;\r\n}\/* End custom CSS *\/<\/style>\t\t<div data-elementor-type=\"wp-page\" data-elementor-id=\"779\" class=\"elementor elementor-779\" data-elementor-post-type=\"page\">\n\t\t\t\t<div class=\"elementor-element elementor-element-6427996 e-flex e-con-boxed e-con e-parent\" data-id=\"6427996\" data-element_type=\"container\" data-e-type=\"container\" data-settings=\"{&quot;background_background&quot;:&quot;classic&quot;}\">\n\t\t\t\t\t<div class=\"e-con-inner\">\n\t\t\t\t<div class=\"elementor-element elementor-element-1d0c10b elementor-widget elementor-widget-heading\" data-id=\"1d0c10b\" data-element_type=\"widget\" data-e-type=\"widget\" data-widget_type=\"heading.default\">\n\t\t\t\t\t<h1 class=\"elementor-heading-title elementor-size-default\">Pol\u00edtica de env\u00edos<\/h1>\t\t\t\t<\/div>\n\t\t\t\t<div class=\"elementor-element elementor-element-b4c16d9 elementor-icon-list--layout-inline elementor-list-item-link-full_width elementor-widget elementor-widget-icon-list\" data-id=\"b4c16d9\" data-element_type=\"widget\" data-e-type=\"widget\" data-widget_type=\"icon-list.default\">\n\t\t\t\t\t\t\t<ul class=\"elementor-icon-list-items elementor-inline-items\">\n\t\t\t\t\t\t\t<li class=\"elementor-icon-list-item elementor-inline-item\">\n\t\t\t\t\t\t\t\t\t\t\t<a href=\"https:\/\/fldvalve.com\/es\">\n\n\t\t\t\t\t\t\t\t\t\t\t\t<span class=\"elementor-icon-list-icon\">\n\t\t\t\t\t\t\t<svg aria-hidden=\"true\" class=\"e-font-icon-svg e-fas-home\" viewbox=\"0 0 576 512\" xmlns=\"http:\/\/www.w3.org\/2000\/svg\"><path d=\"M280.37 148.26L96 300.11V464a16 16 0 0 0 16 16l112.06-.29a16 16 0 0 0 15.92-16V368a16 16 0 0 1 16-16h64a16 16 0 0 1 16 16v95.64a16 16 0 0 0 16 16.05L464 480a16 16 0 0 0 16-16V300L295.67 148.26a12.19 12.19 0 0 0-15.3 0zM571.6 251.47L488 182.56V44.05a12 12 0 0 0-12-12h-56a12 12 0 0 0-12 12v72.61L318.47 43a48 48 0 0 0-61 0L4.34 251.47a12 12 0 0 0-1.6 16.9l25.5 31A12 12 0 0 0 45.15 301l235.22-193.74a12.19 12.19 0 0 1 15.3 0L530.9 301a12 12 0 0 0 16.9-1.6l25.5-31a12 12 0 0 0-1.7-16.93z\"><\/path><\/svg>\t\t\t\t\t\t<\/span>\n\t\t\t\t\t\t\t\t\t\t<span class=\"elementor-icon-list-text\">Hogar<\/span>\n\t\t\t\t\t\t\t\t\t\t\t<\/a>\n\t\t\t\t\t\t\t\t\t<\/li>\n\t\t\t\t\t\t\t\t<li class=\"elementor-icon-list-item elementor-inline-item\">\n\t\t\t\t\t\t\t\t\t\t\t<span class=\"elementor-icon-list-icon\">\n\t\t\t\t\t\t\t<svg aria-hidden=\"true\" class=\"e-font-icon-svg e-fas-caret-right\" viewbox=\"0 0 192 512\" xmlns=\"http:\/\/www.w3.org\/2000\/svg\"><path d=\"M0 384.662V127.338c0-17.818 21.543-26.741 34.142-14.142l128.662 128.662c7.81 7.81 7.81 20.474 0 28.284L34.142 398.804C21.543 411.404 0 402.48 0 384.662z\"><\/path><\/svg>\t\t\t\t\t\t<\/span>\n\t\t\t\t\t\t\t\t\t\t<span class=\"elementor-icon-list-text\">Pol\u00edtica de env\u00edos<\/span>\n\t\t\t\t\t\t\t\t\t<\/li>\n\t\t\t\t\t\t<\/ul>\n\t\t\t\t\t\t<\/div>\n\t\t\t\t\t<\/div>\n\t\t\t\t<\/div>\n\t\t<div class=\"elementor-element elementor-element-3987546 e-flex e-con-boxed e-con e-parent\" data-id=\"3987546\" data-element_type=\"container\" data-e-type=\"container\">\n\t\t\t\t\t<div class=\"e-con-inner\">\n\t\t\t\t<div class=\"elementor-element elementor-element-31ec6e7 elementor-widget elementor-widget-heading\" data-id=\"31ec6e7\" data-element_type=\"widget\" data-e-type=\"widget\" data-widget_type=\"heading.default\">\n\t\t\t\t\t<h2 class=\"elementor-heading-title elementor-size-default\">Pol\u00edtica de env\u00edos<\/h2>\t\t\t\t<\/div>\n\t\t\t\t<div class=\"elementor-element elementor-element-a6c9cd5 elementor-widget elementor-widget-text-editor\" data-id=\"a6c9cd5\" data-element_type=\"widget\" data-e-type=\"widget\" data-widget_type=\"text-editor.default\">\n\t\t\t\t\t\t\t\t\t<p>En\u00a0<span style=\"color: #000000;\"><strong><b>Grupo de v\u00e1lvulas de control autom\u00e1tico Phileda Co., Ltd.<\/b><\/strong><\/span><strong><b>\u00a0<\/b><\/strong>nos esforzamos por brindar entrega oportuna y eficiente de nuestros productos a nuestros clientes. Enviamos nuestros productos a clientes tanto a nivel nacional como internacional.<\/p><h5><strong><b>Env\u00edo nacional:<\/b><\/strong><\/h5><p>Enviamos nuestros productos dentro de China continental a trav\u00e9s de varios transportistas, seg\u00fan el producto y la ubicaci\u00f3n del cliente.<\/p><p>Los gastos de env\u00edo nacionales pueden variar seg\u00fan el peso y tama\u00f1o del producto, as\u00ed como el destino del env\u00edo.<\/p><p>El tiempo de entrega estimado para los env\u00edos nacionales suele ser de 3 a 7 d\u00edas h\u00e1biles, seg\u00fan el transportista y el destino del env\u00edo.<\/p><h5><strong><b>Env\u00edo internacional:<\/b><\/strong><\/h5><p>Enviamos nuestros productos a clientes internacionales a trav\u00e9s de varios transportistas, seg\u00fan el producto y la ubicaci\u00f3n del cliente.<\/p><p>Los gastos de env\u00edo internacional pueden variar seg\u00fan el peso y tama\u00f1o del producto, as\u00ed como el destino del env\u00edo.<\/p><p>El tiempo estimado de entrega de los env\u00edos internacionales var\u00eda seg\u00fan el transportista y el destino del env\u00edo. Los tiempos de entrega pueden verse afectados por aduanas y otros factores fuera de nuestro control.<\/p><p>Tenga en cuenta que no somos responsables de los derechos, impuestos o tarifas aduaneros que pueda imponer el pa\u00eds de destino. El cliente es responsable de dichas tarifas.<\/p><p>Si tiene alguna pregunta o inquietud sobre el env\u00edo, no dude en contactarnos en\u00a0<a href=\"mailto:\">Para ser proporcionado....<\/a><\/p><p>\u00a0<\/p>\t\t\t\t\t\t\t\t<\/div>\n\t\t\t\t\t<\/div>\n\t\t\t\t<\/div>\n\t\t\t\t<\/div>","protected":false},"excerpt":{"rendered":"<p>Shipping Policy Home Shipping Policy Shipping Policy At\u00a0Phileda Automatic Control Valve Group Co., Ltd.\u00a0we strive to provide timely and efficient delivery of our products to our customers. We ship our products to customers both domestically and internationally. Domestic Shipping: We ship our products within mainland China via various shipping carriers, depending on the product and [&hellip;]<\/p>\n","protected":false},"author":1,"featured_media":0,"parent":0,"menu_order":0,"comment_status":"closed","ping_status":"closed","template":"","meta":{"footnotes":""},"class_list":["post-779","page","type-page","status-publish","hentry"],"_links":{"self":[{"href":"https:\/\/fldvalve.com\/es\/wp-json\/wp\/v2\/pages\/779","targetHints":{"allow":["GET"]}}],"collection":[{"href":"https:\/\/fldvalve.com\/es\/wp-json\/wp\/v2\/pages"}],"about":[{"href":"https:\/\/fldvalve.com\/es\/wp-json\/wp\/v2\/types\/page"}],"author":[{"embeddable":true,"href":"https:\/\/fldvalve.com\/es\/wp-json\/wp\/v2\/users\/1"}],"replies":[{"embeddable":true,"href":"https:\/\/fldvalve.com\/es\/wp-json\/wp\/v2\/comments?post=779"}],"version-history":[{"count":0,"href":"https:\/\/fldvalve.com\/es\/wp-json\/wp\/v2\/pages\/779\/revisions"}],"wp:attachment":[{"href":"https:\/\/fldvalve.com\/es\/wp-json\/wp\/v2\/media?parent=779"}],"curies":[{"name":"wp","href":"https:\/\/api.w.org\/{rel}","templated":true}]}}