{"id":781,"date":"2026-01-08T05:05:39","date_gmt":"2026-01-08T05:05:39","guid":{"rendered":"https:\/\/fldvalve.com\/?page_id=781"},"modified":"2026-01-08T05:21:10","modified_gmt":"2026-01-08T05:21:10","slug":"refund-policy","status":"publish","type":"page","link":"https:\/\/fldvalve.com\/es\/refund-policy\/","title":{"rendered":"Pol\u00edtica de reembolso"},"content":{"rendered":"<style>.elementor-781 .elementor-element.elementor-element-38688f4{--display:flex;--min-height:400px;--flex-direction:column;--container-widget-width:100%;--container-widget-height:initial;--container-widget-flex-grow:0;--container-widget-align-self:initial;--flex-wrap-mobile:wrap;--justify-content:center;--overlay-opacity:1;--padding-top:0px;--padding-bottom:0px;--padding-left:0px;--padding-right:0px;}.elementor-781 .elementor-element.elementor-element-38688f4:not(.elementor-motion-effects-element-type-background), .elementor-781 .elementor-element.elementor-element-38688f4 > .elementor-motion-effects-container > .elementor-motion-effects-layer{background-image:url(\"https:\/\/fldvalve.com\/wp-content\/uploads\/2026\/01\/cp2-banner-1.jpg\");background-position:center center;background-repeat:no-repeat;background-size:cover;}.elementor-781 .elementor-element.elementor-element-38688f4::before, .elementor-781 .elementor-element.elementor-element-38688f4 > .elementor-background-video-container::before, .elementor-781 .elementor-element.elementor-element-38688f4 > .e-con-inner > .elementor-background-video-container::before, .elementor-781 .elementor-element.elementor-element-38688f4 > .elementor-background-slideshow::before, .elementor-781 .elementor-element.elementor-element-38688f4 > .e-con-inner > .elementor-background-slideshow::before, .elementor-781 .elementor-element.elementor-element-38688f4 > .elementor-motion-effects-container > .elementor-motion-effects-layer::before{--background-overlay:'';background-color:transparent;background-image:linear-gradient(284deg, #03122375 0%, #001D3E 100%);}.elementor-781 .elementor-element.elementor-element-2f1f761 .elementor-icon-list-items:not(.elementor-inline-items) .elementor-icon-list-item:not(:last-child){padding-block-end:calc(10px\/2);}.elementor-781 .elementor-element.elementor-element-2f1f761 .elementor-icon-list-items:not(.elementor-inline-items) .elementor-icon-list-item:not(:first-child){margin-block-start:calc(10px\/2);}.elementor-781 .elementor-element.elementor-element-2f1f761 .elementor-icon-list-items.elementor-inline-items .elementor-icon-list-item{margin-inline:calc(10px\/2);}.elementor-781 .elementor-element.elementor-element-2f1f761 .elementor-icon-list-items.elementor-inline-items{margin-inline:calc(-10px\/2);}.elementor-781 .elementor-element.elementor-element-2f1f761 .elementor-icon-list-items.elementor-inline-items .elementor-icon-list-item:after{inset-inline-end:calc(-10px\/2);}.elementor-781 .elementor-element.elementor-element-2f1f761 .elementor-icon-list-icon i{color:#3C95FF;transition:color 0.3s;}.elementor-781 .elementor-element.elementor-element-2f1f761 .elementor-icon-list-icon svg{fill:#3C95FF;transition:fill 0.3s;}.elementor-781 .elementor-element.elementor-element-2f1f761{--e-icon-list-icon-size:14px;--icon-vertical-offset:0px;}.elementor-781 .elementor-element.elementor-element-2f1f761 .elementor-icon-list-text{color:var( --e-global-color-accent );transition:color 0.3s;}.elementor-781 .elementor-element.elementor-element-d8789e7{--display:flex;--flex-direction:column;--container-widget-width:100%;--container-widget-height:initial;--container-widget-flex-grow:0;--container-widget-align-self:initial;--flex-wrap-mobile:wrap;--margin-top:80px;--margin-bottom:100px;--margin-left:0px;--margin-right:0px;--padding-top:0px;--padding-bottom:0px;--padding-left:0px;--padding-right:0px;}:root{--page-title-display:none;}@media(max-width:1024px){.elementor-781 .elementor-element.elementor-element-38688f4{--min-height:400px;--flex-direction:column;--container-widget-width:calc( ( 1 - var( --container-widget-flex-grow ) ) * 100% );--container-widget-height:initial;--container-widget-flex-grow:0;--container-widget-align-self:initial;--flex-wrap-mobile:wrap;--justify-content:center;--align-items:flex-start;--gap:30px 30px;--row-gap:30px;--column-gap:30px;--padding-top:0px;--padding-bottom:0px;--padding-left:25px;--padding-right:25px;}.elementor-781 .elementor-element.elementor-element-d8789e7{--margin-top:50px;--margin-bottom:50px;--margin-left:0px;--margin-right:0px;--padding-top:0px;--padding-bottom:0px;--padding-left:25px;--padding-right:25px;}}@media(max-width:767px){.elementor-781 .elementor-element.elementor-element-38688f4{--min-height:300px;--padding-top:0px;--padding-bottom:0px;--padding-left:15px;--padding-right:15px;}.elementor-781 .elementor-element.elementor-element-d8789e7{--margin-top:40px;--margin-bottom:40px;--margin-left:0px;--margin-right:0px;--padding-top:0px;--padding-bottom:0px;--padding-left:15px;--padding-right:15px;}}\/* Start custom CSS for icon-list, class: .elementor-element-2f1f761 *\/\/* Elementor Icon List \u672a\u9009\u4e2d\uff08\u975e hover\uff09\u72b6\u6001\u4e0b\u5b57\u4f53\u4e3a\u767d\u8272 *\/\r\n.elementor-icon-list-item,\r\n.elementor-icon-list-item a,\r\n.elementor-my-icon-list-text {\r\n    color: #ffffff !important;\r\n}\/* End custom CSS *\/<\/style>\t\t<div data-elementor-type=\"wp-page\" data-elementor-id=\"781\" class=\"elementor elementor-781\" data-elementor-post-type=\"page\">\n\t\t\t\t<div class=\"elementor-element elementor-element-38688f4 e-flex e-con-boxed e-con e-parent\" data-id=\"38688f4\" data-element_type=\"container\" data-e-type=\"container\" data-settings=\"{&quot;background_background&quot;:&quot;classic&quot;}\">\n\t\t\t\t\t<div class=\"e-con-inner\">\n\t\t\t\t<div class=\"elementor-element elementor-element-1fc38a7 elementor-widget elementor-widget-heading\" data-id=\"1fc38a7\" data-element_type=\"widget\" data-e-type=\"widget\" data-widget_type=\"heading.default\">\n\t\t\t\t\t<h1 class=\"elementor-heading-title elementor-size-default\">Pol\u00edtica de reembolso<\/h1>\t\t\t\t<\/div>\n\t\t\t\t<div class=\"elementor-element elementor-element-2f1f761 elementor-icon-list--layout-inline elementor-list-item-link-full_width elementor-widget elementor-widget-icon-list\" data-id=\"2f1f761\" data-element_type=\"widget\" data-e-type=\"widget\" data-widget_type=\"icon-list.default\">\n\t\t\t\t\t\t\t<ul class=\"elementor-icon-list-items elementor-inline-items\">\n\t\t\t\t\t\t\t<li class=\"elementor-icon-list-item elementor-inline-item\">\n\t\t\t\t\t\t\t\t\t\t\t<a href=\"https:\/\/fldvalve.com\/es\">\n\n\t\t\t\t\t\t\t\t\t\t\t\t<span class=\"elementor-icon-list-icon\">\n\t\t\t\t\t\t\t<svg aria-hidden=\"true\" class=\"e-font-icon-svg e-fas-home\" viewbox=\"0 0 576 512\" xmlns=\"http:\/\/www.w3.org\/2000\/svg\"><path d=\"M280.37 148.26L96 300.11V464a16 16 0 0 0 16 16l112.06-.29a16 16 0 0 0 15.92-16V368a16 16 0 0 1 16-16h64a16 16 0 0 1 16 16v95.64a16 16 0 0 0 16 16.05L464 480a16 16 0 0 0 16-16V300L295.67 148.26a12.19 12.19 0 0 0-15.3 0zM571.6 251.47L488 182.56V44.05a12 12 0 0 0-12-12h-56a12 12 0 0 0-12 12v72.61L318.47 43a48 48 0 0 0-61 0L4.34 251.47a12 12 0 0 0-1.6 16.9l25.5 31A12 12 0 0 0 45.15 301l235.22-193.74a12.19 12.19 0 0 1 15.3 0L530.9 301a12 12 0 0 0 16.9-1.6l25.5-31a12 12 0 0 0-1.7-16.93z\"><\/path><\/svg>\t\t\t\t\t\t<\/span>\n\t\t\t\t\t\t\t\t\t\t<span class=\"elementor-icon-list-text\">Hogar<\/span>\n\t\t\t\t\t\t\t\t\t\t\t<\/a>\n\t\t\t\t\t\t\t\t\t<\/li>\n\t\t\t\t\t\t\t\t<li class=\"elementor-icon-list-item elementor-inline-item\">\n\t\t\t\t\t\t\t\t\t\t\t<span class=\"elementor-icon-list-icon\">\n\t\t\t\t\t\t\t<svg aria-hidden=\"true\" class=\"e-font-icon-svg e-fas-caret-right\" viewbox=\"0 0 192 512\" xmlns=\"http:\/\/www.w3.org\/2000\/svg\"><path d=\"M0 384.662V127.338c0-17.818 21.543-26.741 34.142-14.142l128.662 128.662c7.81 7.81 7.81 20.474 0 28.284L34.142 398.804C21.543 411.404 0 402.48 0 384.662z\"><\/path><\/svg>\t\t\t\t\t\t<\/span>\n\t\t\t\t\t\t\t\t\t\t<span class=\"elementor-icon-list-text\">Pol\u00edtica de reembolso<\/span>\n\t\t\t\t\t\t\t\t\t<\/li>\n\t\t\t\t\t\t<\/ul>\n\t\t\t\t\t\t<\/div>\n\t\t\t\t\t<\/div>\n\t\t\t\t<\/div>\n\t\t<div class=\"elementor-element elementor-element-d8789e7 e-flex e-con-boxed e-con e-parent\" data-id=\"d8789e7\" data-element_type=\"container\" data-e-type=\"container\">\n\t\t\t\t\t<div class=\"e-con-inner\">\n\t\t\t\t<div class=\"elementor-element elementor-element-2b54486 elementor-widget elementor-widget-heading\" data-id=\"2b54486\" data-element_type=\"widget\" data-e-type=\"widget\" data-widget_type=\"heading.default\">\n\t\t\t\t\t<h2 class=\"elementor-heading-title elementor-size-default\">Pol\u00edtica de reembolso<\/h2>\t\t\t\t<\/div>\n\t\t\t\t<div class=\"elementor-element elementor-element-a861e0b elementor-widget elementor-widget-text-editor\" data-id=\"a861e0b\" data-element_type=\"widget\" data-e-type=\"widget\" data-widget_type=\"text-editor.default\">\n\t\t\t\t\t\t\t\t\t<p>En\u00a0<span style=\"color: #000000;\"><strong><b>Grupo de v\u00e1lvulas de control autom\u00e1tico Phileda Co., Ltd.<\/b><\/strong><\/span>, nos esforzamos por ofrecer productos de alta calidad y un excelente servicio al cliente. Entendemos que en ocasiones un producto puede no cumplir con sus expectativas. En tal caso, ofrecemos una pol\u00edtica de reembolso que le permite devolver el producto dentro de un per\u00edodo de tiempo determinado a partir de la fecha de compra.<\/p><p>Tenga en cuenta que no podemos hacer promesas ni garant\u00edas sobre el resultado de ning\u00fan producto que ofrecemos. Nos esforzamos por ofrecer productos de alta calidad, pero el \u00e9xito de cualquier producto depende de varios factores que est\u00e1n fuera de nuestro control. Por lo tanto, no podemos ofrecer reembolsos basados en el resultado de ning\u00fan producto.<\/p><h4><strong><b>Nuestra pol\u00edtica de reembolso es la siguiente:<\/b><\/strong><\/h4><p>Si no est\u00e1 satisfecho con el producto, puede ser elegible para una devoluci\u00f3n.<\/p><p>Para iniciar una devoluci\u00f3n, cont\u00e1ctenos en\u00a0<a href=\"mailto:lumiyanghua@gmail.com\">A dotar...<\/a>.<\/p><p>El producto debe estar en su embalaje original y en nuevas condiciones para poder ser devuelto.<\/p><p>Los gastos de env\u00edo y manipulaci\u00f3n no son reembolsables.<\/p><p>Una vez que recibamos el producto, lo evaluaremos y determinaremos si una devoluci\u00f3n es adecuada.<\/p><p>Tenga en cuenta que nos reservamos el derecho de rechazar una devoluci\u00f3n si el producto no cumple con nuestros criterios de pol\u00edtica de devoluci\u00f3n.<\/p><p>Si tiene alguna pregunta o inquietud sobre nuestra pol\u00edtica de reembolso, no dude en contactarnos en\u00a0<a href=\"mailto:\">Para ser proporcionado....<\/a><\/p>\t\t\t\t\t\t\t\t<\/div>\n\t\t\t\t\t<\/div>\n\t\t\t\t<\/div>\n\t\t\t\t<\/div>","protected":false},"excerpt":{"rendered":"<p>Refund Policy Home Refund Policy Refund Policy At\u00a0Phileda Automatic Control Valve Group Co., Ltd., we strive to provide high-quality products and excellent customer service. We understand that sometimes a product may not meet your expectations. In such an event, we offer a refund policy that allows you to return the product within a certain period [&hellip;]<\/p>\n","protected":false},"author":1,"featured_media":0,"parent":0,"menu_order":0,"comment_status":"closed","ping_status":"closed","template":"","meta":{"footnotes":""},"class_list":["post-781","page","type-page","status-publish","hentry"],"_links":{"self":[{"href":"https:\/\/fldvalve.com\/es\/wp-json\/wp\/v2\/pages\/781","targetHints":{"allow":["GET"]}}],"collection":[{"href":"https:\/\/fldvalve.com\/es\/wp-json\/wp\/v2\/pages"}],"about":[{"href":"https:\/\/fldvalve.com\/es\/wp-json\/wp\/v2\/types\/page"}],"author":[{"embeddable":true,"href":"https:\/\/fldvalve.com\/es\/wp-json\/wp\/v2\/users\/1"}],"replies":[{"embeddable":true,"href":"https:\/\/fldvalve.com\/es\/wp-json\/wp\/v2\/comments?post=781"}],"version-history":[{"count":0,"href":"https:\/\/fldvalve.com\/es\/wp-json\/wp\/v2\/pages\/781\/revisions"}],"wp:attachment":[{"href":"https:\/\/fldvalve.com\/es\/wp-json\/wp\/v2\/media?parent=781"}],"curies":[{"name":"wp","href":"https:\/\/api.w.org\/{rel}","templated":true}]}}