{"id":239,"date":"2026-01-05T05:37:22","date_gmt":"2026-01-05T05:37:22","guid":{"rendered":"https:\/\/fldvalve.com\/?post_type=product&#038;p=239"},"modified":"2026-02-05T08:08:05","modified_gmt":"2026-02-05T08:08:05","slug":"electric-ultra-high-pressure-control-valve","status":"publish","type":"product","link":"https:\/\/fldvalve.com\/es\/product\/electric-ultra-high-pressure-control-valve\/","title":{"rendered":"V\u00e1lvula el\u00e9ctrica de control de presi\u00f3n ultraalta"},"content":{"rendered":"<h2>V\u00e1lvula el\u00e9ctrica de control de presi\u00f3n ultraalta<\/h2>\n<p>La v\u00e1lvula de control el\u00e9ctrica de presi\u00f3n ultraalta recibe se\u00f1ales de control a trav\u00e9s de un actuador el\u00e9ctrico, impulsando el n\u00facleo de la v\u00e1lvula a moverse y logrando as\u00ed un control estable y repetible de los medios de presi\u00f3n ultraalta. En comparaci\u00f3n con las soluciones manuales o neum\u00e1ticas, es m\u00e1s adecuado para operaci\u00f3n desatendida, control preciso y sistemas inteligentes.<\/p>\n<h3><strong>Caracteristici cheie:<\/strong><\/h3>\n<p>1. Capacidad de carga a presi\u00f3n ultraalta<br \/>\nLa presi\u00f3n de dise\u00f1o puede cubrir 60 MPa, 100 MPa y m\u00e1s, satisfaciendo las necesidades de condiciones de trabajo extremas.<br \/>\n2. Desempe\u00f1o de la regulaci\u00f3n de alta precisi\u00f3n<br \/>\nCaracter\u00edsticas de flujo lineal o porcentual igual, alta precisi\u00f3n de regulaci\u00f3n y buena repetibilidad.<br \/>\n3. Actuaci\u00f3n el\u00e9ctrica, compatible con la automatizaci\u00f3n<br \/>\nAdmite sistemas PLC\/DCS, lo que facilita el control remoto y la vinculaci\u00f3n de procesos.<br \/>\n4. Estructura de sellado altamente confiable<br \/>\nSello duro de metal o sello compuesto especial, adecuado para medios de alta presi\u00f3n, alta temperatura o alta erosi\u00f3n.<br \/>\n5. Alta seguridad<br \/>\nFunciones opcionales de protecci\u00f3n de l\u00edmites, protecci\u00f3n contra sobrecarga, retenci\u00f3n de apagado o reinicio de apagado.<\/p>\n<h3><strong>\u00c1reas de aplicaci\u00f3n:<\/strong><\/h3>\n<p>\u2022 Sistemas hidr\u00e1ulicos y de prueba de presi\u00f3n ultraalta<br \/>\n\u2022 Inyecci\u00f3n\/control de alta presi\u00f3n en petr\u00f3leo y gas<br \/>\n\u2022 Dispositivos de reacci\u00f3n de alta presi\u00f3n en las industrias qu\u00edmica y qu\u00edmica fina<br \/>\n\u2022 Plataformas experimentales de energ\u00eda e investigaci\u00f3n cient\u00edfica<br \/>\n\u2022 Fabricaci\u00f3n de equipos militares y de alta gama<\/p>","protected":false},"excerpt":{"rendered":"<p>La v\u00e1lvula de control el\u00e9ctrica de presi\u00f3n ultraalta recibe se\u00f1ales de control a trav\u00e9s de un actuador el\u00e9ctrico, impulsando el n\u00facleo de la v\u00e1lvula a moverse y logrando as\u00ed un control estable y repetible de los medios de presi\u00f3n ultraalta. En comparaci\u00f3n con las soluciones manuales o neum\u00e1ticas, es m\u00e1s adecuado para operaci\u00f3n desatendida, control preciso y sistemas inteligentes.<\/p>","protected":false},"featured_media":241,"comment_status":"open","ping_status":"closed","template":"","meta":[],"product_brand":[],"product_cat":[20],"product_tag":[],"class_list":{"0":"post-239","1":"product","2":"type-product","3":"status-publish","4":"has-post-thumbnail","6":"product_cat-electric-control-valve","8":"first","9":"instock","10":"shipping-taxable","11":"product-type-simple"},"_links":{"self":[{"href":"https:\/\/fldvalve.com\/es\/wp-json\/wp\/v2\/product\/239","targetHints":{"allow":["GET"]}}],"collection":[{"href":"https:\/\/fldvalve.com\/es\/wp-json\/wp\/v2\/product"}],"about":[{"href":"https:\/\/fldvalve.com\/es\/wp-json\/wp\/v2\/types\/product"}],"replies":[{"embeddable":true,"href":"https:\/\/fldvalve.com\/es\/wp-json\/wp\/v2\/comments?post=239"}],"wp:featuredmedia":[{"embeddable":true,"href":"https:\/\/fldvalve.com\/es\/wp-json\/wp\/v2\/media\/241"}],"wp:attachment":[{"href":"https:\/\/fldvalve.com\/es\/wp-json\/wp\/v2\/media?parent=239"}],"wp:term":[{"taxonomy":"product_brand","embeddable":true,"href":"https:\/\/fldvalve.com\/es\/wp-json\/wp\/v2\/product_brand?post=239"},{"taxonomy":"product_cat","embeddable":true,"href":"https:\/\/fldvalve.com\/es\/wp-json\/wp\/v2\/product_cat?post=239"},{"taxonomy":"product_tag","embeddable":true,"href":"https:\/\/fldvalve.com\/es\/wp-json\/wp\/v2\/product_tag?post=239"}],"curies":[{"name":"wp","href":"https:\/\/api.w.org\/{rel}","templated":true}]}}