{"id":242,"date":"2026-01-05T07:08:23","date_gmt":"2026-01-05T07:08:23","guid":{"rendered":"https:\/\/fldvalve.com\/?post_type=product&#038;p=242"},"modified":"2026-02-05T08:04:40","modified_gmt":"2026-02-05T08:04:40","slug":"a105-explosion-proof-electric-high-pressure-control-valve-t948y","status":"publish","type":"product","link":"https:\/\/fldvalve.com\/es\/product\/a105-explosion-proof-electric-high-pressure-control-valve-t948y\/","title":{"rendered":"A105 V\u00e1lvula el\u00e9ctrica de control de alta presi\u00f3n a prueba de explosiones T948Y"},"content":{"rendered":"<h2>A105 V\u00e1lvula el\u00e9ctrica de control de alta presi\u00f3n a prueba de explosiones T948Y<\/h2>\n<p>La v\u00e1lvula de control el\u00e9ctrica de alta presi\u00f3n a prueba de explosiones T948Y cuenta con un cuerpo de v\u00e1lvula de acero forjado ASTM A105 y un actuador el\u00e9ctrico a prueba de explosiones, dise\u00f1ado espec\u00edficamente para la regulaci\u00f3n continua y precisa del flujo o presi\u00f3n del medio en entornos de alta presi\u00f3n, inflamables y explosivos. El producto combina resistencia a la presi\u00f3n de alta resistencia con capacidades de control automatizadas, lo que lo hace adecuado para aplicaciones cr\u00edticas de control de procesos.<\/p>\n<h3><strong>Caracteristici cheie:<\/strong><\/h3>\n<p>1. Cuerpo de v\u00e1lvula de acero forjado A105<br \/>\nEstructura densa, alta resistencia y resistencia al impacto a alta presi\u00f3n, adecuada para operaci\u00f3n a largo plazo en condiciones duras.<br \/>\n2. Actuador el\u00e9ctrico a prueba de explosiones<br \/>\nLas opciones de clasificaci\u00f3n a prueba de explosiones incluyen Ex d \/ Ex t, que cumple con los requisitos de petroqu\u00edmicos, qu\u00edmicos de carb\u00f3n y otras \u00e1reas a prueba de explosiones.<br \/>\n3. Regulaci\u00f3n de precisi\u00f3n a alta presi\u00f3n<br \/>\nEl dise\u00f1o de estructura de reducci\u00f3n o estrangulaci\u00f3n de presi\u00f3n de m\u00faltiples etapas reduce el ruido y la erosi\u00f3n, mejorando la estabilidad de la regulaci\u00f3n.<br \/>\n4. Estructura de sellado confiable (estructura tipo Y)<br \/>\nDistribuci\u00f3n razonable de tensiones y fuerte resistencia a la erosi\u00f3n, adecuada para condiciones diferenciales de alta presi\u00f3n.<br \/>\n5. Fuerte compatibilidad de automatizaci\u00f3n<br \/>\nAdmite se\u00f1ales de control est\u00e1ndar como 4-20mA y 0-10V, y puede integrarse en sistemas PLC\/DCS.<\/p>\n<h3><strong>Aplicaciones t\u00edpicas:<\/strong><\/h3>\n<p>\u2022 Sistemas de transmisi\u00f3n e inyecci\u00f3n de petr\u00f3leo y gas a alta presi\u00f3n<br \/>\n\u2022 Dispositivos de reacci\u00f3n y control de alta presi\u00f3n en las industrias qu\u00edmica y qu\u00edmica del carb\u00f3n<br \/>\n\u2022 Plataformas hidr\u00e1ulicas y de ensayo de alta presi\u00f3n<br \/>\n\u2022 Sistemas experimentales de energ\u00eda, potencia y investigaci\u00f3n cient\u00edfica<\/p>","protected":false},"excerpt":{"rendered":"<p>La v\u00e1lvula de control el\u00e9ctrica de alta presi\u00f3n a prueba de explosiones T948Y cuenta con un cuerpo de v\u00e1lvula de acero forjado ASTM A105 y un actuador el\u00e9ctrico a prueba de explosiones, dise\u00f1ado espec\u00edficamente para la regulaci\u00f3n continua y precisa del flujo o presi\u00f3n del medio en entornos de alta presi\u00f3n, inflamables y explosivos.<\/p>","protected":false},"featured_media":243,"comment_status":"open","ping_status":"closed","template":"","meta":[],"product_brand":[],"product_cat":[20],"product_tag":[],"class_list":{"0":"post-242","1":"product","2":"type-product","3":"status-publish","4":"has-post-thumbnail","6":"product_cat-electric-control-valve","8":"first","9":"instock","10":"shipping-taxable","11":"product-type-simple"},"_links":{"self":[{"href":"https:\/\/fldvalve.com\/es\/wp-json\/wp\/v2\/product\/242","targetHints":{"allow":["GET"]}}],"collection":[{"href":"https:\/\/fldvalve.com\/es\/wp-json\/wp\/v2\/product"}],"about":[{"href":"https:\/\/fldvalve.com\/es\/wp-json\/wp\/v2\/types\/product"}],"replies":[{"embeddable":true,"href":"https:\/\/fldvalve.com\/es\/wp-json\/wp\/v2\/comments?post=242"}],"wp:featuredmedia":[{"embeddable":true,"href":"https:\/\/fldvalve.com\/es\/wp-json\/wp\/v2\/media\/243"}],"wp:attachment":[{"href":"https:\/\/fldvalve.com\/es\/wp-json\/wp\/v2\/media?parent=242"}],"wp:term":[{"taxonomy":"product_brand","embeddable":true,"href":"https:\/\/fldvalve.com\/es\/wp-json\/wp\/v2\/product_brand?post=242"},{"taxonomy":"product_cat","embeddable":true,"href":"https:\/\/fldvalve.com\/es\/wp-json\/wp\/v2\/product_cat?post=242"},{"taxonomy":"product_tag","embeddable":true,"href":"https:\/\/fldvalve.com\/es\/wp-json\/wp\/v2\/product_tag?post=242"}],"curies":[{"name":"wp","href":"https:\/\/api.w.org\/{rel}","templated":true}]}}