{"id":248,"date":"2026-01-05T07:16:23","date_gmt":"2026-01-05T07:16:23","guid":{"rendered":"https:\/\/fldvalve.com\/?post_type=product&#038;p=248"},"modified":"2026-02-05T07:49:01","modified_gmt":"2026-02-05T07:49:01","slug":"electric-butterfly-valve-d941x","status":"publish","type":"product","link":"https:\/\/fldvalve.com\/es\/product\/electric-butterfly-valve-d941x\/","title":{"rendered":"V\u00e1lvula de mariposa el\u00e9ctrica D941x"},"content":{"rendered":"<h2>V\u00e1lvula de mariposa el\u00e9ctrica D941x<\/h2>\n<p>La v\u00e1lvula de mariposa el\u00e9ctrica D941X presenta un dise\u00f1o de sello blando y est\u00e1 equipada con un actuador el\u00e9ctrico, que permite apertura, cierre o control proporcional remoto mediante se\u00f1ales el\u00e9ctricas. Este producto cuenta con una estructura compacta y un funcionamiento estable, lo que lo hace adecuado para el control automatizado y la regulaci\u00f3n del flujo en sistemas de tuber\u00edas de presi\u00f3n media a baja.<\/p>\n<h3><strong>Caracter\u00edsticas del producto:<\/strong><\/h3>\n<p>1. Accionamiento el\u00e9ctrico, alto grado de automatizaci\u00f3n<br \/>\nAdmite control remoto, adecuado para la integraci\u00f3n del sistema PLC\/DCS.<br \/>\n2. Estructura de sellado suave (tipo X)<br \/>\nExcelente rendimiento de sellado, sellado bidireccional, baja tasa de fuga.<br \/>\n3. Apertura y cierre suaves, posicionamiento preciso<br \/>\nSalida de actuador estable, adecuada para condiciones frecuentes de apertura, cierre y regulaci\u00f3n.<br \/>\n4. Estructura compacta, mantenimiento conveniente<br \/>\nEspacio de instalaci\u00f3n peque\u00f1o y ligero, que facilita la disposici\u00f3n del sistema.<br \/>\n5. M\u00faltiples configuraciones disponibles<br \/>\nDisponible en tipos on\/off o moduladores, que admiten diversas se\u00f1ales de control.<\/p>\n<h3><strong>\u00c1reas de aplicaci\u00f3n t\u00edpicas:<\/strong><\/h3>\n<p>\u2022 Sistemas de abastecimiento y drenaje de agua y tratamiento de aguas residuales<br \/>\n\u2022 Sisteme HVAC<br \/>\n\u2022 Tuber\u00edas qu\u00edmicas, de industria ligera y industriales en general<br \/>\n\u2022 Protecci\u00f3n ambiental, tratamiento de aguas e ingenier\u00eda municipal<\/p>","protected":false},"excerpt":{"rendered":"<p>Este producto permite la apertura, cierre o control proporcional remoto de v\u00e1lvulas mediante se\u00f1ales el\u00e9ctricas. Con su estructura compacta y funcionamiento estable, es adecuado para el control automatizado y la regulaci\u00f3n del flujo en sistemas de tuber\u00edas de media y baja presi\u00f3n.<\/p>","protected":false},"featured_media":249,"comment_status":"open","ping_status":"closed","template":"","meta":[],"product_brand":[],"product_cat":[21],"product_tag":[],"class_list":{"0":"post-248","1":"product","2":"type-product","3":"status-publish","4":"has-post-thumbnail","6":"product_cat-butterfly-valve","8":"first","9":"instock","10":"shipping-taxable","11":"product-type-simple"},"_links":{"self":[{"href":"https:\/\/fldvalve.com\/es\/wp-json\/wp\/v2\/product\/248","targetHints":{"allow":["GET"]}}],"collection":[{"href":"https:\/\/fldvalve.com\/es\/wp-json\/wp\/v2\/product"}],"about":[{"href":"https:\/\/fldvalve.com\/es\/wp-json\/wp\/v2\/types\/product"}],"replies":[{"embeddable":true,"href":"https:\/\/fldvalve.com\/es\/wp-json\/wp\/v2\/comments?post=248"}],"wp:featuredmedia":[{"embeddable":true,"href":"https:\/\/fldvalve.com\/es\/wp-json\/wp\/v2\/media\/249"}],"wp:attachment":[{"href":"https:\/\/fldvalve.com\/es\/wp-json\/wp\/v2\/media?parent=248"}],"wp:term":[{"taxonomy":"product_brand","embeddable":true,"href":"https:\/\/fldvalve.com\/es\/wp-json\/wp\/v2\/product_brand?post=248"},{"taxonomy":"product_cat","embeddable":true,"href":"https:\/\/fldvalve.com\/es\/wp-json\/wp\/v2\/product_cat?post=248"},{"taxonomy":"product_tag","embeddable":true,"href":"https:\/\/fldvalve.com\/es\/wp-json\/wp\/v2\/product_tag?post=248"}],"curies":[{"name":"wp","href":"https:\/\/api.w.org\/{rel}","templated":true}]}}