{"id":250,"date":"2026-01-05T07:18:23","date_gmt":"2026-01-05T07:18:23","guid":{"rendered":"https:\/\/fldvalve.com\/?post_type=product&#038;p=250"},"modified":"2026-02-05T07:42:30","modified_gmt":"2026-02-05T07:42:30","slug":"wafer-type-pneumatic-actuated-butterfly-valve","status":"publish","type":"product","link":"https:\/\/fldvalve.com\/es\/product\/wafer-type-pneumatic-actuated-butterfly-valve\/","title":{"rendered":"V\u00e1lvula de mariposa accionada neum\u00e1tica tipo oblea D673w"},"content":{"rendered":"<h2>V\u00e1lvula de mariposa accionada neum\u00e1tica tipo oblea D673w<\/h2>\n<p>La v\u00e1lvula de mariposa accionada neum\u00e1tica tipo oblea D673W combina una estructura tipo oblea con un actuador neum\u00e1tico, dise\u00f1ado espec\u00edficamente para un control r\u00e1pido de encendido\/apagado de medios en sistemas de tuber\u00edas. La v\u00e1lvula presenta una estructura compacta, liviana y de apertura y cierre r\u00e1pidos, lo que la hace adecuada para operaciones frecuentes y aplicaciones de control automatizado. Se utiliza com\u00fanmente en tuber\u00edas industriales de media y baja presi\u00f3n.<\/p>\n<h3><strong>Caracter\u00edsticas del producto:<\/strong><\/h3>\n<p>1. Dise\u00f1o de estructura tipo oblea<br \/>\nInstalado entre dos bridas, ahorrando espacio de instalaci\u00f3n y reduciendo costes del sistema.<br \/>\n2. Control neum\u00e1tico de encendido\/apagado<br \/>\nCentrado en la funcionalidad de encendido\/apagado, proporcionando un funcionamiento r\u00e1pido y confiable.<br \/>\n3. Excelente rendimiento de sellado<br \/>\nEstructura de sellado suave, sellado bidireccional y baja tasa de fuga.<br \/>\n4. Amplia gama de aplicaciones<br \/>\nAdecuado para agua, aire, aceite y medios d\u00e9bilmente corrosivos.<br \/>\n5. F\u00e1cil mantenimiento<br \/>\nEstructura simple, intercambiabilidad de piezas resistentes y bajos costos de mantenimiento.<\/p>\n<h3><strong>\u00c1reas de aplicaci\u00f3n t\u00edpicas:<\/strong><\/h3>\n<p>\u2022 Sistemas de abastecimiento y drenaje de agua y tratamiento de aguas residuales<br \/>\n\u2022 Calefacci\u00f3n, ventilaci\u00f3n y aire acondicionado (HVAC)<br \/>\n\u2022 Tuber\u00edas qu\u00edmicas e industriales en general<br \/>\n\u2022 Ingenier\u00eda ambiental y redes municipales<\/p>","protected":false},"excerpt":{"rendered":"<p>Esta v\u00e1lvula de mariposa accionada neum\u00e1tica de tipo oblea utiliza una estructura de tipo oblea combinada con un actuador neum\u00e1tico, dise\u00f1ado espec\u00edficamente para un control r\u00e1pido de apertura y cierre de medios en sistemas de tuber\u00edas. Es adecuado para operaciones frecuentes y aplicaciones de control automatizado, y se usa com\u00fanmente en tuber\u00edas industriales de media y baja presi\u00f3n.<\/p>","protected":false},"featured_media":251,"comment_status":"open","ping_status":"closed","template":"","meta":[],"product_brand":[],"product_cat":[21],"product_tag":[],"class_list":{"0":"post-250","1":"product","2":"type-product","3":"status-publish","4":"has-post-thumbnail","6":"product_cat-butterfly-valve","8":"first","9":"instock","10":"shipping-taxable","11":"product-type-simple"},"_links":{"self":[{"href":"https:\/\/fldvalve.com\/es\/wp-json\/wp\/v2\/product\/250","targetHints":{"allow":["GET"]}}],"collection":[{"href":"https:\/\/fldvalve.com\/es\/wp-json\/wp\/v2\/product"}],"about":[{"href":"https:\/\/fldvalve.com\/es\/wp-json\/wp\/v2\/types\/product"}],"replies":[{"embeddable":true,"href":"https:\/\/fldvalve.com\/es\/wp-json\/wp\/v2\/comments?post=250"}],"wp:featuredmedia":[{"embeddable":true,"href":"https:\/\/fldvalve.com\/es\/wp-json\/wp\/v2\/media\/251"}],"wp:attachment":[{"href":"https:\/\/fldvalve.com\/es\/wp-json\/wp\/v2\/media?parent=250"}],"wp:term":[{"taxonomy":"product_brand","embeddable":true,"href":"https:\/\/fldvalve.com\/es\/wp-json\/wp\/v2\/product_brand?post=250"},{"taxonomy":"product_cat","embeddable":true,"href":"https:\/\/fldvalve.com\/es\/wp-json\/wp\/v2\/product_cat?post=250"},{"taxonomy":"product_tag","embeddable":true,"href":"https:\/\/fldvalve.com\/es\/wp-json\/wp\/v2\/product_tag?post=250"}],"curies":[{"name":"wp","href":"https:\/\/api.w.org\/{rel}","templated":true}]}}