{"id":252,"date":"2026-01-05T07:22:34","date_gmt":"2026-01-05T07:22:34","guid":{"rendered":"https:\/\/fldvalve.com\/?post_type=product&#038;p=252"},"modified":"2026-02-05T07:37:02","modified_gmt":"2026-02-05T07:37:02","slug":"eccentric-rotary-valve","status":"publish","type":"product","link":"https:\/\/fldvalve.com\/es\/product\/eccentric-rotary-valve\/","title":{"rendered":"V\u00e1lvula rotativa exc\u00e9ntrica"},"content":{"rendered":"<h2>V\u00e1lvula rotativa exc\u00e9ntrica<\/h2>\n<p>La v\u00e1lvula rotativa exc\u00e9ntrica es una v\u00e1lvula de control de alto rendimiento con un n\u00facleo de v\u00e1lvula exc\u00e9ntrico como componente central. Logra una regulaci\u00f3n o cierre continuo del flujo, presi\u00f3n o nivel del medio mediante el movimiento rotacional del n\u00facleo de la v\u00e1lvula alrededor de un eje exc\u00e9ntrico. Este tipo de v\u00e1lvula combina el alto valor Cv de las v\u00e1lvulas rotativas con el rendimiento de control preciso de las v\u00e1lvulas de control, lo que la hace particularmente adecuada para aplicaciones de medios de alta presi\u00f3n diferencial, alto caudal, erosivos o que contienen part\u00edculas.<\/p>\n<h3><strong>Ventajas principales:<\/strong><\/h3>\n<p>1. Fuerte resistencia a la erosi\u00f3n y al desgaste<br \/>\nLa estructura exc\u00e9ntrica reduce la erosi\u00f3n frontal entre el n\u00facleo de la v\u00e1lvula y el asiento de la v\u00e1lvula, lo que la hace adecuada para medios de alta velocidad.<br \/>\n2. Excelente rendimiento de control<br \/>\nCaracter\u00edsticas de flujo estables y alta precisi\u00f3n de control, adecuadas para aplicaciones de regulaci\u00f3n continua.<br \/>\n3. Sellado confiable<br \/>\nSello duro met\u00e1lico opcional o sello compuesto duro y blando para cumplir con diferentes clasificaciones de temperatura y presi\u00f3n.<br \/>\n4. Adaptable a medios complejos<br \/>\nAdecuado para medios que contienen part\u00edculas, fibras, lodos y fluidos de alta viscosidad.<br \/>\n6. Par bajo y larga vida \u00fatil<br \/>\nBaja resistencia de apertura y cierre, lo que permite una selecci\u00f3n m\u00e1s flexible del actuador.<\/p>\n<h3><strong>\u00c1reas de aplicaci\u00f3n t\u00edpicas:<\/strong><\/h3>\n<p>\u2022 Plantas qu\u00edmicas y qu\u00edmicas del carb\u00f3n<br \/>\n\u2022 Sistemas de energ\u00eda, metalurgia y energ\u00eda<br \/>\n\u2022 Medios bif\u00e1sicos para fabricaci\u00f3n de papel, pulpa y s\u00f3lido-l\u00edquido<br \/>\n\u2022 Sistemas de protecci\u00f3n ambiental, tratamiento de agua y desulfuraci\u00f3n y desnitrificaci\u00f3n<br \/>\n\u2022 Aplicaciones de petr\u00f3leo, gas natural y alta presi\u00f3n diferencial<\/p>","protected":false},"excerpt":{"rendered":"<p>Las v\u00e1lvulas rotativas exc\u00e9ntricas combinan el alto valor Cv de las v\u00e1lvulas rotativas con el rendimiento de control preciso de las v\u00e1lvulas de control, lo que las hace particularmente adecuadas para aplicaciones que involucran alta presi\u00f3n diferencial, altos caudales, fluidos erosivos o medios que contienen part\u00edculas s\u00f3lidas.<\/p>","protected":false},"featured_media":253,"comment_status":"open","ping_status":"closed","template":"","meta":[],"product_brand":[],"product_cat":[22],"product_tag":[],"class_list":{"0":"post-252","1":"product","2":"type-product","3":"status-publish","4":"has-post-thumbnail","6":"product_cat-eccentric-rotary-valve","8":"first","9":"instock","10":"shipping-taxable","11":"product-type-simple"},"_links":{"self":[{"href":"https:\/\/fldvalve.com\/es\/wp-json\/wp\/v2\/product\/252","targetHints":{"allow":["GET"]}}],"collection":[{"href":"https:\/\/fldvalve.com\/es\/wp-json\/wp\/v2\/product"}],"about":[{"href":"https:\/\/fldvalve.com\/es\/wp-json\/wp\/v2\/types\/product"}],"replies":[{"embeddable":true,"href":"https:\/\/fldvalve.com\/es\/wp-json\/wp\/v2\/comments?post=252"}],"wp:featuredmedia":[{"embeddable":true,"href":"https:\/\/fldvalve.com\/es\/wp-json\/wp\/v2\/media\/253"}],"wp:attachment":[{"href":"https:\/\/fldvalve.com\/es\/wp-json\/wp\/v2\/media?parent=252"}],"wp:term":[{"taxonomy":"product_brand","embeddable":true,"href":"https:\/\/fldvalve.com\/es\/wp-json\/wp\/v2\/product_brand?post=252"},{"taxonomy":"product_cat","embeddable":true,"href":"https:\/\/fldvalve.com\/es\/wp-json\/wp\/v2\/product_cat?post=252"},{"taxonomy":"product_tag","embeddable":true,"href":"https:\/\/fldvalve.com\/es\/wp-json\/wp\/v2\/product_tag?post=252"}],"curies":[{"name":"wp","href":"https:\/\/api.w.org\/{rel}","templated":true}]}}