{"id":256,"date":"2026-01-05T07:28:59","date_gmt":"2026-01-05T07:28:59","guid":{"rendered":"https:\/\/fldvalve.com\/?post_type=product&#038;p=256"},"modified":"2026-02-05T07:30:30","modified_gmt":"2026-02-05T07:30:30","slug":"pneumatic-control-valve","status":"publish","type":"product","link":"https:\/\/fldvalve.com\/es\/product\/pneumatic-control-valve\/","title":{"rendered":"V\u00e1lvula de control neum\u00e1tica"},"content":{"rendered":"<h2>V\u00e1lvula de control neum\u00e1tica<\/h2>\n<p>Las v\u00e1lvulas de control neum\u00e1ticas utilizan aire comprimido como fuente de energ\u00eda y reciben se\u00f1ales de control (normalmente 4-20 mA) a trav\u00e9s de un posicionador de v\u00e1lvulas para controlar con precisi\u00f3n el recorrido del v\u00e1stago de la v\u00e1lvula o el \u00e1ngulo de rotaci\u00f3n, logrando una regulaci\u00f3n autom\u00e1tica continua del caudal, la presi\u00f3n, el nivel o la temperatura. del medio en la tuber\u00eda. Debido a su r\u00e1pida velocidad de respuesta, funcionamiento estable y alta seguridad, estas v\u00e1lvulas se utilizan ampliamente en sistemas de control de procesos industriales.<\/p>\n<h3><strong>Ventajas principales:<\/strong><\/h3>\n<p>1. Alta precisi\u00f3n de control<br \/>\nLogra una regulaci\u00f3n continua lineal y estable con alta precisi\u00f3n de control.<br \/>\n2. Velocidad de respuesta r\u00e1pida<br \/>\nAdecuado para operaciones frecuentes y condiciones de trabajo din\u00e1micas.<br \/>\n3. Seguro y confiable<br \/>\nIntr\u00ednsecamente a prueba de explosiones, especialmente adecuado para ambientes inflamables y explosivos.<br \/>\n4. Fuerte adaptabilidad<br \/>\nSe puede utilizar en condiciones de alta temperatura, alta presi\u00f3n, alta presi\u00f3n diferencial y medios complejos.<br \/>\n5. Funci\u00f3n a prueba de fallos<br \/>\nConfigurable con modos de seguridad de aire para abrir\/aire para cerrar\/a prueba de fallas.<\/p>\n<h3><strong>\u00c1reas de aplicaci\u00f3n t\u00edpicas:<\/strong><\/h3>\n<p>\u2022 Petr\u00f3leo, gas natural y plantas qu\u00edmicas<br \/>\n\u2022 Sistemas de energ\u00eda, metalurgia y energ\u00eda<br \/>\n\u2022 Protecci\u00f3n ambiental, tratamiento de agua y desulfuraci\u00f3n\/desnitrificaci\u00f3n<br \/>\n\u2022 Productos farmac\u00e9uticos, alimentarios y qu\u00edmicos finos<br \/>\n\u2022 Fabricaci\u00f3n de papel, pulpa y medios que contienen part\u00edculas<\/p>","protected":false},"excerpt":{"rendered":"<p>Las v\u00e1lvulas de control neum\u00e1ticas utilizan aire comprimido como fuente de energ\u00eda y reciben se\u00f1ales de control (normalmente 4-20 mA) a trav\u00e9s de un posicionador de v\u00e1lvula para controlar con precisi\u00f3n el recorrido del v\u00e1stago de la v\u00e1lvula o el \u00e1ngulo de rotaci\u00f3n, logrando una regulaci\u00f3n autom\u00e1tica continua del caudal, presi\u00f3n, nivel o temperatura. del medio en la tuber\u00eda.<\/p>","protected":false},"featured_media":257,"comment_status":"open","ping_status":"closed","template":"","meta":[],"product_brand":[],"product_cat":[23],"product_tag":[],"class_list":{"0":"post-256","1":"product","2":"type-product","3":"status-publish","4":"has-post-thumbnail","6":"product_cat-control-valve","8":"first","9":"instock","10":"shipping-taxable","11":"product-type-simple"},"_links":{"self":[{"href":"https:\/\/fldvalve.com\/es\/wp-json\/wp\/v2\/product\/256","targetHints":{"allow":["GET"]}}],"collection":[{"href":"https:\/\/fldvalve.com\/es\/wp-json\/wp\/v2\/product"}],"about":[{"href":"https:\/\/fldvalve.com\/es\/wp-json\/wp\/v2\/types\/product"}],"replies":[{"embeddable":true,"href":"https:\/\/fldvalve.com\/es\/wp-json\/wp\/v2\/comments?post=256"}],"wp:featuredmedia":[{"embeddable":true,"href":"https:\/\/fldvalve.com\/es\/wp-json\/wp\/v2\/media\/257"}],"wp:attachment":[{"href":"https:\/\/fldvalve.com\/es\/wp-json\/wp\/v2\/media?parent=256"}],"wp:term":[{"taxonomy":"product_brand","embeddable":true,"href":"https:\/\/fldvalve.com\/es\/wp-json\/wp\/v2\/product_brand?post=256"},{"taxonomy":"product_cat","embeddable":true,"href":"https:\/\/fldvalve.com\/es\/wp-json\/wp\/v2\/product_cat?post=256"},{"taxonomy":"product_tag","embeddable":true,"href":"https:\/\/fldvalve.com\/es\/wp-json\/wp\/v2\/product_tag?post=256"}],"curies":[{"name":"wp","href":"https:\/\/api.w.org\/{rel}","templated":true}]}}