{"id":258,"date":"2026-01-05T07:30:56","date_gmt":"2026-01-05T07:30:56","guid":{"rendered":"https:\/\/fldvalve.com\/?post_type=product&#038;p=258"},"modified":"2026-02-05T07:25:36","modified_gmt":"2026-02-05T07:25:36","slug":"pneumatic-high-pressure-control-valve","status":"publish","type":"product","link":"https:\/\/fldvalve.com\/es\/product\/pneumatic-high-pressure-control-valve\/","title":{"rendered":"V\u00e1lvula neum\u00e1tica de control de alta presi\u00f3n"},"content":{"rendered":"<h2>V\u00e1lvula neum\u00e1tica de control de alta presi\u00f3n<\/h2>\n<p>Las v\u00e1lvulas de control neum\u00e1ticas de alta presi\u00f3n utilizan aire comprimido como fuerza motriz y reciben se\u00f1ales de control como 4-20 mA a trav\u00e9s de un posicionador de v\u00e1lvulas para lograr un ajuste autom\u00e1tico continuo y preciso del flujo, la presi\u00f3n o los par\u00e1metros del proceso medios en condiciones de alta presi\u00f3n. Estas v\u00e1lvulas cuentan con alta resistencia a la presi\u00f3n, regulaci\u00f3n estable y seguridad y confiabilidad, y se usan ampliamente en sistemas de control de procesos industriales diferenciales de alta presi\u00f3n y alto riesgo.<\/p>\n<h3><strong>Ventajas principales<\/strong><\/h3>\n<p>1. Fuerte resistencia a la presi\u00f3n<br \/>\nUtiliza acero forjado o cuerpo de v\u00e1lvula de aleaci\u00f3n de alta resistencia, adecuado para condiciones de presi\u00f3n ultraalta.<br \/>\n2. Rendimiento de la regulaci\u00f3n estable<br \/>\nLas caracter\u00edsticas del flujo se pueden seleccionar como igual porcentaje o lineales, con alta precisi\u00f3n de control.<br \/>\n3. Alta seguridad<br \/>\nLos actuadores neum\u00e1ticos son intr\u00ednsecamente a prueba de explosiones, adecuados para entornos inflamables y explosivos.<br \/>\n4. Dise\u00f1o resistente a la erosi\u00f3n y la cavitaci\u00f3n<br \/>\nLa estructura de aceleraci\u00f3n y reducci\u00f3n de presi\u00f3n de m\u00faltiples etapas extiende efectivamente la vida \u00fatil.<br \/>\n5. Protecci\u00f3n integral a prueba de fallos<br \/>\nConfigurable con condiciones de seguridad de aire a apertura\/aire a cierre\/fallo de retenci\u00f3n de aire.<\/p>\n<h3><strong>\u00c1reas de aplicaci\u00f3n t\u00edpicas<\/strong><\/h3>\n<p>\u2022 Sistemas de transmisi\u00f3n e inyecci\u00f3n de petr\u00f3leo y gas a alta presi\u00f3n<br \/>\n\u2022 Dispositivos de reacci\u00f3n de alta presi\u00f3n en las industrias qu\u00edmica y qu\u00edmica del carb\u00f3n<br \/>\n\u2022 Sistemas de suministro de energ\u00eda, energ\u00eda y agua a alta presi\u00f3n<br \/>\n\u2022 Plataformas hidr\u00e1ulicas y de prueba de presi\u00f3n ultraalta<br \/>\n\u2022 Equipos experimentales de investigaci\u00f3n militar y cient\u00edfica<\/p>","protected":false},"excerpt":{"rendered":"<p>Las v\u00e1lvulas de control neum\u00e1ticas de alta presi\u00f3n utilizan aire comprimido como fuerza motriz y reciben se\u00f1ales de control como 4-20 mA a trav\u00e9s de un posicionador de v\u00e1lvulas para lograr un ajuste autom\u00e1tico continuo y preciso del flujo, la presi\u00f3n o los par\u00e1metros del proceso medios en condiciones de alta presi\u00f3n.<\/p>","protected":false},"featured_media":259,"comment_status":"open","ping_status":"closed","template":"","meta":[],"product_brand":[],"product_cat":[23],"product_tag":[],"class_list":{"0":"post-258","1":"product","2":"type-product","3":"status-publish","4":"has-post-thumbnail","6":"product_cat-control-valve","8":"first","9":"instock","10":"shipping-taxable","11":"product-type-simple"},"_links":{"self":[{"href":"https:\/\/fldvalve.com\/es\/wp-json\/wp\/v2\/product\/258","targetHints":{"allow":["GET"]}}],"collection":[{"href":"https:\/\/fldvalve.com\/es\/wp-json\/wp\/v2\/product"}],"about":[{"href":"https:\/\/fldvalve.com\/es\/wp-json\/wp\/v2\/types\/product"}],"replies":[{"embeddable":true,"href":"https:\/\/fldvalve.com\/es\/wp-json\/wp\/v2\/comments?post=258"}],"wp:featuredmedia":[{"embeddable":true,"href":"https:\/\/fldvalve.com\/es\/wp-json\/wp\/v2\/media\/259"}],"wp:attachment":[{"href":"https:\/\/fldvalve.com\/es\/wp-json\/wp\/v2\/media?parent=258"}],"wp:term":[{"taxonomy":"product_brand","embeddable":true,"href":"https:\/\/fldvalve.com\/es\/wp-json\/wp\/v2\/product_brand?post=258"},{"taxonomy":"product_cat","embeddable":true,"href":"https:\/\/fldvalve.com\/es\/wp-json\/wp\/v2\/product_cat?post=258"},{"taxonomy":"product_tag","embeddable":true,"href":"https:\/\/fldvalve.com\/es\/wp-json\/wp\/v2\/product_tag?post=258"}],"curies":[{"name":"wp","href":"https:\/\/api.w.org\/{rel}","templated":true}]}}