{"id":260,"date":"2026-01-05T07:32:59","date_gmt":"2026-01-05T07:32:59","guid":{"rendered":"https:\/\/fldvalve.com\/?post_type=product&#038;p=260"},"modified":"2026-02-05T07:20:57","modified_gmt":"2026-02-05T07:20:57","slug":"compact-single-seat-control-valve","status":"publish","type":"product","link":"https:\/\/fldvalve.com\/es\/product\/compact-single-seat-control-valve\/","title":{"rendered":"V\u00e1lvula de control compacta de asiento \u00fanico"},"content":{"rendered":"<h2>V\u00e1lvula de control compacta de asiento \u00fanico<\/h2>\n<p>La v\u00e1lvula de control compacta de un solo asiento es una v\u00e1lvula de control autom\u00e1tica con una estructura compacta y alta precisi\u00f3n de control. Adopta una estructura monoplaza y est\u00e1 equipada con actuadores neum\u00e1ticos o el\u00e9ctricos, utilizados para una regulaci\u00f3n precisa del flujo, presi\u00f3n, nivel de l\u00edquido o temperatura del medio en tuber\u00edas. Este tipo de v\u00e1lvula es peque\u00f1a y liviana, lo que la hace particularmente adecuada para aplicaciones con espacio de instalaci\u00f3n limitado y altas demandas de precisi\u00f3n de control.<\/p>\n<h3><strong>Caracter\u00edsticas estructurales:<\/strong><\/h3>\n<p>1. Estructura de sellado monoplaza<br \/>\nBaja fuga y rendimiento de sellado superior en comparaci\u00f3n con las v\u00e1lvulas de doble asiento, adecuado para aplicaciones que requieren un alto rendimiento de sellado.<br \/>\n2. Dise\u00f1o compacto integrado<br \/>\nAlta integraci\u00f3n del cuerpo de v\u00e1lvula y actuador, tama\u00f1o reducido e instalaci\u00f3n y mantenimiento convenientes.<br \/>\n3. N\u00facleo de v\u00e1lvula equilibrado opcional<br \/>\nReduce eficazmente la fuerza desequilibrada en condiciones de alta presi\u00f3n diferencial, mejorando la estabilidad del control.<br \/>\n4. Caracter\u00edsticas de flujo m\u00faltiple<br \/>\nSe encuentran disponibles caracter\u00edsticas lineales y de igual porcentaje para satisfacer diferentes necesidades de control.<\/p>\n<h3><strong>Ventajas principales:<\/strong><\/h3>\n<p>1. Alta precisi\u00f3n de control<br \/>\nControl sensible de carrera, adecuado para un control preciso del proceso.<br \/>\n2. Excelente rendimiento de sellado<br \/>\nSello blando o sello met\u00e1lico opcional, clase de alta fuga.<br \/>\n3. Estructura compacta<br \/>\nEspecialmente adecuado para equipos densamente empaquetados o proyectos de modernizaci\u00f3n.<br \/>\n4. Funcionamiento estable y bajo nivel de ruido<br \/>\nBuena gu\u00eda del n\u00facleo de la v\u00e1lvula y baja vibraci\u00f3n.<br \/>\n5. Configuraci\u00f3n flexible<br \/>\nSe encuentran disponibles actuadores neum\u00e1ticos, el\u00e9ctricos y a prueba de explosiones.<\/p>\n<h3><strong>\u00c1reas de aplicaci\u00f3n t\u00edpicas:<\/strong><\/h3>\n<p>\u2022 Plantas qu\u00edmicas y de qu\u00edmica fina<br \/>\n\u2022 Farmac\u00e9utica, alimentaria y biotecnol\u00f3gica<br \/>\n\u2022 Equipos de laboratorio y peque\u00f1os sistemas de control de flujo<br \/>\n\u2022 HVAC y automatizaci\u00f3n de edificios<br \/>\n\u2022 Paquetes de instrumentaci\u00f3n y equipos completos<\/p>","protected":false},"excerpt":{"rendered":"<p>La v\u00e1lvula de control compacta de un solo asiento es una v\u00e1lvula de control autom\u00e1tica con una estructura compacta y alta precisi\u00f3n de control. Adopta una estructura monoplaza y est\u00e1 equipado con actuadores neum\u00e1ticos o el\u00e9ctricos, utilizados para la regulaci\u00f3n precisa del flujo, presi\u00f3n, nivel de l\u00edquido o temperatura del medio en tuber\u00edas.<\/p>","protected":false},"featured_media":261,"comment_status":"open","ping_status":"closed","template":"","meta":[],"product_brand":[],"product_cat":[23],"product_tag":[],"class_list":{"0":"post-260","1":"product","2":"type-product","3":"status-publish","4":"has-post-thumbnail","6":"product_cat-control-valve","8":"first","9":"instock","10":"shipping-taxable","11":"product-type-simple"},"_links":{"self":[{"href":"https:\/\/fldvalve.com\/es\/wp-json\/wp\/v2\/product\/260","targetHints":{"allow":["GET"]}}],"collection":[{"href":"https:\/\/fldvalve.com\/es\/wp-json\/wp\/v2\/product"}],"about":[{"href":"https:\/\/fldvalve.com\/es\/wp-json\/wp\/v2\/types\/product"}],"replies":[{"embeddable":true,"href":"https:\/\/fldvalve.com\/es\/wp-json\/wp\/v2\/comments?post=260"}],"wp:featuredmedia":[{"embeddable":true,"href":"https:\/\/fldvalve.com\/es\/wp-json\/wp\/v2\/media\/261"}],"wp:attachment":[{"href":"https:\/\/fldvalve.com\/es\/wp-json\/wp\/v2\/media?parent=260"}],"wp:term":[{"taxonomy":"product_brand","embeddable":true,"href":"https:\/\/fldvalve.com\/es\/wp-json\/wp\/v2\/product_brand?post=260"},{"taxonomy":"product_cat","embeddable":true,"href":"https:\/\/fldvalve.com\/es\/wp-json\/wp\/v2\/product_cat?post=260"},{"taxonomy":"product_tag","embeddable":true,"href":"https:\/\/fldvalve.com\/es\/wp-json\/wp\/v2\/product_tag?post=260"}],"curies":[{"name":"wp","href":"https:\/\/api.w.org\/{rel}","templated":true}]}}