{"id":262,"date":"2026-01-05T07:35:22","date_gmt":"2026-01-05T07:35:22","guid":{"rendered":"https:\/\/fldvalve.com\/?post_type=product&#038;p=262"},"modified":"2026-02-05T07:18:12","modified_gmt":"2026-02-05T07:18:12","slug":"slide-valve","status":"publish","type":"product","link":"https:\/\/fldvalve.com\/es\/product\/slide-valve\/","title":{"rendered":"V\u00e1lvula deslizante"},"content":{"rendered":"<h2>V\u00e1lvula deslizante<\/h2>\n<p>Una v\u00e1lvula deslizante es un tipo de v\u00e1lvula que utiliza una placa de v\u00e1lvula deslizante que se mueve a lo largo de rieles gu\u00eda dentro del cuerpo de la v\u00e1lvula para controlar la apertura, el cierre o el desv\u00edo de los medios de tuber\u00eda. Presenta una estructura simple, sellado confiable y operaci\u00f3n flexible, y se usa ampliamente para el control de cierre y distribuci\u00f3n en tuber\u00edas que transportan polvos, materiales granulares, mezclas s\u00f3lido-l\u00edquido y gases.<\/p>\n<h3><strong>Ventajas clave:<\/strong><\/h3>\n<p>1. Excelente rendimiento de sellado<br \/>\nDisponible con estructuras de sellado suave (caucho\/poliuretano) o sellado duro (metal), logrando sellado bidireccional.<br \/>\n2. F\u00e1cil operaci\u00f3n<br \/>\nBaja resistencia al deslizamiento, f\u00e1cil apertura y cierre, y puede operarse de forma manual o autom\u00e1tica.<br \/>\n3. Resistente al desgaste y a la erosi\u00f3n<br \/>\nLa placa de v\u00e1lvula y los rieles gu\u00eda pueden estar hechos de materiales resistentes al desgaste, adecuados para polvos, gr\u00e1nulos o medios que contengan impurezas.<br \/>\n4. Adaptable a varios medios<br \/>\nAplicable a procesos de polvos, gr\u00e1nulos, mezclas s\u00f3lido-l\u00edquido, aire y gas.<br \/>\n5. Estructura compacta<br \/>\nAdecuado para desv\u00edos, cambios o aplicaciones con espacio limitado para modificaci\u00f3n de equipos.<\/p>\n<h3><strong>\u00c1reas de aplicaci\u00f3n t\u00edpicas:<\/strong><\/h3>\n<p>\u2022 Sistemas de transporte de cemento, polvo y material granular<br \/>\n\u2022 Procesos de transporte de gr\u00e1nulos qu\u00edmicos y pl\u00e1sticos<br \/>\n\u2022 Sistemas de distribuci\u00f3n de materiales s\u00f3lidos mineros y metal\u00fargicos<br \/>\n\u2022 Tuber\u00edas de polvo alimentario y farmac\u00e9utico<br \/>\n\u2022 Sistemas de desv\u00edo de gas, control de gases de combusti\u00f3n y eliminaci\u00f3n de polvo<\/p>","protected":false},"excerpt":{"rendered":"<p>Una v\u00e1lvula deslizante es un tipo de v\u00e1lvula que utiliza una placa de v\u00e1lvula deslizante que se mueve a lo largo de rieles gu\u00eda dentro del cuerpo de la v\u00e1lvula para controlar la apertura, el cierre o el desv\u00edo del flujo de fluido en una tuber\u00eda. Presenta una estructura simple, sellado confiable y operaci\u00f3n flexible.<\/p>","protected":false},"featured_media":263,"comment_status":"open","ping_status":"closed","template":"","meta":[],"product_brand":[],"product_cat":[23],"product_tag":[],"class_list":{"0":"post-262","1":"product","2":"type-product","3":"status-publish","4":"has-post-thumbnail","6":"product_cat-control-valve","8":"first","9":"instock","10":"shipping-taxable","11":"product-type-simple"},"_links":{"self":[{"href":"https:\/\/fldvalve.com\/es\/wp-json\/wp\/v2\/product\/262","targetHints":{"allow":["GET"]}}],"collection":[{"href":"https:\/\/fldvalve.com\/es\/wp-json\/wp\/v2\/product"}],"about":[{"href":"https:\/\/fldvalve.com\/es\/wp-json\/wp\/v2\/types\/product"}],"replies":[{"embeddable":true,"href":"https:\/\/fldvalve.com\/es\/wp-json\/wp\/v2\/comments?post=262"}],"wp:featuredmedia":[{"embeddable":true,"href":"https:\/\/fldvalve.com\/es\/wp-json\/wp\/v2\/media\/263"}],"wp:attachment":[{"href":"https:\/\/fldvalve.com\/es\/wp-json\/wp\/v2\/media?parent=262"}],"wp:term":[{"taxonomy":"product_brand","embeddable":true,"href":"https:\/\/fldvalve.com\/es\/wp-json\/wp\/v2\/product_brand?post=262"},{"taxonomy":"product_cat","embeddable":true,"href":"https:\/\/fldvalve.com\/es\/wp-json\/wp\/v2\/product_cat?post=262"},{"taxonomy":"product_tag","embeddable":true,"href":"https:\/\/fldvalve.com\/es\/wp-json\/wp\/v2\/product_tag?post=262"}],"curies":[{"name":"wp","href":"https:\/\/api.w.org\/{rel}","templated":true}]}}