{"id":264,"date":"2026-01-05T07:38:13","date_gmt":"2026-01-05T07:38:13","guid":{"rendered":"https:\/\/fldvalve.com\/?post_type=product&#038;p=264"},"modified":"2026-02-05T07:08:44","modified_gmt":"2026-02-05T07:08:44","slug":"pneumatic-o-type-shut-off-ball-valve","status":"publish","type":"product","link":"https:\/\/fldvalve.com\/es\/product\/pneumatic-o-type-shut-off-ball-valve\/","title":{"rendered":"V\u00e1lvula neum\u00e1tica de bola de cierre tipo O"},"content":{"rendered":"<h2>V\u00e1lvula neum\u00e1tica de bola de cierre tipo O<\/h2>\n<p>Las v\u00e1lvulas de bola de cierre neum\u00e1ticas tipo O son v\u00e1lvulas automatizadas que utilizan una bola de orificio completo como n\u00facleo y son accionadas por un actuador neum\u00e1tico. Se utilizan para un control r\u00e1pido de apertura, cierre y cierre de medios de tuber\u00edas. Las v\u00e1lvulas de bola de junta t\u00f3rica cuentan con una estructura compacta, excelente rendimiento de sellado y funcionamiento r\u00e1pido, lo que las hace adecuadas para tuber\u00edas de gas, l\u00edquido y algunos medios corrosivos de baja a media presi\u00f3n o de media a alta presi\u00f3n.<\/p>\n<h3><strong>Ventajas principales:<\/strong><\/h3>\n<p>1. Excelente rendimiento de sellado<br \/>\nEl material del sello de junta t\u00f3rica est\u00e1 disponible en varias opciones (PTFE\/poliuretano\/compuesto met\u00e1lico), lo que ofrece alta resistencia a la presi\u00f3n y baja tasa de fugas.<br \/>\n2. Apertura y Cierre R\u00e1pidos<br \/>\nEl actuador neum\u00e1tico responde r\u00e1pidamente y funciona sin problemas, lo que permite un funcionamiento frecuente.<br \/>\n3. Estructura compacta y f\u00e1cil instalaci\u00f3n<br \/>\nEl dise\u00f1o de di\u00e1metro completo da como resultado una baja resistencia al flujo, un peso ligero y un tama\u00f1o reducido.<br \/>\n4. Amplia gama de aplicaciones<br \/>\nAdecuado para agua, petr\u00f3leo, gas y algunos medios corrosivos.<br \/>\n5. Fuerte compatibilidad de automatizaci\u00f3n<br \/>\nSe puede conectar a sistemas PLC\/DCS para control remoto o centralizado.<\/p>\n<h3><strong>\u00c1reas de aplicaci\u00f3n t\u00edpicas:<\/strong><\/h3>\n<p>\u2022 Sistemas de transporte de petr\u00f3leo, gas natural y gasoductos<br \/>\n\u2022 Plantas qu\u00edmicas y de qu\u00edmica fina<br \/>\n\u2022 Sistemas municipales de abastecimiento de agua y tratamiento de aguas residuales<br \/>\n\u2022 Tuber\u00edas de proceso farmac\u00e9utico, de alimentos y bebidas<br \/>\n\u2022 Redes de distribuci\u00f3n de energ\u00eda, HVAC y gas<\/p>","protected":false},"excerpt":{"rendered":"<p>Las v\u00e1lvulas de bola de cierre neum\u00e1ticas tipo O se utilizan para un control r\u00e1pido de apertura, cierre y cierre de medios de tuber\u00edas. Presentan una estructura compacta, excelente rendimiento de sellado y operaci\u00f3n r\u00e1pida, lo que los hace adecuados para tuber\u00edas de gas, l\u00edquido y algunos medios corrosivos de presi\u00f3n media-baja o media-alta.<\/p>","protected":false},"featured_media":265,"comment_status":"open","ping_status":"closed","template":"","meta":[],"product_brand":[],"product_cat":[24],"product_tag":[],"class_list":{"0":"post-264","1":"product","2":"type-product","3":"status-publish","4":"has-post-thumbnail","6":"product_cat-shut-off-valve","8":"first","9":"instock","10":"shipping-taxable","11":"product-type-simple"},"_links":{"self":[{"href":"https:\/\/fldvalve.com\/es\/wp-json\/wp\/v2\/product\/264","targetHints":{"allow":["GET"]}}],"collection":[{"href":"https:\/\/fldvalve.com\/es\/wp-json\/wp\/v2\/product"}],"about":[{"href":"https:\/\/fldvalve.com\/es\/wp-json\/wp\/v2\/types\/product"}],"replies":[{"embeddable":true,"href":"https:\/\/fldvalve.com\/es\/wp-json\/wp\/v2\/comments?post=264"}],"wp:featuredmedia":[{"embeddable":true,"href":"https:\/\/fldvalve.com\/es\/wp-json\/wp\/v2\/media\/265"}],"wp:attachment":[{"href":"https:\/\/fldvalve.com\/es\/wp-json\/wp\/v2\/media?parent=264"}],"wp:term":[{"taxonomy":"product_brand","embeddable":true,"href":"https:\/\/fldvalve.com\/es\/wp-json\/wp\/v2\/product_brand?post=264"},{"taxonomy":"product_cat","embeddable":true,"href":"https:\/\/fldvalve.com\/es\/wp-json\/wp\/v2\/product_cat?post=264"},{"taxonomy":"product_tag","embeddable":true,"href":"https:\/\/fldvalve.com\/es\/wp-json\/wp\/v2\/product_tag?post=264"}],"curies":[{"name":"wp","href":"https:\/\/api.w.org\/{rel}","templated":true}]}}