{"id":266,"date":"2026-01-05T07:40:18","date_gmt":"2026-01-05T07:40:18","guid":{"rendered":"https:\/\/fldvalve.com\/?post_type=product&#038;p=266"},"modified":"2026-02-05T07:03:24","modified_gmt":"2026-02-05T07:03:24","slug":"zshof-16c-pneumatic-o-type-shut-off-valve","status":"publish","type":"product","link":"https:\/\/fldvalve.com\/es\/product\/zshof-16c-pneumatic-o-type-shut-off-valve\/","title":{"rendered":"V\u00e1lvula de cierre neum\u00e1tica tipo O ZSHOF-16C"},"content":{"rendered":"<h2>V\u00e1lvula de cierre neum\u00e1tica tipo O ZSHOF-16C<\/h2>\n<p>La v\u00e1lvula de cierre neum\u00e1tica tipo O ZSHOF-16C es una v\u00e1lvula que utiliza una bola en forma de O o un sello de n\u00facleo de v\u00e1lvula para lograr un cierre r\u00e1pido de las tuber\u00edas. Equipada con un actuador neum\u00e1tico, se puede controlar de forma remota mediante aire comprimido. Esta v\u00e1lvula presenta un sellado confiable, una estructura compacta y una apertura y cierre r\u00e1pidos, lo que la hace adecuada para sistemas de tuber\u00edas industriales que manejan l\u00edquidos, gases y algunos medios corrosivos. Es una v\u00e1lvula de cierre de uso com\u00fan en el control de automatizaci\u00f3n.<\/p>\n<h3><strong>Ventajas clave:<\/strong><\/h3>\n<p>1. Sellado confiable, baja tasa de fugas<br \/>\nDise\u00f1o de junta t\u00f3rica de sellado suave, adecuado para tuber\u00edas de media y alta presi\u00f3n, lo que garantiza un funcionamiento seguro y estable.<br \/>\n2. Apertura y cierre r\u00e1pidos<br \/>\nEl actuador neum\u00e1tico reacciona r\u00e1pidamente y puede funcionar con frecuencia, adecuado para el control de automatizaci\u00f3n.<br \/>\n3. Estructura compacta, f\u00e1cil instalaci\u00f3n<br \/>\nDe tama\u00f1o reducido, disponible con bridas, obleas o conexiones roscadas.<br \/>\n4. Amplia gama de medios aplicables<br \/>\nAdecuado para agua, aceite, aire y medios ligeramente corrosivos.<br \/>\n5. Compatibilidad de automatizaci\u00f3n<br \/>\nPuede equiparse con posicionadores e interruptores de l\u00edmite para monitoreo remoto e integraci\u00f3n de sistemas.<\/p>\n<h3><strong>\u00c1reas de aplicaci\u00f3n t\u00edpicas:<\/strong><\/h3>\n<p>\u2022 Gasoductos de transmisi\u00f3n de petr\u00f3leo, gas natural y alta presi\u00f3n<br \/>\n\u2022 Plantas qu\u00edmicas, farmac\u00e9uticas y de qu\u00edmica fina<br \/>\n\u2022 Sistemas municipales de abastecimiento de agua y drenaje y tratamiento de aguas residuales<br \/>\n\u2022 Sistemas de energ\u00eda y climatizaci\u00f3n<br \/>\n\u2022 L\u00edneas de producci\u00f3n automatizadas y ductos de control remoto<\/p>","protected":false},"excerpt":{"rendered":"<p>La v\u00e1lvula de cierre neum\u00e1tica tipo O ZSHOF-16C presenta un sellado confiable, una estructura compacta y apertura y cierre r\u00e1pidos, lo que la hace adecuada para sistemas de tuber\u00edas industriales que manejan l\u00edquidos, gases y algunos medios corrosivos. Es una v\u00e1lvula de cierre de uso com\u00fan en sistemas de control automatizados.<\/p>","protected":false},"featured_media":267,"comment_status":"open","ping_status":"closed","template":"","meta":[],"product_brand":[],"product_cat":[24],"product_tag":[],"class_list":{"0":"post-266","1":"product","2":"type-product","3":"status-publish","4":"has-post-thumbnail","6":"product_cat-shut-off-valve","8":"first","9":"instock","10":"shipping-taxable","11":"product-type-simple"},"_links":{"self":[{"href":"https:\/\/fldvalve.com\/es\/wp-json\/wp\/v2\/product\/266","targetHints":{"allow":["GET"]}}],"collection":[{"href":"https:\/\/fldvalve.com\/es\/wp-json\/wp\/v2\/product"}],"about":[{"href":"https:\/\/fldvalve.com\/es\/wp-json\/wp\/v2\/types\/product"}],"replies":[{"embeddable":true,"href":"https:\/\/fldvalve.com\/es\/wp-json\/wp\/v2\/comments?post=266"}],"wp:featuredmedia":[{"embeddable":true,"href":"https:\/\/fldvalve.com\/es\/wp-json\/wp\/v2\/media\/267"}],"wp:attachment":[{"href":"https:\/\/fldvalve.com\/es\/wp-json\/wp\/v2\/media?parent=266"}],"wp:term":[{"taxonomy":"product_brand","embeddable":true,"href":"https:\/\/fldvalve.com\/es\/wp-json\/wp\/v2\/product_brand?post=266"},{"taxonomy":"product_cat","embeddable":true,"href":"https:\/\/fldvalve.com\/es\/wp-json\/wp\/v2\/product_cat?post=266"},{"taxonomy":"product_tag","embeddable":true,"href":"https:\/\/fldvalve.com\/es\/wp-json\/wp\/v2\/product_tag?post=266"}],"curies":[{"name":"wp","href":"https:\/\/api.w.org\/{rel}","templated":true}]}}