{"id":268,"date":"2026-01-05T07:42:20","date_gmt":"2026-01-05T07:42:20","guid":{"rendered":"https:\/\/fldvalve.com\/?post_type=product&#038;p=268"},"modified":"2026-02-05T06:59:09","modified_gmt":"2026-02-05T06:59:09","slug":"pneumatic-switch-shut-off-ball-valve","status":"publish","type":"product","link":"https:\/\/fldvalve.com\/es\/product\/pneumatic-switch-shut-off-ball-valve\/","title":{"rendered":"V\u00e1lvula neum\u00e1tica de interruptor\/bola de apagado"},"content":{"rendered":"<h2>V\u00e1lvula neum\u00e1tica de interruptor\/bola de apagado<\/h2>\n<p>Una v\u00e1lvula de bola de cierre automatizada que cuenta con un n\u00facleo de bola de orificio completo y est\u00e1 equipada con un actuador neum\u00e1tico, que se utiliza principalmente para abrir, cerrar y cerrar r\u00e1pidamente medios de tuber\u00eda. Esta v\u00e1lvula de bola de cierre cuenta con una estructura compacta, operaci\u00f3n simple y apertura y cierre r\u00e1pidos, lo que la hace ampliamente aplicable en sistemas de tuber\u00edas de agua, petr\u00f3leo, gas y algunos medios corrosivos para control automatizado remoto.<\/p>\n<h3><strong>Ventajas clave:<\/strong><\/h3>\n<p>1. Apertura y cierre r\u00e1pidos, funcionamiento flexible<br \/>\nEl actuador neum\u00e1tico responde r\u00e1pidamente, adecuado para funcionamiento frecuente y control remoto.<br \/>\n2. Excelente rendimiento de sellado<br \/>\nUtiliza sellos de junta t\u00f3rica o de junta en V para garantizar cero fugas y resistencia a la presi\u00f3n.<br \/>\n3. Estructura compacta, mantenimiento conveniente<br \/>\nEl dise\u00f1o de di\u00e1metro total da como resultado una baja resistencia al flujo, peso ligero, tama\u00f1o reducido y f\u00e1cil desmontaje y mantenimiento.<br \/>\n4. Fuerte compatibilidad<br \/>\nSe puede integrar con sistemas PLC\/DCS para un control automatizado centralizado.<br \/>\n5. Amplia gama de medios aplicables<br \/>\nAdecuado para agua, aceite, aire y gases o l\u00edquidos d\u00e9bilmente corrosivos.<\/p>\n<h3><strong>\u00c1reas de aplicaci\u00f3n t\u00edpicas:<\/strong><\/h3>\n<p>\u2022 Sistemas de transporte de petr\u00f3leo, gas natural y gasoductos<br \/>\n\u2022 Plantas qu\u00edmicas, farmac\u00e9uticas y de qu\u00edmica fina<br \/>\n\u2022 Sistemas municipales de abastecimiento de agua y drenaje y tratamiento de aguas residuales<br \/>\n\u2022 Sistemas HVAC y tuber\u00edas de calefacci\u00f3n y ventilaci\u00f3n<br \/>\n\u2022 L\u00edneas de producci\u00f3n automatizadas y redes de tuber\u00edas de control remoto<\/p>","protected":false},"excerpt":{"rendered":"<p>Se utiliza principalmente para la apertura, cierre y cierre r\u00e1pidos de medios de tuber\u00edas. Esta v\u00e1lvula presenta una estructura compacta, operaci\u00f3n simple y apertura y cierre r\u00e1pidos, y se usa ampliamente en sistemas de tuber\u00edas de agua, petr\u00f3leo, gas y algunos medios corrosivos, lo que permite el control automatizado remoto.<\/p>","protected":false},"featured_media":269,"comment_status":"open","ping_status":"closed","template":"","meta":[],"product_brand":[],"product_cat":[24],"product_tag":[],"class_list":{"0":"post-268","1":"product","2":"type-product","3":"status-publish","4":"has-post-thumbnail","6":"product_cat-shut-off-valve","8":"first","9":"instock","10":"shipping-taxable","11":"product-type-simple"},"_links":{"self":[{"href":"https:\/\/fldvalve.com\/es\/wp-json\/wp\/v2\/product\/268","targetHints":{"allow":["GET"]}}],"collection":[{"href":"https:\/\/fldvalve.com\/es\/wp-json\/wp\/v2\/product"}],"about":[{"href":"https:\/\/fldvalve.com\/es\/wp-json\/wp\/v2\/types\/product"}],"replies":[{"embeddable":true,"href":"https:\/\/fldvalve.com\/es\/wp-json\/wp\/v2\/comments?post=268"}],"wp:featuredmedia":[{"embeddable":true,"href":"https:\/\/fldvalve.com\/es\/wp-json\/wp\/v2\/media\/269"}],"wp:attachment":[{"href":"https:\/\/fldvalve.com\/es\/wp-json\/wp\/v2\/media?parent=268"}],"wp:term":[{"taxonomy":"product_brand","embeddable":true,"href":"https:\/\/fldvalve.com\/es\/wp-json\/wp\/v2\/product_brand?post=268"},{"taxonomy":"product_cat","embeddable":true,"href":"https:\/\/fldvalve.com\/es\/wp-json\/wp\/v2\/product_cat?post=268"},{"taxonomy":"product_tag","embeddable":true,"href":"https:\/\/fldvalve.com\/es\/wp-json\/wp\/v2\/product_tag?post=268"}],"curies":[{"name":"wp","href":"https:\/\/api.w.org\/{rel}","templated":true}]}}