{"id":270,"date":"2026-01-05T08:02:34","date_gmt":"2026-01-05T08:02:34","guid":{"rendered":"https:\/\/fldvalve.com\/?post_type=product&#038;p=270"},"modified":"2026-02-05T06:49:19","modified_gmt":"2026-02-05T06:49:19","slug":"pneumatic-v-port-regulating-ball-valve","status":"publish","type":"product","link":"https:\/\/fldvalve.com\/es\/product\/pneumatic-v-port-regulating-ball-valve\/","title":{"rendered":"V\u00e1lvula de bola reguladora de puerto V neum\u00e1tico"},"content":{"rendered":"<h2>V\u00e1lvula de bola reguladora de puerto V neum\u00e1tico<\/h2>\n<p>La v\u00e1lvula de bola reguladora de puerto V neum\u00e1tico es una v\u00e1lvula automatizada que logra un control de flujo preciso mediante la combinaci\u00f3n de un n\u00facleo de bola en forma de V y un asiento de v\u00e1lvula. Equipadas con un actuador neum\u00e1tico, pueden responder r\u00e1pidamente a se\u00f1ales de control para ajuste remoto. En comparaci\u00f3n con las v\u00e1lvulas de bola ordinarias, las v\u00e1lvulas de bola de puerto V ofrecen mejores caracter\u00edsticas de control y mayor precisi\u00f3n de flujo, lo que las hace adecuadas para aplicaciones de control continuo que involucran alta temperatura, alta presi\u00f3n y medios erosivos.<\/p>\n<h3><strong>Ventajas clave:<\/strong><\/h3>\n<p>1. Alta precisi\u00f3n de control<br \/>\nEl dise\u00f1o del puerto en V proporciona caracter\u00edsticas de flujo lineal o porcentual igual, adecuadas para un control preciso del proceso.<br \/>\n2. Apertura, cierre y respuesta r\u00e1pidos<br \/>\nEl actuador neum\u00e1tico proporciona una respuesta r\u00e1pida y favorece el funcionamiento frecuente.<br \/>\n3. Resistencia a la erosi\u00f3n y al desgaste<br \/>\nEl n\u00facleo de la v\u00e1lvula y el asiento est\u00e1n hechos de materiales altamente resistentes al desgaste, adecuados para alta presi\u00f3n diferencial y medios erosivos.<br \/>\n4. Rendimiento de sellado confiable<br \/>\nSello blando con junta t\u00f3rica opcional o sello duro met\u00e1lico, con baja tasa de fuga.<br \/>\n5. Amplia gama de aplicaciones<br \/>\nAdecuado para controlar l\u00edquidos, gases, vapor y medios corrosivos.<\/p>\n<h3><strong>\u00c1reas de aplicaci\u00f3n t\u00edpicas:<\/strong><\/h3>\n<p>\u2022 Flujos de procesos qu\u00edmicos y qu\u00edmicos finos<br \/>\n\u2022 Petr\u00f3leo, gas natural y oleoductos de alta presi\u00f3n<br \/>\n\u2022 Sistemas de potencia y energ\u00eda<br \/>\n\u2022 Sistemas de control de vapor y l\u00edquidos a alta temperatura<br \/>\n\u2022 Sistemas de protecci\u00f3n ambiental, tratamiento de aguas y control de aguas residuales<\/p>","protected":false},"excerpt":{"rendered":"<p>En comparaci\u00f3n con las v\u00e1lvulas de bola est\u00e1ndar, las v\u00e1lvulas de bola reguladoras de puerto neum\u00e1tico en V ofrecen mejores caracter\u00edsticas de control y mayor precisi\u00f3n de flujo, lo que las hace adecuadas para aplicaciones de control continuo que involucran alta temperatura, alta presi\u00f3n y medios erosivos.<\/p>","protected":false},"featured_media":271,"comment_status":"open","ping_status":"closed","template":"","meta":[],"product_brand":[],"product_cat":[25],"product_tag":[],"class_list":{"0":"post-270","1":"product","2":"type-product","3":"status-publish","4":"has-post-thumbnail","6":"product_cat-ball-valve","8":"first","9":"instock","10":"shipping-taxable","11":"product-type-simple"},"_links":{"self":[{"href":"https:\/\/fldvalve.com\/es\/wp-json\/wp\/v2\/product\/270","targetHints":{"allow":["GET"]}}],"collection":[{"href":"https:\/\/fldvalve.com\/es\/wp-json\/wp\/v2\/product"}],"about":[{"href":"https:\/\/fldvalve.com\/es\/wp-json\/wp\/v2\/types\/product"}],"replies":[{"embeddable":true,"href":"https:\/\/fldvalve.com\/es\/wp-json\/wp\/v2\/comments?post=270"}],"wp:featuredmedia":[{"embeddable":true,"href":"https:\/\/fldvalve.com\/es\/wp-json\/wp\/v2\/media\/271"}],"wp:attachment":[{"href":"https:\/\/fldvalve.com\/es\/wp-json\/wp\/v2\/media?parent=270"}],"wp:term":[{"taxonomy":"product_brand","embeddable":true,"href":"https:\/\/fldvalve.com\/es\/wp-json\/wp\/v2\/product_brand?post=270"},{"taxonomy":"product_cat","embeddable":true,"href":"https:\/\/fldvalve.com\/es\/wp-json\/wp\/v2\/product_cat?post=270"},{"taxonomy":"product_tag","embeddable":true,"href":"https:\/\/fldvalve.com\/es\/wp-json\/wp\/v2\/product_tag?post=270"}],"curies":[{"name":"wp","href":"https:\/\/api.w.org\/{rel}","templated":true}]}}