{"id":272,"date":"2026-01-05T08:04:27","date_gmt":"2026-01-05T08:04:27","guid":{"rendered":"https:\/\/fldvalve.com\/?post_type=product&#038;p=272"},"modified":"2026-02-05T06:24:51","modified_gmt":"2026-02-05T06:24:51","slug":"pneumatic-switch-operated-ball-valve","status":"publish","type":"product","link":"https:\/\/fldvalve.com\/es\/product\/pneumatic-switch-operated-ball-valve\/","title":{"rendered":"V\u00e1lvula de bola accionada por interruptor neum\u00e1tico"},"content":{"rendered":"<h2>V\u00e1lvula de bola accionada por interruptor neum\u00e1tico<\/h2>\n<p>Las v\u00e1lvulas de bola neum\u00e1ticas operadas por interruptor son v\u00e1lvulas automatizadas que cuentan con un n\u00facleo de bola de di\u00e1metro completo y un actuador neum\u00e1tico, que se utilizan para abrir, cerrar y apagar r\u00e1pidamente los medios en tuber\u00edas. Estas v\u00e1lvulas tienen una estructura compacta, velocidades de apertura y cierre r\u00e1pidas y un funcionamiento sencillo, lo que las hace adecuadas para sistemas de tuber\u00edas de agua, petr\u00f3leo, gas y algunos medios corrosivos de baja a media o media a alta presi\u00f3n. Tambi\u00e9n se pueden utilizar para control automatizado remoto.<\/p>\n<h3><strong>Ventajas clave:<\/strong><\/h3>\n<p>1. Apertura y Cierre R\u00e1pidos<br \/>\nEl actuador neum\u00e1tico reacciona r\u00e1pidamente, soportando un funcionamiento frecuente.<br \/>\n2. Rendimiento de sellado confiable<br \/>\nLos sellos blandos con junta t\u00f3rica o los sellos duros met\u00e1licos garantizan cero fugas y una excelente resistencia a la presi\u00f3n.<br \/>\n3. Estructura compacta y f\u00e1cil instalaci\u00f3n<br \/>\nEl dise\u00f1o de orificio completo da como resultado una baja resistencia al flujo, un tama\u00f1o reducido y un dise\u00f1o y mantenimiento sencillos del sistema.<br \/>\n4. Fuerte compatibilidad de automatizaci\u00f3n<br \/>\nSe puede integrar con sistemas PLC\/DCS para control centralizado remoto.<br \/>\n5. Amplia gama de medios aplicables<br \/>\nAdecuado para agua, aceite, aire y algunos medios corrosivos.<\/p>\n<h3><strong>\u00c1reas de aplicaci\u00f3n t\u00edpicas:<\/strong><\/h3>\n<p>\u2022 Sistemas de transporte de petr\u00f3leo, gas natural y oleoductos<br \/>\n\u2022 Tuber\u00edas de procesos qu\u00edmicos, farmac\u00e9uticos y de qu\u00edmica fina<br \/>\n\u2022 Sistemas municipales de abastecimiento de agua y drenaje y tratamiento de aguas residuales<br \/>\n\u2022 Sistemas HVAC y tuber\u00edas de calefacci\u00f3n y ventilaci\u00f3n<br \/>\n\u2022 L\u00edneas de producci\u00f3n automatizadas y redes de tuber\u00edas de control remoto<\/p>","protected":false},"excerpt":{"rendered":"<p>Las v\u00e1lvulas de bola neum\u00e1ticas operadas por interruptor cuentan con una estructura compacta, apertura y cierre r\u00e1pidos y f\u00e1cil operaci\u00f3n. Son adecuados para sistemas de tuber\u00edas de agua, petr\u00f3leo, gas y algunos medios corrosivos de presi\u00f3n media a baja o media a alta, y pueden usarse para control automatizado remoto.<\/p>","protected":false},"featured_media":273,"comment_status":"open","ping_status":"closed","template":"","meta":[],"product_brand":[],"product_cat":[25],"product_tag":[],"class_list":{"0":"post-272","1":"product","2":"type-product","3":"status-publish","4":"has-post-thumbnail","6":"product_cat-ball-valve","8":"first","9":"instock","10":"shipping-taxable","11":"product-type-simple"},"_links":{"self":[{"href":"https:\/\/fldvalve.com\/es\/wp-json\/wp\/v2\/product\/272","targetHints":{"allow":["GET"]}}],"collection":[{"href":"https:\/\/fldvalve.com\/es\/wp-json\/wp\/v2\/product"}],"about":[{"href":"https:\/\/fldvalve.com\/es\/wp-json\/wp\/v2\/types\/product"}],"replies":[{"embeddable":true,"href":"https:\/\/fldvalve.com\/es\/wp-json\/wp\/v2\/comments?post=272"}],"wp:featuredmedia":[{"embeddable":true,"href":"https:\/\/fldvalve.com\/es\/wp-json\/wp\/v2\/media\/273"}],"wp:attachment":[{"href":"https:\/\/fldvalve.com\/es\/wp-json\/wp\/v2\/media?parent=272"}],"wp:term":[{"taxonomy":"product_brand","embeddable":true,"href":"https:\/\/fldvalve.com\/es\/wp-json\/wp\/v2\/product_brand?post=272"},{"taxonomy":"product_cat","embeddable":true,"href":"https:\/\/fldvalve.com\/es\/wp-json\/wp\/v2\/product_cat?post=272"},{"taxonomy":"product_tag","embeddable":true,"href":"https:\/\/fldvalve.com\/es\/wp-json\/wp\/v2\/product_tag?post=272"}],"curies":[{"name":"wp","href":"https:\/\/api.w.org\/{rel}","templated":true}]}}