{"id":453,"date":"2026-01-06T02:58:24","date_gmt":"2026-01-06T02:58:24","guid":{"rendered":"https:\/\/fldvalve.com\/?post_type=product&#038;p=453"},"modified":"2026-02-05T06:08:08","modified_gmt":"2026-02-05T06:08:08","slug":"pneumatic-diaphragm-high-temperature-control-valve","status":"publish","type":"product","link":"https:\/\/fldvalve.com\/es\/product\/pneumatic-diaphragm-high-temperature-control-valve\/","title":{"rendered":"V\u00e1lvula de control de alta temperatura de diafragma neum\u00e1tico"},"content":{"rendered":"<h2>V\u00e1lvula de control de alta temperatura de diafragma neum\u00e1tico<\/h2>\n<p>Las v\u00e1lvulas de control de alta temperatura del diafragma neum\u00e1tico utilizan un actuador de diafragma neum\u00e1tico como fuente de energ\u00eda y est\u00e1n dise\u00f1adas espec\u00edficamente para una regulaci\u00f3n continua y precisa del flujo, la presi\u00f3n, la temperatura o el nivel de l\u00edquido del medio en condiciones de alta temperatura. Estas v\u00e1lvulas tienen una estructura madura, un funcionamiento estable y cuentan con una excelente resistencia a altas temperaturas, respuesta sensible y alta precisi\u00f3n de control. Se utilizan ampliamente en sistemas de vapor a alta temperatura, aceite de transferencia de calor y gas a alta temperatura.<\/p>\n<h3><strong>Ventajas clave:<\/strong><\/h3>\n<p>1. Excelente rendimiento a alta temperatura<br \/>\nAdecuado para medios de temperatura media a alta, lo que garantiza un funcionamiento estable a largo plazo.<br \/>\n2. Alta precisi\u00f3n de control<br \/>\nControl de carrera sensible, adecuado para aplicaciones de control proporcional continuo.<br \/>\n3. Estructura simple y alta confiabilidad<br \/>\nEl actuador de diafragma tiene una baja tasa de fallas y es f\u00e1cil de mantener.<br \/>\n4. Buena seguridad<br \/>\nIntr\u00ednsecamente a prueba de explosiones, adecuado para ambientes inflamables, explosivos y de alta temperatura.<br \/>\n5. M\u00faltiples modos de falla de seguridad<br \/>\nOpciones seleccionables de aire para abrir, aire para cerrar o aire para mantener para cumplir con los requisitos de seguridad del proceso.<\/p>\n<h3><strong>\u00c1reas de aplicaci\u00f3n t\u00edpicas:<\/strong><\/h3>\n<p>\u2022 Sistemas de vapor de alta temperatura<br \/>\n\u2022 Sistemas de circulaci\u00f3n de aceite por transferencia de calor<br \/>\n\u2022 Dispositivos de reacci\u00f3n de alta temperatura en las industrias qu\u00edmica y qu\u00edmica del carb\u00f3n<br \/>\n\u2022 Sistemas de potencia, energ\u00eda y t\u00e9rmicos<br \/>\n\u2022 Protecci\u00f3n del medio ambiente y sistemas de calefacci\u00f3n industrial<\/p>","protected":false},"excerpt":{"rendered":"<p>Las v\u00e1lvulas de control de alta temperatura del diafragma neum\u00e1tico tienen una estructura madura y un funcionamiento estable, con resistencia a altas temperaturas, respuesta sensible y alta precisi\u00f3n de control. Se utilizan ampliamente en sistemas de vapor a alta temperatura, aceite de transferencia de calor y gas a alta temperatura.<\/p>","protected":false},"featured_media":454,"comment_status":"open","ping_status":"closed","template":"","meta":[],"product_brand":[],"product_cat":[23],"product_tag":[],"class_list":{"0":"post-453","1":"product","2":"type-product","3":"status-publish","4":"has-post-thumbnail","6":"product_cat-control-valve","8":"first","9":"instock","10":"shipping-taxable","11":"product-type-simple"},"_links":{"self":[{"href":"https:\/\/fldvalve.com\/es\/wp-json\/wp\/v2\/product\/453","targetHints":{"allow":["GET"]}}],"collection":[{"href":"https:\/\/fldvalve.com\/es\/wp-json\/wp\/v2\/product"}],"about":[{"href":"https:\/\/fldvalve.com\/es\/wp-json\/wp\/v2\/types\/product"}],"replies":[{"embeddable":true,"href":"https:\/\/fldvalve.com\/es\/wp-json\/wp\/v2\/comments?post=453"}],"wp:featuredmedia":[{"embeddable":true,"href":"https:\/\/fldvalve.com\/es\/wp-json\/wp\/v2\/media\/454"}],"wp:attachment":[{"href":"https:\/\/fldvalve.com\/es\/wp-json\/wp\/v2\/media?parent=453"}],"wp:term":[{"taxonomy":"product_brand","embeddable":true,"href":"https:\/\/fldvalve.com\/es\/wp-json\/wp\/v2\/product_brand?post=453"},{"taxonomy":"product_cat","embeddable":true,"href":"https:\/\/fldvalve.com\/es\/wp-json\/wp\/v2\/product_cat?post=453"},{"taxonomy":"product_tag","embeddable":true,"href":"https:\/\/fldvalve.com\/es\/wp-json\/wp\/v2\/product_tag?post=453"}],"curies":[{"name":"wp","href":"https:\/\/api.w.org\/{rel}","templated":true}]}}