{"id":455,"date":"2026-01-06T03:17:29","date_gmt":"2026-01-06T03:17:29","guid":{"rendered":"https:\/\/fldvalve.com\/?post_type=product&#038;p=455"},"modified":"2026-02-04T08:51:06","modified_gmt":"2026-02-04T08:51:06","slug":"hts-single-seat-pneumatic-control-valve","status":"publish","type":"product","link":"https:\/\/fldvalve.com\/es\/product\/hts-single-seat-pneumatic-control-valve\/","title":{"rendered":"V\u00e1lvula de control neum\u00e1tico de asiento \u00fanico HTS"},"content":{"rendered":"<h2>V\u00e1lvula de control neum\u00e1tico de asiento \u00fanico HTS<\/h2>\n<p>La v\u00e1lvula de control neum\u00e1tica monoplaza HTS es una v\u00e1lvula de control neum\u00e1tica con estructura monoplaza y de un solo carrete, equipada con un diafragma neum\u00e1tico o actuador de pist\u00f3n. Se utiliza para el control continuo y preciso del caudal, presi\u00f3n, temperatura y nivel de l\u00edquido del medio en tuber\u00edas.<br \/>\nEsta serie de v\u00e1lvulas presenta una estructura compacta, bajas fugas y alta precisi\u00f3n de control, lo que la hace adecuada para sistemas de automatizaci\u00f3n industrial que requieren un alto rendimiento de sellado y estabilidad de control.<\/p>\n<h3><strong>Caracter\u00edsticas estructurales<\/strong><\/h3>\n<p>1. Dise\u00f1o de estructura monoplaza<br \/>\nAdopta un asiento de v\u00e1lvula \u00fanica y un carrete de v\u00e1lvula \u00fanico, lo que reduce eficazmente las fugas internas y cumple con altos requisitos de sellado.<br \/>\n2. Carrete de v\u00e1lvula equilibrado o desequilibrado<br \/>\nSe puede seleccionar seg\u00fan las condiciones de trabajo, equilibrando el rendimiento del control y los requisitos de fuerza de actuaci\u00f3n.<br \/>\n3. Actuador neum\u00e1tico<br \/>\nTipo diafragma neum\u00e1tico o pist\u00f3n opcional, con funcionamiento estable y respuesta r\u00e1pida.<br \/>\n4. Configuraci\u00f3n modular de accesorios<br \/>\nSe puede configurar con posicionador de v\u00e1lvula, regulador de filtro, interruptor de l\u00edmite, v\u00e1lvula solenoide, etc.<\/p>\n<h3><strong>Ventajas principales<\/strong><\/h3>\n<p>1. Fugas bajas<br \/>\nEstructura de un solo asiento, rendimiento de sellado superior en comparaci\u00f3n con las v\u00e1lvulas de dos asientos.<br \/>\n2. Alta precisi\u00f3n de control<br \/>\nControl de carrera estable y caracter\u00edsticas de flujo claro.<br \/>\n3. Operaci\u00f3n confiable<br \/>\nEstructura simple, baja tasa de fallas y f\u00e1cil mantenimiento.<br \/>\n4. Amplia gama de aplicaciones<br \/>\nAdecuado para diversos medios como l\u00edquidos, gases y vapor.<br \/>\n5. M\u00faltiples m\u00e9todos de control de seguridad<br \/>\nPosici\u00f3n opcional de aire para abrir, aire para cerrar o aire para mantener.<\/p>\n<h3><strong>Campos de aplicaci\u00f3n t\u00edpicos<\/strong><\/h3>\n<p>\u2022 Plantas qu\u00edmicas y petroqu\u00edmicas<br \/>\n\u2022 Sistemas de energ\u00eda, calefacci\u00f3n y vapor<br \/>\n\u2022 Sistemas de calefacci\u00f3n industrial y metal\u00fargica<br \/>\n\u2022 Control de procesos farmac\u00e9uticos y alimentarios<br \/>\n\u2022 Tratamiento de aguas e ingenier\u00eda ambiental<\/p>","protected":false},"excerpt":{"rendered":"<p>La v\u00e1lvula de control neum\u00e1tica monoplaza HTS es una v\u00e1lvula de control neum\u00e1tica con una estructura central monoplaza de v\u00e1lvula \u00fanica, equipada con un diafragma neum\u00e1tico o actuador de pist\u00f3n. Se utiliza para el control continuo y preciso del caudal, presi\u00f3n, temperatura y nivel de l\u00edquido del medio en tuber\u00edas.<\/p>","protected":false},"featured_media":456,"comment_status":"open","ping_status":"closed","template":"","meta":[],"product_brand":[],"product_cat":[23],"product_tag":[],"class_list":{"0":"post-455","1":"product","2":"type-product","3":"status-publish","4":"has-post-thumbnail","6":"product_cat-control-valve","8":"first","9":"instock","10":"shipping-taxable","11":"product-type-simple"},"_links":{"self":[{"href":"https:\/\/fldvalve.com\/es\/wp-json\/wp\/v2\/product\/455","targetHints":{"allow":["GET"]}}],"collection":[{"href":"https:\/\/fldvalve.com\/es\/wp-json\/wp\/v2\/product"}],"about":[{"href":"https:\/\/fldvalve.com\/es\/wp-json\/wp\/v2\/types\/product"}],"replies":[{"embeddable":true,"href":"https:\/\/fldvalve.com\/es\/wp-json\/wp\/v2\/comments?post=455"}],"wp:featuredmedia":[{"embeddable":true,"href":"https:\/\/fldvalve.com\/es\/wp-json\/wp\/v2\/media\/456"}],"wp:attachment":[{"href":"https:\/\/fldvalve.com\/es\/wp-json\/wp\/v2\/media?parent=455"}],"wp:term":[{"taxonomy":"product_brand","embeddable":true,"href":"https:\/\/fldvalve.com\/es\/wp-json\/wp\/v2\/product_brand?post=455"},{"taxonomy":"product_cat","embeddable":true,"href":"https:\/\/fldvalve.com\/es\/wp-json\/wp\/v2\/product_cat?post=455"},{"taxonomy":"product_tag","embeddable":true,"href":"https:\/\/fldvalve.com\/es\/wp-json\/wp\/v2\/product_tag?post=455"}],"curies":[{"name":"wp","href":"https:\/\/api.w.org\/{rel}","templated":true}]}}