{"id":457,"date":"2026-01-06T03:22:03","date_gmt":"2026-01-06T03:22:03","guid":{"rendered":"https:\/\/fldvalve.com\/?post_type=product&#038;p=457"},"modified":"2026-02-04T08:46:35","modified_gmt":"2026-02-04T08:46:35","slug":"pneumatic-v-port-control-ball-valve","status":"publish","type":"product","link":"https:\/\/fldvalve.com\/es\/product\/pneumatic-v-port-control-ball-valve\/","title":{"rendered":"V\u00e1lvula de bola de control de puerto V neum\u00e1tico"},"content":{"rendered":"<h2>V\u00e1lvula de bola de control de puerto V neum\u00e1tico<\/h2>\n<p>La v\u00e1lvula de bola de control del puerto V neum\u00e1tico es una v\u00e1lvula de control automatizada que combina una regulaci\u00f3n precisa y un apagado confiable. Cuenta con un n\u00facleo de bola de apertura en forma de V y est\u00e1 equipado con un actuador neum\u00e1tico, lo que permite un control proporcional continuo del caudal, la presi\u00f3n o los par\u00e1metros del proceso en las tuber\u00edas.<br \/>\nEste tipo de v\u00e1lvula es particularmente adecuada para aplicaciones con alta presi\u00f3n diferencial, altos caudales y medios que contienen part\u00edculas o propensos a la erosi\u00f3n, lo que la convierte en una alternativa importante a las v\u00e1lvulas de control tradicionales.<\/p>\n<h3><strong>Ventajas principales:<\/strong><\/h3>\n<p>1. Excelente desempe\u00f1o regulatorio<br \/>\nBuena linealidad y alta repetibilidad, adecuada para un control preciso del flujo.<br \/>\n2. Resistente a la erosi\u00f3n y al desgaste<br \/>\nLa estructura de corte previene eficazmente la deposici\u00f3n y el bloqueo del medio.<br \/>\n3. Fuerte adaptabilidad a la presi\u00f3n diferencial<br \/>\nAdecuado para condiciones de alta presi\u00f3n diferencial y alto caudal.<br \/>\n4. Sellado confiable<br \/>\nSellado duro, blando o met\u00e1lico opcional para fugas bajas o incluso cero.<br \/>\n5. Apertura y Cierre R\u00e1pidos<br \/>\nAccionamiento neum\u00e1tico, apto para funcionamiento frecuente y sistemas automatizados.<\/p>\n<h3><strong>\u00c1reas de aplicaci\u00f3n t\u00edpicas:<\/strong><\/h3>\n<p>\u2022 Procesos qu\u00edmicos, petroqu\u00edmicos y qu\u00edmicos finos<br \/>\n\u2022 Sistemas de transporte de pulpa, papel y fibra<br \/>\n\u2022 Metalurgia, miner\u00eda y control de medios de lodos<br \/>\n\u2022 Sistemas de potencia, energ\u00eda y vapor<br \/>\n\u2022 Tratamiento de aguas e ingenier\u00eda ambiental<\/p>","protected":false},"excerpt":{"rendered":"<p>La v\u00e1lvula de bola de control del puerto V neum\u00e1tico es una v\u00e1lvula de control automatizada que combina una regulaci\u00f3n precisa y un apagado confiable. Cuenta con un n\u00facleo de bola de apertura en forma de V y est\u00e1 equipado con un actuador neum\u00e1tico, lo que permite un control proporcional continuo del caudal, la presi\u00f3n o los par\u00e1metros del proceso en las tuber\u00edas.<\/p>","protected":false},"featured_media":458,"comment_status":"open","ping_status":"closed","template":"","meta":[],"product_brand":[],"product_cat":[23],"product_tag":[],"class_list":{"0":"post-457","1":"product","2":"type-product","3":"status-publish","4":"has-post-thumbnail","6":"product_cat-control-valve","8":"first","9":"instock","10":"shipping-taxable","11":"product-type-simple"},"_links":{"self":[{"href":"https:\/\/fldvalve.com\/es\/wp-json\/wp\/v2\/product\/457","targetHints":{"allow":["GET"]}}],"collection":[{"href":"https:\/\/fldvalve.com\/es\/wp-json\/wp\/v2\/product"}],"about":[{"href":"https:\/\/fldvalve.com\/es\/wp-json\/wp\/v2\/types\/product"}],"replies":[{"embeddable":true,"href":"https:\/\/fldvalve.com\/es\/wp-json\/wp\/v2\/comments?post=457"}],"wp:featuredmedia":[{"embeddable":true,"href":"https:\/\/fldvalve.com\/es\/wp-json\/wp\/v2\/media\/458"}],"wp:attachment":[{"href":"https:\/\/fldvalve.com\/es\/wp-json\/wp\/v2\/media?parent=457"}],"wp:term":[{"taxonomy":"product_brand","embeddable":true,"href":"https:\/\/fldvalve.com\/es\/wp-json\/wp\/v2\/product_brand?post=457"},{"taxonomy":"product_cat","embeddable":true,"href":"https:\/\/fldvalve.com\/es\/wp-json\/wp\/v2\/product_cat?post=457"},{"taxonomy":"product_tag","embeddable":true,"href":"https:\/\/fldvalve.com\/es\/wp-json\/wp\/v2\/product_tag?post=457"}],"curies":[{"name":"wp","href":"https:\/\/api.w.org\/{rel}","templated":true}]}}