{"id":459,"date":"2026-01-06T03:27:34","date_gmt":"2026-01-06T03:27:34","guid":{"rendered":"https:\/\/fldvalve.com\/?post_type=product&#038;p=459"},"modified":"2026-02-04T08:43:24","modified_gmt":"2026-02-04T08:43:24","slug":"pneumatic-three-way-ball-valve","status":"publish","type":"product","link":"https:\/\/fldvalve.com\/es\/product\/pneumatic-three-way-ball-valve\/","title":{"rendered":"V\u00e1lvula neum\u00e1tica de bola de tres v\u00edas"},"content":{"rendered":"<h2>V\u00e1lvula neum\u00e1tica de bola de tres v\u00edas<\/h2>\n<p>Una v\u00e1lvula de bola neum\u00e1tica de tres v\u00edas es una v\u00e1lvula de bola multicanal impulsada por un actuador neum\u00e1tico, que se utiliza principalmente para desviar, combinar o cambiar el flujo de medios en tuber\u00edas. Esta v\u00e1lvula puede cambiar entre diferentes direcciones de flujo seg\u00fan los requisitos del proceso, presenta una estructura compacta y un funcionamiento r\u00e1pido, y se usa ampliamente en sistemas de control automatizados.<\/p>\n<h3><strong>IV. Ventajas principales<\/strong><\/h3>\n<p>1. Control multicanal<br \/>\nUna v\u00e1lvula puede realizar funciones de desv\u00edo, combinaci\u00f3n o conmutaci\u00f3n, simplificando el sistema de tuber\u00edas.<br \/>\n2. Acci\u00f3n r\u00e1pida y alta confiabilidad<br \/>\nEl accionamiento neum\u00e1tico es adecuado para condiciones de conmutaci\u00f3n frecuentes.<br \/>\n3. Buen rendimiento de sellado<br \/>\nDisponible con sellos blandos o met\u00e1licos duros, lo que resulta en bajas fugas.<br \/>\n4. Estructura compacta y f\u00e1cil instalaci\u00f3n<br \/>\nAhorra espacio y simplifica el mantenimiento.<br \/>\n5. Amplia gama de medios aplicables<br \/>\nAdecuado para diversos medios, incluidos l\u00edquidos, gases y vapor.<\/p>\n<h3><strong>\u00c1reas de aplicaci\u00f3n t\u00edpicas<\/strong><\/h3>\n<p>\u2022 Sistemas de conmutaci\u00f3n de procesos qu\u00edmicos y petroqu\u00edmicos<br \/>\n\u2022 Distribuci\u00f3n de medios en l\u00edneas de producci\u00f3n automatizadas<br \/>\n\u2022 Sistemas de tratamiento de agua y conmutaci\u00f3n de caudal<br \/>\n\u2022 Flujos de procesos alimentarios y farmac\u00e9uticos<br \/>\n\u2022 Tuber\u00edas de energ\u00eda y servicios p\u00fablicos<\/p>","protected":false},"excerpt":{"rendered":"<p>Las v\u00e1lvulas de bola neum\u00e1ticas de tres v\u00edas se utilizan principalmente para desviar, combinar o cambiar el flujo de medios en tuber\u00edas. Pueden cambiar entre diferentes direcciones de flujo seg\u00fan los requisitos del proceso, y su estructura compacta y su r\u00e1pido funcionamiento los hacen ampliamente utilizados en sistemas de control automatizados.<\/p>","protected":false},"featured_media":460,"comment_status":"open","ping_status":"closed","template":"","meta":[],"product_brand":[],"product_cat":[25],"product_tag":[],"class_list":{"0":"post-459","1":"product","2":"type-product","3":"status-publish","4":"has-post-thumbnail","6":"product_cat-ball-valve","8":"first","9":"instock","10":"shipping-taxable","11":"product-type-simple"},"_links":{"self":[{"href":"https:\/\/fldvalve.com\/es\/wp-json\/wp\/v2\/product\/459","targetHints":{"allow":["GET"]}}],"collection":[{"href":"https:\/\/fldvalve.com\/es\/wp-json\/wp\/v2\/product"}],"about":[{"href":"https:\/\/fldvalve.com\/es\/wp-json\/wp\/v2\/types\/product"}],"replies":[{"embeddable":true,"href":"https:\/\/fldvalve.com\/es\/wp-json\/wp\/v2\/comments?post=459"}],"wp:featuredmedia":[{"embeddable":true,"href":"https:\/\/fldvalve.com\/es\/wp-json\/wp\/v2\/media\/460"}],"wp:attachment":[{"href":"https:\/\/fldvalve.com\/es\/wp-json\/wp\/v2\/media?parent=459"}],"wp:term":[{"taxonomy":"product_brand","embeddable":true,"href":"https:\/\/fldvalve.com\/es\/wp-json\/wp\/v2\/product_brand?post=459"},{"taxonomy":"product_cat","embeddable":true,"href":"https:\/\/fldvalve.com\/es\/wp-json\/wp\/v2\/product_cat?post=459"},{"taxonomy":"product_tag","embeddable":true,"href":"https:\/\/fldvalve.com\/es\/wp-json\/wp\/v2\/product_tag?post=459"}],"curies":[{"name":"wp","href":"https:\/\/api.w.org\/{rel}","templated":true}]}}