{"id":463,"date":"2026-01-06T03:35:03","date_gmt":"2026-01-06T03:35:03","guid":{"rendered":"https:\/\/fldvalve.com\/?post_type=product&#038;p=463"},"modified":"2026-02-04T08:13:39","modified_gmt":"2026-02-04T08:13:39","slug":"self-operated-pressure-control-valve","status":"publish","type":"product","link":"https:\/\/fldvalve.com\/es\/product\/self-operated-pressure-control-valve\/","title":{"rendered":"V\u00e1lvula de control de presi\u00f3n autooperada"},"content":{"rendered":"<h2>V\u00e1lvula de control de presi\u00f3n autooperada<\/h2>\n<p>Las v\u00e1lvulas de control de presi\u00f3n diferencial\/presi\u00f3n autooperadas son v\u00e1lvulas de control autom\u00e1tico que no requieren alimentaci\u00f3n externa ni suministro de aire. Utilizan la presi\u00f3n del propio medio controlado como fuente de energ\u00eda para lograr un ajuste autom\u00e1tico y un control estable de la presi\u00f3n o presi\u00f3n diferencial en tuber\u00edas o sistemas.<br \/>\nEstas v\u00e1lvulas tienen una estructura simple y un funcionamiento confiable, y se usan ampliamente en sistemas de calefacci\u00f3n, suministro de agua, vapor y tuber\u00edas industriales.<\/p>\n<h3><strong>Ventajas principales<\/strong><\/h3>\n<p>1. Energ\u00e9ticamente eficiente y fiable<br \/>\nNo se requiere energ\u00eda externa, lo que resulta en bajos costos operativos.<br \/>\n2. Control estable<br \/>\nRespuesta sensible a la presi\u00f3n o fluctuaciones diferenciales de presi\u00f3n.<br \/>\n3. F\u00e1cil instalaci\u00f3n y mantenimiento<br \/>\nEstructura sencilla y puesta en marcha r\u00e1pida.<br \/>\n4. Amplia gama de aplicaciones<br \/>\nAdecuado para l\u00edquidos, gases, vapor y otros medios.<\/p>\n<h3><strong>\u00c1reas de aplicaci\u00f3n t\u00edpicas<\/strong><\/h3>\n<p>\u2022 Sistemas de estaciones centrales de calefacci\u00f3n e intercambio de calor<br \/>\n\u2022 Suministro de agua urbana y redes de agua industrial<br \/>\n\u2022 Sistemas de estabilizaci\u00f3n y reducci\u00f3n de la presi\u00f3n del vapor<br \/>\n\u2022 Tuber\u00edas de procesos qu\u00edmicos y petroleros<br \/>\n\u2022 Sistemas de circulaci\u00f3n industrial y servicios p\u00fablicos<\/p>","protected":false},"excerpt":{"rendered":"<p>Esta v\u00e1lvula de control autom\u00e1tico no requiere alimentaci\u00f3n externa ni suministro de aire, confiando en la presi\u00f3n del propio medio controlado como fuente de energ\u00eda para lograr un ajuste autom\u00e1tico y un control estable de la presi\u00f3n o presi\u00f3n diferencial en tuber\u00edas o sistemas.<\/p>","protected":false},"featured_media":464,"comment_status":"open","ping_status":"closed","template":"","meta":[],"product_brand":[],"product_cat":[26],"product_tag":[],"class_list":{"0":"post-463","1":"product","2":"type-product","3":"status-publish","4":"has-post-thumbnail","6":"product_cat-self-operated-control-valve","8":"first","9":"instock","10":"shipping-taxable","11":"product-type-simple"},"_links":{"self":[{"href":"https:\/\/fldvalve.com\/es\/wp-json\/wp\/v2\/product\/463","targetHints":{"allow":["GET"]}}],"collection":[{"href":"https:\/\/fldvalve.com\/es\/wp-json\/wp\/v2\/product"}],"about":[{"href":"https:\/\/fldvalve.com\/es\/wp-json\/wp\/v2\/types\/product"}],"replies":[{"embeddable":true,"href":"https:\/\/fldvalve.com\/es\/wp-json\/wp\/v2\/comments?post=463"}],"wp:featuredmedia":[{"embeddable":true,"href":"https:\/\/fldvalve.com\/es\/wp-json\/wp\/v2\/media\/464"}],"wp:attachment":[{"href":"https:\/\/fldvalve.com\/es\/wp-json\/wp\/v2\/media?parent=463"}],"wp:term":[{"taxonomy":"product_brand","embeddable":true,"href":"https:\/\/fldvalve.com\/es\/wp-json\/wp\/v2\/product_brand?post=463"},{"taxonomy":"product_cat","embeddable":true,"href":"https:\/\/fldvalve.com\/es\/wp-json\/wp\/v2\/product_cat?post=463"},{"taxonomy":"product_tag","embeddable":true,"href":"https:\/\/fldvalve.com\/es\/wp-json\/wp\/v2\/product_tag?post=463"}],"curies":[{"name":"wp","href":"https:\/\/api.w.org\/{rel}","templated":true}]}}