{"id":465,"date":"2026-01-06T03:37:03","date_gmt":"2026-01-06T03:37:03","guid":{"rendered":"https:\/\/fldvalve.com\/?post_type=product&#038;p=465"},"modified":"2026-02-04T08:00:37","modified_gmt":"2026-02-04T08:00:37","slug":"zzy-series-self-operated-pressure-regulating-valve","status":"publish","type":"product","link":"https:\/\/fldvalve.com\/es\/product\/zzy-series-self-operated-pressure-regulating-valve\/","title":{"rendered":"V\u00e1lvula reguladora de presi\u00f3n autooperada serie ZZY"},"content":{"rendered":"<h2>V\u00e1lvula reguladora de presi\u00f3n autooperada serie ZZY<\/h2>\n<p>La v\u00e1lvula reguladora de presi\u00f3n autooperada serie ZZY es una v\u00e1lvula de control que regula autom\u00e1ticamente la presi\u00f3n utilizando la presi\u00f3n del propio medio controlado, sin requerir alimentaci\u00f3n externa ni suministro de aire. Se utiliza principalmente para el control estable de la presi\u00f3n de entrada, presi\u00f3n de salida o presi\u00f3n del sistema en tuber\u00edas o equipos.<br \/>\nEsta serie de v\u00e1lvulas presenta una estructura madura y un rendimiento estable, y se usa ampliamente en sistemas de calefacci\u00f3n, suministro de agua, vapor y tuber\u00edas industriales, lo que la convierte en una alternativa ideal a las v\u00e1lvulas tradicionales reductoras y reguladoras de presi\u00f3n.<\/p>\n<h3><strong>Ventajas principales:<\/strong><\/h3>\n<p>1. Eficient energic<br \/>\nNo depende de energ\u00eda externa, lo que resulta en bajos costos operativos.<br \/>\n2. Excelente rendimiento de regulaci\u00f3n de presi\u00f3n<br \/>\nRespuesta sensible a las fluctuaciones de presi\u00f3n y alta precisi\u00f3n de control.<br \/>\n3. Estructura simple y larga vida \u00fatil<br \/>\nBaja tasa de fallas y mantenimiento m\u00ednimo.<br \/>\n4. Amplia gama de medios aplicables<br \/>\nAdecuado para agua, vapor, gas y diversos medios industriales.<\/p>\n<h3><strong>\u00c1reas de aplicaci\u00f3n t\u00edpicas:<\/strong><\/h3>\n<p>\u2022 Estaciones centrales de calefacci\u00f3n e intercambio de calor<br \/>\n\u2022 Sistemas de abastecimiento de agua urbanos e industriales<br \/>\n\u2022 Sistemas de regulaci\u00f3n y reducci\u00f3n de presi\u00f3n de vapor<br \/>\n\u2022 Redes de oleoductos, productos qu\u00edmicos y servicios p\u00fablicos<br \/>\n\u2022 Protecci\u00f3n y control de la presi\u00f3n de equipos industriales<\/p>","protected":false},"excerpt":{"rendered":"<p>La v\u00e1lvula reguladora de presi\u00f3n autooperada serie ZZY es una v\u00e1lvula de control que regula autom\u00e1ticamente la presi\u00f3n utilizando la presi\u00f3n del propio medio controlado, sin requerir alimentaci\u00f3n externa ni suministro de aire. Se utiliza principalmente para el control estable de la presi\u00f3n de entrada, presi\u00f3n de salida o presi\u00f3n del sistema en tuber\u00edas o equipos.<\/p>","protected":false},"featured_media":466,"comment_status":"open","ping_status":"closed","template":"","meta":[],"product_brand":[],"product_cat":[26],"product_tag":[],"class_list":{"0":"post-465","1":"product","2":"type-product","3":"status-publish","4":"has-post-thumbnail","6":"product_cat-self-operated-control-valve","8":"first","9":"instock","10":"shipping-taxable","11":"product-type-simple"},"_links":{"self":[{"href":"https:\/\/fldvalve.com\/es\/wp-json\/wp\/v2\/product\/465","targetHints":{"allow":["GET"]}}],"collection":[{"href":"https:\/\/fldvalve.com\/es\/wp-json\/wp\/v2\/product"}],"about":[{"href":"https:\/\/fldvalve.com\/es\/wp-json\/wp\/v2\/types\/product"}],"replies":[{"embeddable":true,"href":"https:\/\/fldvalve.com\/es\/wp-json\/wp\/v2\/comments?post=465"}],"wp:featuredmedia":[{"embeddable":true,"href":"https:\/\/fldvalve.com\/es\/wp-json\/wp\/v2\/media\/466"}],"wp:attachment":[{"href":"https:\/\/fldvalve.com\/es\/wp-json\/wp\/v2\/media?parent=465"}],"wp:term":[{"taxonomy":"product_brand","embeddable":true,"href":"https:\/\/fldvalve.com\/es\/wp-json\/wp\/v2\/product_brand?post=465"},{"taxonomy":"product_cat","embeddable":true,"href":"https:\/\/fldvalve.com\/es\/wp-json\/wp\/v2\/product_cat?post=465"},{"taxonomy":"product_tag","embeddable":true,"href":"https:\/\/fldvalve.com\/es\/wp-json\/wp\/v2\/product_tag?post=465"}],"curies":[{"name":"wp","href":"https:\/\/api.w.org\/{rel}","templated":true}]}}