{"id":3,"date":"2026-01-04T05:34:27","date_gmt":"2026-01-04T05:34:27","guid":{"rendered":"https:\/\/fldvalve.com\/?page_id=3"},"modified":"2026-01-08T05:15:21","modified_gmt":"2026-01-08T05:15:21","slug":"privacy-policy","status":"publish","type":"page","link":"https:\/\/fldvalve.com\/fr\/privacy-policy\/","title":{"rendered":"politique de confidentialit\u00e9"},"content":{"rendered":"<style>.elementor-3 .elementor-element.elementor-element-6875806{--display:flex;--min-height:400px;--flex-direction:column;--container-widget-width:100%;--container-widget-height:initial;--container-widget-flex-grow:0;--container-widget-align-self:initial;--flex-wrap-mobile:wrap;--justify-content:center;--overlay-opacity:1;--padding-top:0px;--padding-bottom:0px;--padding-left:0px;--padding-right:0px;}.elementor-3 .elementor-element.elementor-element-6875806:not(.elementor-motion-effects-element-type-background), .elementor-3 .elementor-element.elementor-element-6875806 > .elementor-motion-effects-container > .elementor-motion-effects-layer{background-image:url(\"https:\/\/fldvalve.com\/wp-content\/uploads\/2026\/01\/cp2-banner-1.jpg\");background-position:center center;background-repeat:no-repeat;background-size:cover;}.elementor-3 .elementor-element.elementor-element-6875806::before, .elementor-3 .elementor-element.elementor-element-6875806 > .elementor-background-video-container::before, .elementor-3 .elementor-element.elementor-element-6875806 > .e-con-inner > .elementor-background-video-container::before, .elementor-3 .elementor-element.elementor-element-6875806 > .elementor-background-slideshow::before, .elementor-3 .elementor-element.elementor-element-6875806 > .e-con-inner > .elementor-background-slideshow::before, .elementor-3 .elementor-element.elementor-element-6875806 > .elementor-motion-effects-container > .elementor-motion-effects-layer::before{--background-overlay:'';background-color:transparent;background-image:linear-gradient(284deg, #03122375 0%, #001D3E 100%);}.elementor-3 .elementor-element.elementor-element-973ada8 .elementor-icon-list-items:not(.elementor-inline-items) .elementor-icon-list-item:not(:last-child){padding-block-end:calc(10px\/2);}.elementor-3 .elementor-element.elementor-element-973ada8 .elementor-icon-list-items:not(.elementor-inline-items) .elementor-icon-list-item:not(:first-child){margin-block-start:calc(10px\/2);}.elementor-3 .elementor-element.elementor-element-973ada8 .elementor-icon-list-items.elementor-inline-items .elementor-icon-list-item{margin-inline:calc(10px\/2);}.elementor-3 .elementor-element.elementor-element-973ada8 .elementor-icon-list-items.elementor-inline-items{margin-inline:calc(-10px\/2);}.elementor-3 .elementor-element.elementor-element-973ada8 .elementor-icon-list-items.elementor-inline-items .elementor-icon-list-item:after{inset-inline-end:calc(-10px\/2);}.elementor-3 .elementor-element.elementor-element-973ada8 .elementor-icon-list-icon i{color:#3C95FF;transition:color 0.3s;}.elementor-3 .elementor-element.elementor-element-973ada8 .elementor-icon-list-icon svg{fill:#3C95FF;transition:fill 0.3s;}.elementor-3 .elementor-element.elementor-element-973ada8{--e-icon-list-icon-size:14px;--icon-vertical-offset:0px;}.elementor-3 .elementor-element.elementor-element-973ada8 .elementor-icon-list-text{color:var( --e-global-color-accent );transition:color 0.3s;}.elementor-3 .elementor-element.elementor-element-b0ea25c{--display:flex;--flex-direction:column;--container-widget-width:100%;--container-widget-height:initial;--container-widget-flex-grow:0;--container-widget-align-self:initial;--flex-wrap-mobile:wrap;--margin-top:80px;--margin-bottom:100px;--margin-left:0px;--margin-right:0px;--padding-top:0px;--padding-bottom:0px;--padding-left:0px;--padding-right:0px;}:root{--page-title-display:none;}@media(max-width:1024px){.elementor-3 .elementor-element.elementor-element-6875806{--min-height:400px;--flex-direction:column;--container-widget-width:calc( ( 1 - var( --container-widget-flex-grow ) ) * 100% );--container-widget-height:initial;--container-widget-flex-grow:0;--container-widget-align-self:initial;--flex-wrap-mobile:wrap;--justify-content:center;--align-items:flex-start;--gap:30px 30px;--row-gap:30px;--column-gap:30px;--padding-top:0px;--padding-bottom:0px;--padding-left:25px;--padding-right:25px;}.elementor-3 .elementor-element.elementor-element-b0ea25c{--margin-top:50px;--margin-bottom:50px;--margin-left:0px;--margin-right:0px;--padding-top:0px;--padding-bottom:0px;--padding-left:25px;--padding-right:25px;}}@media(max-width:767px){.elementor-3 .elementor-element.elementor-element-6875806{--min-height:300px;--padding-top:0px;--padding-bottom:0px;--padding-left:15px;--padding-right:15px;}.elementor-3 .elementor-element.elementor-element-b0ea25c{--margin-top:40px;--margin-bottom:40px;--margin-left:0px;--margin-right:0px;--padding-top:0px;--padding-bottom:0px;--padding-left:15px;--padding-right:15px;}}\/* Start custom CSS for icon-list, class: .elementor-element-973ada8 *\/\/* Elementor Icon List \u672a\u9009\u4e2d\uff08\u975e hover\uff09\u72b6\u6001\u4e0b\u5b57\u4f53\u4e3a\u767d\u8272 *\/\r\n.elementor-icon-list-item,\r\n.elementor-icon-list-item a,\r\n.elementor-my-icon-list-text {\r\n    color: #ffffff !important;\r\n}\/* End custom CSS *\/<\/style>\t\t<div data-elementor-type=\"wp-page\" data-elementor-id=\"3\" class=\"elementor elementor-3\" data-elementor-post-type=\"page\">\n\t\t\t\t<div class=\"elementor-element elementor-element-6875806 e-flex e-con-boxed e-con e-parent\" data-id=\"6875806\" data-element_type=\"container\" data-e-type=\"container\" data-settings=\"{&quot;background_background&quot;:&quot;classic&quot;}\">\n\t\t\t\t\t<div class=\"e-con-inner\">\n\t\t\t\t<div class=\"elementor-element elementor-element-bb732fd elementor-widget elementor-widget-heading\" data-id=\"bb732fd\" data-element_type=\"widget\" data-e-type=\"widget\" data-widget_type=\"heading.default\">\n\t\t\t\t\t<h1 class=\"elementor-heading-title elementor-size-default\">politique de confidentialit\u00e9\n <\/h1>\t\t\t\t<\/div>\n\t\t\t\t<div class=\"elementor-element elementor-element-973ada8 elementor-icon-list--layout-inline elementor-list-item-link-full_width elementor-widget elementor-widget-icon-list\" data-id=\"973ada8\" data-element_type=\"widget\" data-e-type=\"widget\" data-widget_type=\"icon-list.default\">\n\t\t\t\t\t\t\t<ul class=\"elementor-icon-list-items elementor-inline-items\">\n\t\t\t\t\t\t\t<li class=\"elementor-icon-list-item elementor-inline-item\">\n\t\t\t\t\t\t\t\t\t\t\t<a href=\"https:\/\/fldvalve.com\/fr\">\n\n\t\t\t\t\t\t\t\t\t\t\t\t<span class=\"elementor-icon-list-icon\">\n\t\t\t\t\t\t\t<svg aria-hidden=\"true\" class=\"e-font-icon-svg e-fas-home\" viewbox=\"0 0 576 512\" xmlns=\"http:\/\/www.w3.org\/2000\/svg\"><path d=\"M280.37 148.26L96 300.11V464a16 16 0 0 0 16 16l112.06-.29a16 16 0 0 0 15.92-16V368a16 16 0 0 1 16-16h64a16 16 0 0 1 16 16v95.64a16 16 0 0 0 16 16.05L464 480a16 16 0 0 0 16-16V300L295.67 148.26a12.19 12.19 0 0 0-15.3 0zM571.6 251.47L488 182.56V44.05a12 12 0 0 0-12-12h-56a12 12 0 0 0-12 12v72.61L318.47 43a48 48 0 0 0-61 0L4.34 251.47a12 12 0 0 0-1.6 16.9l25.5 31A12 12 0 0 0 45.15 301l235.22-193.74a12.19 12.19 0 0 1 15.3 0L530.9 301a12 12 0 0 0 16.9-1.6l25.5-31a12 12 0 0 0-1.7-16.93z\"><\/path><\/svg>\t\t\t\t\t\t<\/span>\n\t\t\t\t\t\t\t\t\t\t<span class=\"elementor-icon-list-text\">Maison<\/span>\n\t\t\t\t\t\t\t\t\t\t\t<\/a>\n\t\t\t\t\t\t\t\t\t<\/li>\n\t\t\t\t\t\t\t\t<li class=\"elementor-icon-list-item elementor-inline-item\">\n\t\t\t\t\t\t\t\t\t\t\t<span class=\"elementor-icon-list-icon\">\n\t\t\t\t\t\t\t<svg aria-hidden=\"true\" class=\"e-font-icon-svg e-fas-caret-right\" viewbox=\"0 0 192 512\" xmlns=\"http:\/\/www.w3.org\/2000\/svg\"><path d=\"M0 384.662V127.338c0-17.818 21.543-26.741 34.142-14.142l128.662 128.662c7.81 7.81 7.81 20.474 0 28.284L34.142 398.804C21.543 411.404 0 402.48 0 384.662z\"><\/path><\/svg>\t\t\t\t\t\t<\/span>\n\t\t\t\t\t\t\t\t\t\t<span class=\"elementor-icon-list-text\">politique de confidentialit\u00e9<\/span>\n\t\t\t\t\t\t\t\t\t<\/li>\n\t\t\t\t\t\t<\/ul>\n\t\t\t\t\t\t<\/div>\n\t\t\t\t\t<\/div>\n\t\t\t\t<\/div>\n\t\t<div class=\"elementor-element elementor-element-b0ea25c e-flex e-con-boxed e-con e-parent\" data-id=\"b0ea25c\" data-element_type=\"container\" data-e-type=\"container\">\n\t\t\t\t\t<div class=\"e-con-inner\">\n\t\t\t\t<div class=\"elementor-element elementor-element-16c564c elementor-widget elementor-widget-heading\" data-id=\"16c564c\" data-element_type=\"widget\" data-e-type=\"widget\" data-widget_type=\"heading.default\">\n\t\t\t\t\t<h2 class=\"elementor-heading-title elementor-size-default\">politique de confidentialit\u00e9<\/h2>\t\t\t\t<\/div>\n\t\t\t\t<div class=\"elementor-element elementor-element-4d19c8b elementor-widget elementor-widget-text-editor\" data-id=\"4d19c8b\" data-element_type=\"widget\" data-e-type=\"widget\" data-widget_type=\"text-editor.default\">\n\t\t\t\t\t\t\t\t\t<p><strong><span style=\"color: #000000;\">Phileda Automatic Control Valve Group Co., Ltd.<\/span><\/strong>\u00a0s'engage \u00e0 prot\u00e9ger votre vie priv\u00e9e et \u00e0 gagner votre confiance. (Phileda Automatic Control Valve ne vend, n'\u00e9change ni ne loue vos informations personnelles \u00e0 des tiers. Cette politique divulgue les pratiques de confidentialit\u00e9 du site Web de la vanne de contr\u00f4le automatique\u201cPhileda. Nous utilisons les informations que nous collectons \u00e0 votre sujet sur le site Web de la vanne de contr\u00f4le automatique \u201cPhileda pour traiter les commandes et entretenir une relation avec vous tout au long de l'utilisation de nos produits et services. Cette politique explique comment vos informations personnelles sont prot\u00e9g\u00e9es. Notre intention est de vous donner le plus de contr\u00f4le possible sur votre vie priv\u00e9e et vos informations personnelles ainsi que sur l'utilisation que nous en faisons dans notre entreprise.<\/p>\n<h5><strong><b>COMMENT FAIT <\/b><\/strong><strong><b>Phileda Automatic Control Valve Group Co., Ltd.<\/b><\/strong><strong><b>\u00a0UTILISER MES INFORMATIONS ?<\/b><\/strong><\/h5>\n<p>Nous collectons des informations personnelles pour nous aider \u00e0 fournir une exp\u00e9rience utilisateur de haute qualit\u00e9 et pour aider Phileda Automatic Control Valve \u00e0 mieux comprendre nos clients. La vanne de commande automatique Phileda ne vend, n'\u00e9change ni ne loue vos informations personnelles \u00e0 des tiers. Les informations personnelles que vous choisissez de nous fournir permettent \u00e0 Phileda Automatic Control Valve de traiter et de r\u00e9pondre \u00e0 votre demande d'essai gratuit du centre de formation sur les vannes de commande automatiques Phileda. Nous utilisons \u00e9galement ces informations si vous choisissez de commander nos produits et services pour traiter et finaliser votre commande et vous informer de l'\u00e9tat de votre commande.<br \/>1. Nous utilisons les informations personnelles que vous nous fournissez pour vous fournir des informations \u00e0 jour sur les produits et services de vannes de r\u00e9gulation automatiques Phileda.<br \/>2. Nous pouvons utiliser les informations que nous collectons pour vous informer de temps \u00e0 autre des changements importants dans les fonctionnalit\u00e9s du site Web, des nouveaux services et produits de vanne de commande automatique Phileda et des offres sp\u00e9ciales que nous pensons que vous trouverez pr\u00e9cieuses.<br \/>3. lorsque vous nous fournissez des renseignements personnels pour participer \u00e0 un concours ou \u00e0 une promotion commandit\u00e9e par Phileda Automatic Control Valve ou ses partenaires, nous utilisons ces renseignements pour administrer le concours et aviser les gagnants Nous conservons tous les renseignements relatifs \u00e0 de tels concours et promotions.<br \/>4. Nous diffuserons des publicit\u00e9s ou des promotions cibl\u00e9es \u00e0 nos clients en utilisant les informations personnelles que vous nous fournissez. Nous ne permettons pas aux annonceurs d'avoir acc\u00e8s aux informations de compte individuel. Ces publicit\u00e9s sont g\u00e9n\u00e9ralement des banni\u00e8res publicitaires et des e-mails promotionnels.<br \/>5. Nous recherchons \u00e9galement les donn\u00e9es d\u00e9mographiques, les int\u00e9r\u00eats et le comportement de nos utilisateurs sur la base des informations que vous nous fournissez dans notre outil d'enqu\u00eate en ligne. Nous compilons et analysons ces informations sur une base globale ou anonyme.<br \/>6. Nous utilisons les adresses IP que nous collectons pour signaler des informations globales ou anonymes \u00e0 nos annonceurs.\u00a0<\/p>\n<h5><strong><b>QUI COLLECTE DES INFORMATIONS ?<\/b><\/strong><\/h5>\n<p>Lorsque vous fournissez des informations personnelles sur un site de vanne de commande automatique Phileda, vous partagez ces informations uniquement avec la vanne de commande automatique Phileda, sauf indication contraire sp\u00e9cifique. Si une soci\u00e9t\u00e9 autre que Phileda Automatic Control Valve collecte ou conserve vos donn\u00e9es personnelles \u00e0 partir de notre site Web, vous en serez inform\u00e9 avant leur collecte ou leur transfert. Vous pouvez toujours choisir de ne pas partager les informations. Lorsque des soci\u00e9t\u00e9s autres que Phileda Automatic Control Valve parrainent des promotions, les donn\u00e9es collect\u00e9es sur le site Phileda Automatic Control Valve dans le cadre de ces promotions peuvent \u00eatre partag\u00e9es avec le sponsor. Une fois de plus, si tel est le cas, vous serez inform\u00e9 avant que les donn\u00e9es ne soient collect\u00e9es ou transf\u00e9r\u00e9es, et vous pourrez d\u00e9cider de ne pas participer. La plupart de ces promotions sont limit\u00e9es aux \u00c9tats-Unis, vous couvrent les entreprises.<\/p>\n<h5><strong><b>FAIT <\/b><\/strong><strong><b>Vanne de commande automatique Phileda<\/b><\/strong><strong><b>\u00a0PARTAGER MES INFORMATIONS ?<\/b><\/strong><\/h5>\n<p>\u00c0 part comme indiqu\u00e9 dans cette politique, Phileda Automatic Control Valve ne divulgue aucune de vos informations personnelles \u00e0 des tiers sans votre autorisation Lisez les sections suivantes pour en savoir plus.<\/p>\n<p>AUTRES SITUATIONS<\/p>\n<p>Phileda Automatic Control Valve peut \u00e9galement divulguer vos informations lorsque la divulgation est n\u00e9cessaire pour identifier, contacter ou intenter une action en justice contre quelqu'un qui pourrait causer une blessure ou une ing\u00e9rence dans nos droits ou droits de propri\u00e9t\u00e9, les droits des utilisateurs ou d'autres droits. De la m\u00eame mani\u00e8re, Phileda Automatic Control Valve divulguera des informations lorsque nous pensons raisonnablement que la divulgation est requise par la loi ou pour nous conformer \u00e0 une proc\u00e9dure judiciaire signifi\u00e9e \u00e0 Phileda Automatic Control Valve ou \u00e0 son site Web. Nous pouvons divulguer vos informations personnelles en croyant de bonne foi que nous devons agir dans des circonstances urgentes pour prot\u00e9ger la s\u00e9curit\u00e9 personnelle des utilisateurs de Phileda Automatic Control Valve, de son site Web ou du public.<\/p>\n<h5>COMMENT la vanne de commande automatique Phileda PROT\u00c8GE-T-ELLE VOTRE CARTE DE CR\u00c9DIT ET VOS INFORMATIONS FINANCI\u00c8RES ?<\/h5>\n<p>Nous nous engageons \u00e0 prot\u00e9ger la confidentialit\u00e9 de vos informations de carte de cr\u00e9dit et de compte financier Nous ne vendons, n'\u00e9changeons pas et ne louons pas vos informations financi\u00e8res ou de carte de cr\u00e9dit Nous ne mettons ces informations \u00e0 la disposition de personne sans votre autorisation Nous pouvons fournir des donn\u00e9es statistiques sur nos clients aux annonceurs, partenaires, fournisseurs et autres tiers r\u00e9put\u00e9s Ces donn\u00e9es sont compos\u00e9es uniquement de donn\u00e9es agr\u00e9g\u00e9es ou anonymes, qui ne contiennent aucune information personnellement identifiable Par exemple, nous ne divulguerons pas que vous avez achet\u00e9 un produit sp\u00e9cifique, mais nous pourrions divulguer des statistiques sur le nombre de clients qui ont achet\u00e9 un produit sp\u00e9cifique Lorsque vous saisissez des informations de carte de cr\u00e9dit sur notre site Web, nous transmettons les informations en format crypt\u00e9, en utilisant le cryptage standard de l'industrie, couche de prise s\u00e9curis\u00e9e (SSL).<\/p>\n<h5><strong><b>VOS DROITS RELATIFS \u00c0 VOS DONN\u00c9ES PERSONNELLES<\/b><\/strong><\/h5>\n<h5><strong><b>Vous avez le droit, en vertu de la pr\u00e9sente politique de confidentialit\u00e9 et de cookies, et en vertu de la loi, si vous \u00eates au sein de l'UE, de :<\/b><\/strong><\/h5>\n<p>-Demandez l'acc\u00e8s \u00e0 vos donn\u00e9es personnelles. Si vous \u00eates au sein de l'UE, cela vous permet de recevoir une copie des donn\u00e9es personnelles que nous d\u00e9tenons \u00e0 votre sujet et de v\u00e9rifier que nous les traitons l\u00e9galement.<br \/>-Demandez la correction des donn\u00e9es personnelles que nous d\u00e9tenons \u00e0 votre sujet. Cela vous permet de faire corriger toute information incompl\u00e8te ou inexacte que nous d\u00e9tenons \u00e0 votre sujet.<br \/>-Demander l'effacement de vos donn\u00e9es personnelles Cela vous permet de nous demander de supprimer ou de supprimer des donn\u00e9es personnelles lorsqu'il n'y a aucune bonne raison pour que nous continuions \u00e0 les traiter. Vous avez \u00e9galement le droit, si vous \u00eates au sein de l'UE, de nous demander de supprimer ou de supprimer vos donn\u00e9es personnelles lorsque vous avez exerc\u00e9 votre droit de vous opposer au traitement (voir ci-dessous).<br \/>-Objet au traitement de vos Donn\u00e9es Personnelles Ce droit existe lorsque nous nous appuyons sur un int\u00e9r\u00eat l\u00e9gitime comme base l\u00e9gale pour notre traitement et qu'il y a quelque chose dans votre situation particuli\u00e8re, ce qui vous donne envie de vous opposer au traitement de vos Donn\u00e9es Personnelles pour ce motif Vous avez \u00e9galement le droit de vous opposer lorsque nous traitons vos Donn\u00e9es Personnelles \u00e0 des fins de marketing direct.<br \/>-Demandez la limitation du traitement de vos Donn\u00e9es Personnelles. Cela vous permet de nous demander de suspendre le traitement des Donn\u00e9es Personnelles vous concernant, par exemple si vous souhaitez que nous \u00e9tablissions leur exactitude ou la raison de leur traitement.<br \/>-Demandez le transfert de vos Donn\u00e9es personnelles Si vous \u00eates au sein de l'UE, nous vous fournirons, ou \u00e0 un tiers que vous avez choisi, vos Donn\u00e9es personnelles dans un format structur\u00e9, couramment utilis\u00e9 et lisible par machine Notez que ce droit ne s'applique qu'aux informations automatis\u00e9es que vous avez initialement donn\u00e9 notre consentement \u00e0 l'utilisation ou lorsque nous avons utilis\u00e9 les informations pour ex\u00e9cuter un contrat avec vous.<br \/>-Retrait le consentement Ce droit n'existe que lorsque nous nous appuyons sur le consentement pour traiter vos Donn\u00e9es personnelles (\u201cConsent Withdrawal\u201d).Si vous retirez votre consentement, nous pourrions ne pas \u00eatre en mesure de vous donner acc\u00e8s \u00e0 certaines fonctionnalit\u00e9s sp\u00e9cifiques de notre Site Nous vous conseillerons si tel est le cas au moment o\u00f9 vous retirez votre consentement<\/p>\n<h5><strong><b>PLAINTES<\/b><\/strong><\/h5>\n<p>Si vous souhaitez soumettre une plainte concernant cette Politique de confidentialit\u00e9 ou nos pratiques en relation avec vos Donn\u00e9es personnelles, veuillez nous contacter \u00e0 l'adresse suivante <span style=\"color: #0c6bc7;\"><a style=\"color: #0c6bc7; text-decoration: underline;\" href=\"mailto:\">\u00c0 fournir...<\/a><\/span><\/p>\n<p>Nous r\u00e9pondrons \u00e0 votre plainte d\u00e8s que possible.<\/p>\n<p>Si vous estimez que votre plainte n'a pas \u00e9t\u00e9 r\u00e9solue de mani\u00e8re ad\u00e9quate, veuillez noter que si vous \u00eates dans l'UE, le RGPD vous donne le droit de contacter votre autorit\u00e9 locale de contr\u00f4le de la protection des donn\u00e9es.<\/p>\n<p>Fichiers journaux : les informations des fichiers journaux sont automatiquement signal\u00e9es par votre navigateur chaque fois que vous acc\u00e9dez \u00e0 une page Web Lorsque vous utilisez les Services, nos serveurs enregistrent automatiquement certaines informations que votre navigateur Web envoie chaque fois que vous visitez un site Web. Ces journaux de serveur peuvent inclure des informations telles que votre demande Web, votre adresse de protocole Internet, votre type de navigateur, vos pages de r\u00e9f\u00e9rence\/sortie et vos URL, le nombre de clics, les noms de domaine, les pages de destination, les pages consult\u00e9es et d'autres informations similaires.<\/p>\n<h5><strong><b>COMBIEN DE TEMPS NOUS STOCKONS VOS DONN\u00c9ES PERSONNELLES<\/b><\/strong><\/h5>\n<p>Nous conserverons vos informations aussi longtemps que votre compte est actif ou qu'il est raisonnablement n\u00e9cessaire aux fins \u00e9nonc\u00e9es dans Comment nous utilisons vos donn\u00e9es personnelles et pourquoi, \u00e0 moins que vous ne demandiez que nous supprimions vos donn\u00e9es personnelles comme d\u00e9crit dans Vos droits relatifs \u00e0 vos donn\u00e9es personnelles Nous ne conserverons vos donn\u00e9es personnelles que tant que nous aurons raisonnablement besoin de les utiliser \u00e0 ces fins, sauf si une p\u00e9riode de conservation plus longue est requise par la loi (par exemple \u00e0 des fins r\u00e9glementaires).Cela peut inclure la conservation de vos donn\u00e9es personnelles apr\u00e8s que vous ayez d\u00e9sactiv\u00e9 votre compte pendant la p\u00e9riode de temps n\u00e9cessaire pour que nous puissions poursuivre des int\u00e9r\u00eats commerciaux l\u00e9gitimes, effectuer des audits, respecter (et d\u00e9montrer le respect) des obligations l\u00e9gales, r\u00e9soudre les litiges et faire respecter nos accords.<\/p>\n<h5><strong><b>Que sont les cookies et comment le fait\u00a0<\/b><\/strong><strong><b>Vanne de commande automatique Phileda<\/b><\/strong><strong><b>\u00a0Utilisez-les?<\/b><\/strong><\/h5>\n<p>Certaines parties de notre syst\u00e8me de gestion de l'apprentissage utilisent \u201ccookies\u201d pour qu'il puisse imm\u00e9diatement reconna\u00eetre un utilisateur et ensuite attribuer diff\u00e9rentes autorisations associ\u00e9es \u00e0 la fonctionnalit\u00e9 dans le syst\u00e8me Une \u201c\u201dcookie\u201d est un morceau de donn\u00e9es qui est envoy\u00e9 \u00e0 votre navigateur \u00e0 partir d'un serveur Web et stock\u00e9 par votre navigateur sur le disque dur de votre ordinateur Les param\u00e8tres de votre navigateur doivent \u00eatre d\u00e9finis pour accepter les cookies avant que vous puissiez vous connecter ou personnaliser La plupart des navigateurs sont configur\u00e9s pour accepter les cookies, mais vous pouvez g\u00e9n\u00e9ralement modifier les param\u00e8tres de votre navigateur pour les refuser Phileda Automatic Control Valve n'utilise pas de cookies pour r\u00e9cup\u00e9rer des informations personnelles vous concernant \u00e0 partir de votre ordinateur Cette politique de cookies ne couvre pas l'utilisation de cookies par des annonceurs sur notre site Web Automatique.<\/p>\n<p>Localisez votre nom et les informations de votre compte lorsque vous vous connectez \u00e0 votre Centre de formation des vannes de contr\u00f4le automatique Phileda afin que vous puissiez acc\u00e9der aux informations de votre compte Lorsque vous vous connectez, le cookie est d\u00e9fini, et lorsque vous vous d\u00e9connectez, le cookie est modifi\u00e9.<\/p>\n<p>Estimez la taille de notre audience Chaque navigateur qui visite notre site re\u00e7oit un cookie unique, qui est ensuite utilis\u00e9 pour d\u00e9terminer l'\u00e9tendue des visites r\u00e9p\u00e9t\u00e9es et le nombre de visiteurs uniques.<\/p>\n<h5><strong><b>Votre Consentement<\/b><\/strong><\/h5>\n<p>En utilisant notre site Web, vous consentez \u00e0 la collecte et \u00e0 l'utilisation de ces informations par Phileda Automatic Control Valve Si nous d\u00e9cidons de modifier notre politique de confidentialit\u00e9, nous publierons ces modifications sur cette page afin que vous sachiez toujours quelles informations nous collectons, comment nous les utilisons et dans quelles circonstances nous les divulguons.<\/p>\n<h5><strong><b>Politique d'inscription\/d\u00e9sinscription<\/b><\/strong><\/h5>\n<p>Lors de l'enregistrement ou de la soumission des informations personnelles, Phileda Automatic Control Valve vous offre le choix de recevoir d'autres communications de Phileda Automatic Control Valve Si vous choisissez de recevoir ces communications, Phileda Automatic Control Valve vous enverra occasionnellement des E-mails ou du courrier postal sur des produits et services qui, selon nous, pourraient vous int\u00e9resser. Pour ne pas recevoir ces offres, suivez simplement les instructions de d\u00e9sabonnement \u00e0 la commande incluses dans chaque E-mail.<\/p>\n<p>Si vous pr\u00e9f\u00e9rez cesser de recevoir des informations de la vanne de commande automatique Phileda par e-mail, vous pouvez refuser de recevoir ces communications en suivant les instructions incluses dans chaque e-mail. Si vous pr\u00e9f\u00e9rez cesser de recevoir des informations de la vanne de commande automatique Phileda par courrier postal, contactez-nous \u00e0\u00a0 <span style=\"color: #0c6bc7;\"><a style=\"color: #0c6bc7;\" href=\"mailto:\">\u00c0 fournir...<\/a><\/span><br \/>\u00a0Phileda Automatic Control Valve ne vend, n'\u00e9change pas et ne loue pas vos informations personnelles \u00e0 des tiers.<\/p>\n<h5><strong><b>Contacter le site Web<\/b><\/strong><\/h5>\n<p>Si vous avez des questions sur cette politique de confidentialit\u00e9, les pratiques de ce site ou vos relations avec ce site Web, veuillez contacter : <span style=\"color: #0c6bc7;\"><a style=\"color: #0c6bc7;\" href=\"mailto:\">\u00c0 fournir...<\/a><\/span><\/p>\t\t\t\t\t\t\t\t<\/div>\n\t\t\t\t\t<\/div>\n\t\t\t\t<\/div>\n\t\t\t\t<\/div>","protected":false},"excerpt":{"rendered":"<p>Privacy Policy Home Privacy Policy Privacy Policy Phileda Automatic Control Valve Group Co., Ltd.\u00a0is committed to protecting your privacy and earning your trust. \u201cPhileda Automatic Control Valve\u00a0does not sell, trade, or rent your personal information to others. This policy discloses the privacy practices for the \u201cPhileda Automatic Control Valve\u00a0Web site. We use the information we [&hellip;]<\/p>\n","protected":false},"author":1,"featured_media":0,"parent":0,"menu_order":0,"comment_status":"closed","ping_status":"open","template":"","meta":{"footnotes":""},"class_list":["post-3","page","type-page","status-publish","hentry"],"_links":{"self":[{"href":"https:\/\/fldvalve.com\/fr\/wp-json\/wp\/v2\/pages\/3","targetHints":{"allow":["GET"]}}],"collection":[{"href":"https:\/\/fldvalve.com\/fr\/wp-json\/wp\/v2\/pages"}],"about":[{"href":"https:\/\/fldvalve.com\/fr\/wp-json\/wp\/v2\/types\/page"}],"author":[{"embeddable":true,"href":"https:\/\/fldvalve.com\/fr\/wp-json\/wp\/v2\/users\/1"}],"replies":[{"embeddable":true,"href":"https:\/\/fldvalve.com\/fr\/wp-json\/wp\/v2\/comments?post=3"}],"version-history":[{"count":0,"href":"https:\/\/fldvalve.com\/fr\/wp-json\/wp\/v2\/pages\/3\/revisions"}],"wp:attachment":[{"href":"https:\/\/fldvalve.com\/fr\/wp-json\/wp\/v2\/media?parent=3"}],"curies":[{"name":"wp","href":"https:\/\/api.w.org\/{rel}","templated":true}]}}