{"id":781,"date":"2026-01-08T05:05:39","date_gmt":"2026-01-08T05:05:39","guid":{"rendered":"https:\/\/fldvalve.com\/?page_id=781"},"modified":"2026-01-08T05:21:10","modified_gmt":"2026-01-08T05:21:10","slug":"refund-policy","status":"publish","type":"page","link":"https:\/\/fldvalve.com\/fr\/refund-policy\/","title":{"rendered":"Politique de remboursement"},"content":{"rendered":"<style>.elementor-781 .elementor-element.elementor-element-38688f4{--display:flex;--min-height:400px;--flex-direction:column;--container-widget-width:100%;--container-widget-height:initial;--container-widget-flex-grow:0;--container-widget-align-self:initial;--flex-wrap-mobile:wrap;--justify-content:center;--overlay-opacity:1;--padding-top:0px;--padding-bottom:0px;--padding-left:0px;--padding-right:0px;}.elementor-781 .elementor-element.elementor-element-38688f4:not(.elementor-motion-effects-element-type-background), .elementor-781 .elementor-element.elementor-element-38688f4 > .elementor-motion-effects-container > .elementor-motion-effects-layer{background-image:url(\"https:\/\/fldvalve.com\/wp-content\/uploads\/2026\/01\/cp2-banner-1.jpg\");background-position:center center;background-repeat:no-repeat;background-size:cover;}.elementor-781 .elementor-element.elementor-element-38688f4::before, .elementor-781 .elementor-element.elementor-element-38688f4 > .elementor-background-video-container::before, .elementor-781 .elementor-element.elementor-element-38688f4 > .e-con-inner > .elementor-background-video-container::before, .elementor-781 .elementor-element.elementor-element-38688f4 > .elementor-background-slideshow::before, .elementor-781 .elementor-element.elementor-element-38688f4 > .e-con-inner > .elementor-background-slideshow::before, .elementor-781 .elementor-element.elementor-element-38688f4 > .elementor-motion-effects-container > .elementor-motion-effects-layer::before{--background-overlay:'';background-color:transparent;background-image:linear-gradient(284deg, #03122375 0%, #001D3E 100%);}.elementor-781 .elementor-element.elementor-element-2f1f761 .elementor-icon-list-items:not(.elementor-inline-items) .elementor-icon-list-item:not(:last-child){padding-block-end:calc(10px\/2);}.elementor-781 .elementor-element.elementor-element-2f1f761 .elementor-icon-list-items:not(.elementor-inline-items) .elementor-icon-list-item:not(:first-child){margin-block-start:calc(10px\/2);}.elementor-781 .elementor-element.elementor-element-2f1f761 .elementor-icon-list-items.elementor-inline-items .elementor-icon-list-item{margin-inline:calc(10px\/2);}.elementor-781 .elementor-element.elementor-element-2f1f761 .elementor-icon-list-items.elementor-inline-items{margin-inline:calc(-10px\/2);}.elementor-781 .elementor-element.elementor-element-2f1f761 .elementor-icon-list-items.elementor-inline-items .elementor-icon-list-item:after{inset-inline-end:calc(-10px\/2);}.elementor-781 .elementor-element.elementor-element-2f1f761 .elementor-icon-list-icon i{color:#3C95FF;transition:color 0.3s;}.elementor-781 .elementor-element.elementor-element-2f1f761 .elementor-icon-list-icon svg{fill:#3C95FF;transition:fill 0.3s;}.elementor-781 .elementor-element.elementor-element-2f1f761{--e-icon-list-icon-size:14px;--icon-vertical-offset:0px;}.elementor-781 .elementor-element.elementor-element-2f1f761 .elementor-icon-list-text{color:var( --e-global-color-accent );transition:color 0.3s;}.elementor-781 .elementor-element.elementor-element-d8789e7{--display:flex;--flex-direction:column;--container-widget-width:100%;--container-widget-height:initial;--container-widget-flex-grow:0;--container-widget-align-self:initial;--flex-wrap-mobile:wrap;--margin-top:80px;--margin-bottom:100px;--margin-left:0px;--margin-right:0px;--padding-top:0px;--padding-bottom:0px;--padding-left:0px;--padding-right:0px;}:root{--page-title-display:none;}@media(max-width:1024px){.elementor-781 .elementor-element.elementor-element-38688f4{--min-height:400px;--flex-direction:column;--container-widget-width:calc( ( 1 - var( --container-widget-flex-grow ) ) * 100% );--container-widget-height:initial;--container-widget-flex-grow:0;--container-widget-align-self:initial;--flex-wrap-mobile:wrap;--justify-content:center;--align-items:flex-start;--gap:30px 30px;--row-gap:30px;--column-gap:30px;--padding-top:0px;--padding-bottom:0px;--padding-left:25px;--padding-right:25px;}.elementor-781 .elementor-element.elementor-element-d8789e7{--margin-top:50px;--margin-bottom:50px;--margin-left:0px;--margin-right:0px;--padding-top:0px;--padding-bottom:0px;--padding-left:25px;--padding-right:25px;}}@media(max-width:767px){.elementor-781 .elementor-element.elementor-element-38688f4{--min-height:300px;--padding-top:0px;--padding-bottom:0px;--padding-left:15px;--padding-right:15px;}.elementor-781 .elementor-element.elementor-element-d8789e7{--margin-top:40px;--margin-bottom:40px;--margin-left:0px;--margin-right:0px;--padding-top:0px;--padding-bottom:0px;--padding-left:15px;--padding-right:15px;}}\/* Start custom CSS for icon-list, class: .elementor-element-2f1f761 *\/\/* Elementor Icon List \u672a\u9009\u4e2d\uff08\u975e hover\uff09\u72b6\u6001\u4e0b\u5b57\u4f53\u4e3a\u767d\u8272 *\/\r\n.elementor-icon-list-item,\r\n.elementor-icon-list-item a,\r\n.elementor-my-icon-list-text {\r\n    color: #ffffff !important;\r\n}\/* End custom CSS *\/<\/style>\t\t<div data-elementor-type=\"wp-page\" data-elementor-id=\"781\" class=\"elementor elementor-781\" data-elementor-post-type=\"page\">\n\t\t\t\t<div class=\"elementor-element elementor-element-38688f4 e-flex e-con-boxed e-con e-parent\" data-id=\"38688f4\" data-element_type=\"container\" data-e-type=\"container\" data-settings=\"{&quot;background_background&quot;:&quot;classic&quot;}\">\n\t\t\t\t\t<div class=\"e-con-inner\">\n\t\t\t\t<div class=\"elementor-element elementor-element-1fc38a7 elementor-widget elementor-widget-heading\" data-id=\"1fc38a7\" data-element_type=\"widget\" data-e-type=\"widget\" data-widget_type=\"heading.default\">\n\t\t\t\t\t<h1 class=\"elementor-heading-title elementor-size-default\">Politique de remboursement<\/h1>\t\t\t\t<\/div>\n\t\t\t\t<div class=\"elementor-element elementor-element-2f1f761 elementor-icon-list--layout-inline elementor-list-item-link-full_width elementor-widget elementor-widget-icon-list\" data-id=\"2f1f761\" data-element_type=\"widget\" data-e-type=\"widget\" data-widget_type=\"icon-list.default\">\n\t\t\t\t\t\t\t<ul class=\"elementor-icon-list-items elementor-inline-items\">\n\t\t\t\t\t\t\t<li class=\"elementor-icon-list-item elementor-inline-item\">\n\t\t\t\t\t\t\t\t\t\t\t<a href=\"https:\/\/fldvalve.com\/fr\">\n\n\t\t\t\t\t\t\t\t\t\t\t\t<span class=\"elementor-icon-list-icon\">\n\t\t\t\t\t\t\t<svg aria-hidden=\"true\" class=\"e-font-icon-svg e-fas-home\" viewbox=\"0 0 576 512\" xmlns=\"http:\/\/www.w3.org\/2000\/svg\"><path d=\"M280.37 148.26L96 300.11V464a16 16 0 0 0 16 16l112.06-.29a16 16 0 0 0 15.92-16V368a16 16 0 0 1 16-16h64a16 16 0 0 1 16 16v95.64a16 16 0 0 0 16 16.05L464 480a16 16 0 0 0 16-16V300L295.67 148.26a12.19 12.19 0 0 0-15.3 0zM571.6 251.47L488 182.56V44.05a12 12 0 0 0-12-12h-56a12 12 0 0 0-12 12v72.61L318.47 43a48 48 0 0 0-61 0L4.34 251.47a12 12 0 0 0-1.6 16.9l25.5 31A12 12 0 0 0 45.15 301l235.22-193.74a12.19 12.19 0 0 1 15.3 0L530.9 301a12 12 0 0 0 16.9-1.6l25.5-31a12 12 0 0 0-1.7-16.93z\"><\/path><\/svg>\t\t\t\t\t\t<\/span>\n\t\t\t\t\t\t\t\t\t\t<span class=\"elementor-icon-list-text\">Maison<\/span>\n\t\t\t\t\t\t\t\t\t\t\t<\/a>\n\t\t\t\t\t\t\t\t\t<\/li>\n\t\t\t\t\t\t\t\t<li class=\"elementor-icon-list-item elementor-inline-item\">\n\t\t\t\t\t\t\t\t\t\t\t<span class=\"elementor-icon-list-icon\">\n\t\t\t\t\t\t\t<svg aria-hidden=\"true\" class=\"e-font-icon-svg e-fas-caret-right\" viewbox=\"0 0 192 512\" xmlns=\"http:\/\/www.w3.org\/2000\/svg\"><path d=\"M0 384.662V127.338c0-17.818 21.543-26.741 34.142-14.142l128.662 128.662c7.81 7.81 7.81 20.474 0 28.284L34.142 398.804C21.543 411.404 0 402.48 0 384.662z\"><\/path><\/svg>\t\t\t\t\t\t<\/span>\n\t\t\t\t\t\t\t\t\t\t<span class=\"elementor-icon-list-text\">Politique de remboursement<\/span>\n\t\t\t\t\t\t\t\t\t<\/li>\n\t\t\t\t\t\t<\/ul>\n\t\t\t\t\t\t<\/div>\n\t\t\t\t\t<\/div>\n\t\t\t\t<\/div>\n\t\t<div class=\"elementor-element elementor-element-d8789e7 e-flex e-con-boxed e-con e-parent\" data-id=\"d8789e7\" data-element_type=\"container\" data-e-type=\"container\">\n\t\t\t\t\t<div class=\"e-con-inner\">\n\t\t\t\t<div class=\"elementor-element elementor-element-2b54486 elementor-widget elementor-widget-heading\" data-id=\"2b54486\" data-element_type=\"widget\" data-e-type=\"widget\" data-widget_type=\"heading.default\">\n\t\t\t\t\t<h2 class=\"elementor-heading-title elementor-size-default\">Politique de remboursement<\/h2>\t\t\t\t<\/div>\n\t\t\t\t<div class=\"elementor-element elementor-element-a861e0b elementor-widget elementor-widget-text-editor\" data-id=\"a861e0b\" data-element_type=\"widget\" data-e-type=\"widget\" data-widget_type=\"text-editor.default\">\n\t\t\t\t\t\t\t\t\t<p>\u00c0\u00a0<span style=\"color: #000000;\"><strong><b>Phileda Automatic Control Valve Group Co., Ltd.<\/b><\/strong><\/span>, \u00b4, nous nous effor\u00e7ons de fournir des produits de haute qualite et un excellent service a la client\u00e8le Nous comprenons que parfois un produit peut ne pas r\u00e9pondre a vos attentes Dans un tel event, nous offrons une politique de remboursement qui vous permet de retourner le produit dans un certain laps de temps a compter de la date d'achat.<\/p><p>Veuillez noter que nous ne pouvons faire aucune promesse ou garantie sur le r\u00e9sultat de tout produit que nous offrons Nous nous effor\u00e7ons de fournir des produits de haute qualit\u00e9, mais le succ\u00e8s de tout produit d\u00e9pend de divers facteurs qui \u00e9chappent \u00e0 notre contr\u00f4le Par cons\u00e9quent, nous ne pouvons pas offrir de remboursements en fonction du r\u00e9sultat de tout produit.<\/p><h4><strong><b>Notre politique de remboursement est la suivante :<\/b><\/strong><\/h4><p>Si vous n'\u00eates pas satisfait du produit, vous pourriez \u00eatre admissible \u00e0 un retour.<\/p><p>Pour initier un retour, veuillez nous contacter \u00e0\u00a0<a href=\"mailto:lumiyanghua@gmail.com\">\u00c0 fournir...<\/a>.<\/p><p>Le produit doit \u00eatre dans son emballage d'origine et \u00e0 l'\u00e9tat neuf pour pouvoir b\u00e9n\u00e9ficier d'un retour.<\/p><p>Les frais d'exp\u00e9dition et de manutention ne sont pas remboursables.<\/p><p>Une fois que nous aurons re\u00e7u le produit, nous l'\u00e9valuerons et d\u00e9terminerons si un retour est appropri\u00e9.<\/p><p>Veuillez noter que nous nous r\u00e9servons le droit de refuser un retour si le produit ne r\u00e9pond pas \u00e0 nos crit\u00e8res de politique de retour.<\/p><p>Si vous avez des questions ou des pr\u00e9occupations concernant notre politique de remboursement, n'h\u00e9sitez pas \u00e0 nous contacter \u00e0\u00a0<a href=\"mailto:\">\u00c0 fournir....<\/a><\/p>\t\t\t\t\t\t\t\t<\/div>\n\t\t\t\t\t<\/div>\n\t\t\t\t<\/div>\n\t\t\t\t<\/div>","protected":false},"excerpt":{"rendered":"<p>Refund Policy Home Refund Policy Refund Policy At\u00a0Phileda Automatic Control Valve Group Co., Ltd., we strive to provide high-quality products and excellent customer service. We understand that sometimes a product may not meet your expectations. In such an event, we offer a refund policy that allows you to return the product within a certain period [&hellip;]<\/p>\n","protected":false},"author":1,"featured_media":0,"parent":0,"menu_order":0,"comment_status":"closed","ping_status":"closed","template":"","meta":{"footnotes":""},"class_list":["post-781","page","type-page","status-publish","hentry"],"_links":{"self":[{"href":"https:\/\/fldvalve.com\/fr\/wp-json\/wp\/v2\/pages\/781","targetHints":{"allow":["GET"]}}],"collection":[{"href":"https:\/\/fldvalve.com\/fr\/wp-json\/wp\/v2\/pages"}],"about":[{"href":"https:\/\/fldvalve.com\/fr\/wp-json\/wp\/v2\/types\/page"}],"author":[{"embeddable":true,"href":"https:\/\/fldvalve.com\/fr\/wp-json\/wp\/v2\/users\/1"}],"replies":[{"embeddable":true,"href":"https:\/\/fldvalve.com\/fr\/wp-json\/wp\/v2\/comments?post=781"}],"version-history":[{"count":0,"href":"https:\/\/fldvalve.com\/fr\/wp-json\/wp\/v2\/pages\/781\/revisions"}],"wp:attachment":[{"href":"https:\/\/fldvalve.com\/fr\/wp-json\/wp\/v2\/media?parent=781"}],"curies":[{"name":"wp","href":"https:\/\/api.w.org\/{rel}","templated":true}]}}