{"id":239,"date":"2026-01-05T05:37:22","date_gmt":"2026-01-05T05:37:22","guid":{"rendered":"https:\/\/fldvalve.com\/?post_type=product&#038;p=239"},"modified":"2026-02-05T08:08:05","modified_gmt":"2026-02-05T08:08:05","slug":"electric-ultra-high-pressure-control-valve","status":"publish","type":"product","link":"https:\/\/fldvalve.com\/fr\/product\/electric-ultra-high-pressure-control-valve\/","title":{"rendered":"Vanne de commande \u00e9lectrique \u00e0 ultra haute pression"},"content":{"rendered":"<h2>Vanne de commande \u00e9lectrique \u00e0 ultra haute pression<\/h2>\n<p>La vanne de r\u00e9gulation \u00e9lectrique ultra haute pression re\u00e7oit des signaux de commande par l'interm\u00e9diaire d'un actionneur \u00e9lectrique, entra\u00eenant le noyau de la vanne \u00e0 se d\u00e9placer et r\u00e9alisant ainsi un contr\u00f4le stable et r\u00e9p\u00e9table des supports ultra haute pression Par rapport aux solutions manuelles ou pneumatiques, elle est plus adapt\u00e9e au fonctionnement sans surveillance, au contr\u00f4le pr\u00e9cis, et aux syst\u00e8mes intelligents.<\/p>\n<h3><strong>Caract\u00e9ristiques cl\u00e9s :<\/strong><\/h3>\n<p>1. Capacit\u00e9 de roulement \u00e0 ultra haute pression<br \/>\nLa pression de conception peut couvrir 60 MPa, 100 MPa et plus, r\u00e9pondant aux besoins de conditions de travail extr\u00eames.<br \/>\n2. Performances de r\u00e9gulation de haute pr\u00e9cision<br \/>\nCaract\u00e9ristiques de d\u00e9bit en pourcentage lin\u00e9aire ou \u00e9gal, pr\u00e9cision de r\u00e9gulation \u00e9lev\u00e9e et bonne r\u00e9p\u00e9tabilit\u00e9.<br \/>\n3. actionnement \u00e9lectrique, adapt\u00e9 \u00e0 l'automatisation<br \/>\nPrend en charge les syst\u00e8mes PLC\/DCS, facilitant le contr\u00f4le \u00e0 distance et la liaison des processus.<br \/>\n4. Structure d'\u00e9tanch\u00e9it\u00e9 hautement fiable<br \/>\nJoint dur m\u00e9tallique ou joint composite sp\u00e9cial, adapt\u00e9 aux milieux \u00e0 haute pression, haute temp\u00e9rature ou haute \u00e9rosion.<br \/>\n5. Haute s\u00e9curit\u00e9<br \/>\nFonctions optionnelles de protection de limite, de protection contre les surcharges, de maintien hors tension ou de r\u00e9initialisation hors tension.<\/p>\n<h3><strong>Domaines d'application :<\/strong><\/h3>\n<p>\u2022 Syst\u00e8mes hydrauliques et d'essai \u00e0 ultra haute pression<br \/>\n\u2022 Injection\/contr\u00f4le haute pression dans le p\u00e9trole et le gaz<br \/>\n\u2022 Appareils de r\u00e9action \u00e0 haute pression dans les industries chimiques et chimiques fines<br \/>\n\u2022 Plateformes exp\u00e9rimentales de recherche \u00e9nerg\u00e9tique et scientifique<br \/>\n\u2022 Fabrication d'\u00e9quipements militaires et haut de gamme<\/p>","protected":false},"excerpt":{"rendered":"<p>La vanne de r\u00e9gulation \u00e9lectrique ultra haute pression re\u00e7oit des signaux de commande par l'interm\u00e9diaire d'un actionneur \u00e9lectrique, entra\u00eenant le noyau de la vanne \u00e0 se d\u00e9placer et r\u00e9alisant ainsi un contr\u00f4le stable et r\u00e9p\u00e9table des supports ultra haute pression Par rapport aux solutions manuelles ou pneumatiques, elle est plus adapt\u00e9e au fonctionnement sans surveillance, au contr\u00f4le pr\u00e9cis, et aux syst\u00e8mes intelligents.<\/p>","protected":false},"featured_media":241,"comment_status":"open","ping_status":"closed","template":"","meta":[],"product_brand":[],"product_cat":[20],"product_tag":[],"class_list":{"0":"post-239","1":"product","2":"type-product","3":"status-publish","4":"has-post-thumbnail","6":"product_cat-electric-control-valve","8":"first","9":"instock","10":"shipping-taxable","11":"product-type-simple"},"_links":{"self":[{"href":"https:\/\/fldvalve.com\/fr\/wp-json\/wp\/v2\/product\/239","targetHints":{"allow":["GET"]}}],"collection":[{"href":"https:\/\/fldvalve.com\/fr\/wp-json\/wp\/v2\/product"}],"about":[{"href":"https:\/\/fldvalve.com\/fr\/wp-json\/wp\/v2\/types\/product"}],"replies":[{"embeddable":true,"href":"https:\/\/fldvalve.com\/fr\/wp-json\/wp\/v2\/comments?post=239"}],"wp:featuredmedia":[{"embeddable":true,"href":"https:\/\/fldvalve.com\/fr\/wp-json\/wp\/v2\/media\/241"}],"wp:attachment":[{"href":"https:\/\/fldvalve.com\/fr\/wp-json\/wp\/v2\/media?parent=239"}],"wp:term":[{"taxonomy":"product_brand","embeddable":true,"href":"https:\/\/fldvalve.com\/fr\/wp-json\/wp\/v2\/product_brand?post=239"},{"taxonomy":"product_cat","embeddable":true,"href":"https:\/\/fldvalve.com\/fr\/wp-json\/wp\/v2\/product_cat?post=239"},{"taxonomy":"product_tag","embeddable":true,"href":"https:\/\/fldvalve.com\/fr\/wp-json\/wp\/v2\/product_tag?post=239"}],"curies":[{"name":"wp","href":"https:\/\/api.w.org\/{rel}","templated":true}]}}