{"id":242,"date":"2026-01-05T07:08:23","date_gmt":"2026-01-05T07:08:23","guid":{"rendered":"https:\/\/fldvalve.com\/?post_type=product&#038;p=242"},"modified":"2026-02-05T08:04:40","modified_gmt":"2026-02-05T08:04:40","slug":"a105-explosion-proof-electric-high-pressure-control-valve-t948y","status":"publish","type":"product","link":"https:\/\/fldvalve.com\/fr\/product\/a105-explosion-proof-electric-high-pressure-control-valve-t948y\/","title":{"rendered":"A105 Vanne de commande \u00e9lectrique haute pression antid\u00e9flagrante T948Y"},"content":{"rendered":"<h2>A105 Vanne de commande \u00e9lectrique haute pression antid\u00e9flagrante T948Y<\/h2>\n<p>La vanne de r\u00e9gulation haute pression \u00e9lectrique antid\u00e9flagrante T948Y est dot\u00e9e d'un corps de vanne en acier forg\u00e9 ASTM A105 et d'un actionneur \u00e9lectrique antid\u00e9flagrant, sp\u00e9cialement con\u00e7u pour la r\u00e9gulation continue et pr\u00e9cise du d\u00e9bit ou de la pression du m\u00e9dia dans des environnements haute pression, inflammables et explosifs. Le produit combine une r\u00e9sistance \u00e0 la pression \u00e0 haute r\u00e9sistance avec des capacit\u00e9s de contr\u00f4le automatis\u00e9es, ce qui le rend adapt\u00e9 aux applications de contr\u00f4le de processus critiques.<\/p>\n<h3><strong>Caract\u00e9ristiques cl\u00e9s :<\/strong><\/h3>\n<p>1. corps de vanne en acier forg\u00e9 A105<br \/>\nStructure dense, haute r\u00e9sistance et r\u00e9sistance aux chocs \u00e0 haute pression, adapt\u00e9e \u00e0 un fonctionnement \u00e0 long terme dans des conditions difficiles.<br \/>\n2. Actionneur \u00e9lectrique antid\u00e9flagrant<br \/>\nLes options de notation antid\u00e9flagrantes incluent Ex d \/Ex t, r\u00e9pondant aux exigences de la p\u00e9trochimie, de la chimie du charbon et d'autres zones antid\u00e9flagrantes.<br \/>\n3. R\u00e9gulation de pr\u00e9cision \u00e0 haute pression<br \/>\nLa conception de la structure de r\u00e9duction de pression ou d'\u00e9tranglement \u00e0 plusieurs \u00e9tages r\u00e9duit le bruit et l'\u00e9rosion, am\u00e9liorant ainsi la stabilit\u00e9 de la r\u00e9gulation.<br \/>\n4. Structure d'\u00e9tanch\u00e9it\u00e9 fiable (structure de type Y)<br \/>\nR\u00e9partition raisonnable des contraintes et forte r\u00e9sistance \u00e0 l'\u00e9rosion, adapt\u00e9e aux conditions diff\u00e9rentielles \u00e0 haute pression.<br \/>\n5. Compatibilit\u00e9 d\u2019automatisation forte<br \/>\nPrend en charge les signaux de commande standard tels que 40mA et 0010 V, et peuvent \u00eatre int\u00e9gr\u00e9s dans les syst\u00e8mes PLC\/DCS.<\/p>\n<h3><strong>Applications typiques :<\/strong><\/h3>\n<p>\u2022 Syst\u00e8mes de transport et d'injection de p\u00e9trole et de gaz \u00e0 haute pression<br \/>\n\u2022 Dispositifs de r\u00e9action et de contr\u00f4le \u00e0 haute pression dans les industries chimiques et du charbon<br \/>\n\u2022 Plateformes hydrauliques et d'essai haute pression<br \/>\n\u2022 Syst\u00e8mes exp\u00e9rimentaux d'\u00e9nergie, d'\u00e9nergie et de recherche scientifique<\/p>","protected":false},"excerpt":{"rendered":"<p>La vanne de r\u00e9gulation \u00e9lectrique haute pression antid\u00e9flagrante T948Y est dot\u00e9e d'un corps de vanne en acier forg\u00e9 ASTM A105 et d'un actionneur \u00e9lectrique antid\u00e9flagrant, sp\u00e9cialement con\u00e7u pour une r\u00e9gulation continue et pr\u00e9cise du d\u00e9bit ou de la pression du support dans des environnements haute pression, inflammables et explosifs.<\/p>","protected":false},"featured_media":243,"comment_status":"open","ping_status":"closed","template":"","meta":[],"product_brand":[],"product_cat":[20],"product_tag":[],"class_list":{"0":"post-242","1":"product","2":"type-product","3":"status-publish","4":"has-post-thumbnail","6":"product_cat-electric-control-valve","8":"first","9":"instock","10":"shipping-taxable","11":"product-type-simple"},"_links":{"self":[{"href":"https:\/\/fldvalve.com\/fr\/wp-json\/wp\/v2\/product\/242","targetHints":{"allow":["GET"]}}],"collection":[{"href":"https:\/\/fldvalve.com\/fr\/wp-json\/wp\/v2\/product"}],"about":[{"href":"https:\/\/fldvalve.com\/fr\/wp-json\/wp\/v2\/types\/product"}],"replies":[{"embeddable":true,"href":"https:\/\/fldvalve.com\/fr\/wp-json\/wp\/v2\/comments?post=242"}],"wp:featuredmedia":[{"embeddable":true,"href":"https:\/\/fldvalve.com\/fr\/wp-json\/wp\/v2\/media\/243"}],"wp:attachment":[{"href":"https:\/\/fldvalve.com\/fr\/wp-json\/wp\/v2\/media?parent=242"}],"wp:term":[{"taxonomy":"product_brand","embeddable":true,"href":"https:\/\/fldvalve.com\/fr\/wp-json\/wp\/v2\/product_brand?post=242"},{"taxonomy":"product_cat","embeddable":true,"href":"https:\/\/fldvalve.com\/fr\/wp-json\/wp\/v2\/product_cat?post=242"},{"taxonomy":"product_tag","embeddable":true,"href":"https:\/\/fldvalve.com\/fr\/wp-json\/wp\/v2\/product_tag?post=242"}],"curies":[{"name":"wp","href":"https:\/\/api.w.org\/{rel}","templated":true}]}}