{"id":244,"date":"2026-01-05T07:11:52","date_gmt":"2026-01-05T07:11:52","guid":{"rendered":"https:\/\/fldvalve.com\/?post_type=product&#038;p=244"},"modified":"2026-02-05T07:58:34","modified_gmt":"2026-02-05T07:58:34","slug":"pneumatic-all-stainless-steel-soft-seated-flanged-butterfly-valve-d641x","status":"publish","type":"product","link":"https:\/\/fldvalve.com\/fr\/product\/pneumatic-all-stainless-steel-soft-seated-flanged-butterfly-valve-d641x\/","title":{"rendered":"Vanne papillon pneumatique \u00e0 bride \u00e0 si\u00e8ge souple en acier inoxydable D641x"},"content":{"rendered":"<h2>Vanne papillon pneumatique \u00e0 bride \u00e0 si\u00e8ge souple en acier inoxydable D641x<\/h2>\n<p>La vanne papillon pneumatique \u00e0 bride assise souple tout en acier inoxydable D641 X est dot\u00e9e d'un corps et d'une structure de disque enti\u00e8rement en acier inoxydable, coupl\u00e9s \u00e0 un actionneur pneumatique Elle utilise de l'air comprim\u00e9 pour une ouverture et une fermeture rapides ou pour le contr\u00f4le La conception \u00e0 \u00e9tanch\u00e9it\u00e9 souple assure d'excellentes performances d'\u00e9tanch\u00e9it\u00e9 et une longue dur\u00e9e de vie dans les applications \u00e0 moyenne et basse pression, ce qui la rend largement utilis\u00e9e dans les syst\u00e8mes de tuyauterie automatis\u00e9s.<\/p>\n<h3><strong>Caract\u00e9ristiques du produit :<\/strong><\/h3>\n<p>1. Structure enti\u00e8rement en acier inoxydable<br \/>\nLe corps de vanne, le disque et les composants cl\u00e9s sont tous en acier inoxydable, offrant une forte r\u00e9sistance \u00e0 la corrosion et une ad\u00e9quation \u00e0 divers supports.<br \/>\n2. Conception \u00e0 joint souple (type X)<br \/>\nPerformances d'\u00e9tanch\u00e9it\u00e9 fiables, obtenant une \u00e9tanch\u00e9it\u00e9 bidirectionnelle avec une classe de fuite \u00e9lev\u00e9e.<br \/>\n3. Entra\u00eenement pneumatique, r\u00e9ponse rapide<br \/>\nVitesse d'ouverture et de fermeture rapide, adapt\u00e9e aux conditions de fonctionnement fr\u00e9quentes, permettant un contr\u00f4le automatis\u00e9.<br \/>\n4. raccord de bride, installation stable<br \/>\nCompatible avec diverses normes de tuyaux, une \u00e9tanch\u00e9it\u00e9 fiable et un entretien pratique.<br \/>\n5. Plusieurs options de contr\u00f4le disponibles<br \/>\nPeut \u00eatre configur\u00e9 avec des actionneurs \u00e0 simple effet\/double effet, prenant en charge la commande marche\/arr\u00eat ou modulante.<\/p>\n<h3><strong>Domaines d'application typiques :<\/strong><\/h3>\n<p>\u2022 Syst\u00e8mes d'approvisionnement en eau, de drainage et de traitement des eaux us\u00e9es<br \/>\n\u2022 Industries chimiques, alimentaires et pharmaceutiques<br \/>\n\u2022 Syst\u00e8mes CVC<br \/>\n\u2022 P\u00e9trole, industrie l\u00e9g\u00e8re et pipelines industriels g\u00e9n\u00e9raux<\/p>","protected":false},"excerpt":{"rendered":"<p>La vanne papillon pneumatique \u00e0 bride assise souple tout en acier inoxydable D641 X est dot\u00e9e d'un corps et d'une structure de disque enti\u00e8rement en acier inoxydable, coupl\u00e9s \u00e0 un actionneur pneumatique Elle utilise de l'air comprim\u00e9 pour une ouverture et une fermeture ou un contr\u00f4le rapides.<\/p>","protected":false},"featured_media":245,"comment_status":"open","ping_status":"closed","template":"","meta":[],"product_brand":[],"product_cat":[21],"product_tag":[],"class_list":{"0":"post-244","1":"product","2":"type-product","3":"status-publish","4":"has-post-thumbnail","6":"product_cat-butterfly-valve","8":"first","9":"instock","10":"shipping-taxable","11":"product-type-simple"},"_links":{"self":[{"href":"https:\/\/fldvalve.com\/fr\/wp-json\/wp\/v2\/product\/244","targetHints":{"allow":["GET"]}}],"collection":[{"href":"https:\/\/fldvalve.com\/fr\/wp-json\/wp\/v2\/product"}],"about":[{"href":"https:\/\/fldvalve.com\/fr\/wp-json\/wp\/v2\/types\/product"}],"replies":[{"embeddable":true,"href":"https:\/\/fldvalve.com\/fr\/wp-json\/wp\/v2\/comments?post=244"}],"wp:featuredmedia":[{"embeddable":true,"href":"https:\/\/fldvalve.com\/fr\/wp-json\/wp\/v2\/media\/245"}],"wp:attachment":[{"href":"https:\/\/fldvalve.com\/fr\/wp-json\/wp\/v2\/media?parent=244"}],"wp:term":[{"taxonomy":"product_brand","embeddable":true,"href":"https:\/\/fldvalve.com\/fr\/wp-json\/wp\/v2\/product_brand?post=244"},{"taxonomy":"product_cat","embeddable":true,"href":"https:\/\/fldvalve.com\/fr\/wp-json\/wp\/v2\/product_cat?post=244"},{"taxonomy":"product_tag","embeddable":true,"href":"https:\/\/fldvalve.com\/fr\/wp-json\/wp\/v2\/product_tag?post=244"}],"curies":[{"name":"wp","href":"https:\/\/api.w.org\/{rel}","templated":true}]}}