{"id":246,"date":"2026-01-05T07:13:44","date_gmt":"2026-01-05T07:13:44","guid":{"rendered":"https:\/\/fldvalve.com\/?post_type=product&#038;p=246"},"modified":"2026-02-05T07:53:54","modified_gmt":"2026-02-05T07:53:54","slug":"pneumatic-wafer-type-butterfly-valve-d671","status":"publish","type":"product","link":"https:\/\/fldvalve.com\/fr\/product\/pneumatic-wafer-type-butterfly-valve-d671\/","title":{"rendered":"Vanne papillon de type gaufrette pneumatique D671"},"content":{"rendered":"<h2>Vanne papillon de type gaufrette pneumatique D671<\/h2>\n<p>La vanne papillon de type plaquette pneumatique D671 pr\u00e9sente une conception de type plaquette et est \u00e9quip\u00e9e d'un actionneur pneumatique, permettant une ouverture et une fermeture rapides ou un contr\u00f4le de la vanne \u00e0 l'aide d'air comprim\u00e9. Ce produit poss\u00e8de une structure compacte, un poids l\u00e9ger et un petit espace d'installation, ce qui le rend adapt\u00e9 aux applications de contr\u00f4le automatis\u00e9 dans les syst\u00e8mes de tuyauterie moyenne et basse pression.<\/p>\n<h3><strong>Caract\u00e9ristiques du produit :<\/strong><\/h3>\n<p>1. Structure de type plaquette<br \/>\nInstall\u00e9 entre deux brides, offrant une conception compacte et \u00e9conomisant de l'espace d'installation et des co\u00fbts.<br \/>\n2. Entra\u00eenement pneumatique, action rapide<br \/>\nTemps d'ouverture et de fermeture court, adapt\u00e9 au fonctionnement haute fr\u00e9quence et \u00e0 la t\u00e9l\u00e9commande automatis\u00e9e.<br \/>\n3. Performances d'\u00e9tanch\u00e9it\u00e9 fiables<br \/>\nLa conception d'\u00e9tanch\u00e9it\u00e9 souple offre un bon effet d'\u00e9tanch\u00e9it\u00e9 bidirectionnel et un faible taux de fuite.<br \/>\n4. Large gamme d'applications<br \/>\nConvient \u00e0 l'eau, \u00e0 l'air, \u00e0 l'huile et aux milieux faiblement corrosifs.<br \/>\n5. entretien facile<br \/>\nHaute interchangeabilit\u00e9 des pi\u00e8ces, rendant le d\u00e9montage et l'entretien pratiques.<\/p>\n<h3><strong>Domaines d'application typiques :<\/strong><\/h3>\n<p>\u2022 Syst\u00e8mes d'approvisionnement en eau, de drainage et de traitement des eaux us\u00e9es<br \/>\n\u2022 Tuyauterie CVC (chauffage, ventilation et climatisation)<br \/>\n\u2022 Usines chimiques, industrielles l\u00e9g\u00e8res et industrielles g\u00e9n\u00e9rales<br \/>\n\u2022 Alimentation, produits pharmaceutiques et autres applications de proc\u00e9d\u00e9s propres<\/p>","protected":false},"excerpt":{"rendered":"<p>La vanne papillon de type plaquette pneumatique D671 pr\u00e9sente une conception de type plaquette et est \u00e9quip\u00e9e d'un actionneur pneumatique, permettant une ouverture et une fermeture rapides ou un contr\u00f4le pr\u00e9cis de la vanne \u00e0 l'aide d'air comprim\u00e9 Elle convient aux applications de contr\u00f4le automatis\u00e9 dans les syst\u00e8mes de tuyauterie moyenne et basse pression.<\/p>","protected":false},"featured_media":247,"comment_status":"open","ping_status":"closed","template":"","meta":[],"product_brand":[],"product_cat":[21],"product_tag":[],"class_list":{"0":"post-246","1":"product","2":"type-product","3":"status-publish","4":"has-post-thumbnail","6":"product_cat-butterfly-valve","8":"first","9":"instock","10":"shipping-taxable","11":"product-type-simple"},"_links":{"self":[{"href":"https:\/\/fldvalve.com\/fr\/wp-json\/wp\/v2\/product\/246","targetHints":{"allow":["GET"]}}],"collection":[{"href":"https:\/\/fldvalve.com\/fr\/wp-json\/wp\/v2\/product"}],"about":[{"href":"https:\/\/fldvalve.com\/fr\/wp-json\/wp\/v2\/types\/product"}],"replies":[{"embeddable":true,"href":"https:\/\/fldvalve.com\/fr\/wp-json\/wp\/v2\/comments?post=246"}],"wp:featuredmedia":[{"embeddable":true,"href":"https:\/\/fldvalve.com\/fr\/wp-json\/wp\/v2\/media\/247"}],"wp:attachment":[{"href":"https:\/\/fldvalve.com\/fr\/wp-json\/wp\/v2\/media?parent=246"}],"wp:term":[{"taxonomy":"product_brand","embeddable":true,"href":"https:\/\/fldvalve.com\/fr\/wp-json\/wp\/v2\/product_brand?post=246"},{"taxonomy":"product_cat","embeddable":true,"href":"https:\/\/fldvalve.com\/fr\/wp-json\/wp\/v2\/product_cat?post=246"},{"taxonomy":"product_tag","embeddable":true,"href":"https:\/\/fldvalve.com\/fr\/wp-json\/wp\/v2\/product_tag?post=246"}],"curies":[{"name":"wp","href":"https:\/\/api.w.org\/{rel}","templated":true}]}}