{"id":248,"date":"2026-01-05T07:16:23","date_gmt":"2026-01-05T07:16:23","guid":{"rendered":"https:\/\/fldvalve.com\/?post_type=product&#038;p=248"},"modified":"2026-02-05T07:49:01","modified_gmt":"2026-02-05T07:49:01","slug":"electric-butterfly-valve-d941x","status":"publish","type":"product","link":"https:\/\/fldvalve.com\/fr\/product\/electric-butterfly-valve-d941x\/","title":{"rendered":"Vanne papillon \u00e9lectrique D941x"},"content":{"rendered":"<h2>Vanne papillon \u00e9lectrique D941x<\/h2>\n<p>La vanne papillon \u00e9lectrique D941 X pr\u00e9sente une conception \u00e0 joint souple et est \u00e9quip\u00e9e d'un actionneur \u00e9lectrique, permettant l'ouverture, la fermeture ou le contr\u00f4le proportionnel \u00e0 distance via des signaux \u00e9lectriques Ce produit poss\u00e8de une structure compacte et un fonctionnement stable, ce qui le rend adapt\u00e9 au contr\u00f4le automatis\u00e9 et \u00e0 la r\u00e9gulation du d\u00e9bit dans les syst\u00e8mes de tuyauterie moyenne \u00e0 basse pression.<\/p>\n<h3><strong>Caract\u00e9ristiques du produit :<\/strong><\/h3>\n<p>1. entra\u00eenement \u00e9lectrique, haut degr\u00e9 d'automatisation<br \/>\nPrend en charge la t\u00e9l\u00e9commande, adapt\u00e9e \u00e0 l'int\u00e9gration du syst\u00e8me PLC\/DCS.<br \/>\n2. Structure \u00e0 joint souple (type X)<br \/>\nExcellentes performances d'\u00e9tanch\u00e9it\u00e9, \u00e9tanch\u00e9it\u00e9 bidirectionnelle, faible taux de fuite.<br \/>\n3. ouverture et fermeture lisses, positionnement pr\u00e9cis<br \/>\nSortie d'actionneur stable, adapt\u00e9e aux conditions fr\u00e9quentes d'ouverture, de fermeture et de r\u00e9gulation.<br \/>\n4. structure compacte, entretien pratique<br \/>\nL\u00e9ger, petit espace d'installation, facilitant la disposition du syst\u00e8me.<br \/>\n5. configurations multiples disponibles<br \/>\nDisponible en types marche\/arr\u00eat ou modulant, prenant en charge divers signaux de commande.<\/p>\n<h3><strong>Domaines d'application typiques :<\/strong><\/h3>\n<p>\u2022 Syst\u00e8mes d'approvisionnement en eau, de drainage et de traitement des eaux us\u00e9es<br \/>\n\u2022 Syst\u00e8mes CVC<br \/>\n\u2022 Canalisations chimiques, industrielles l\u00e9g\u00e8res et industrielles g\u00e9n\u00e9rales<br \/>\n\u2022 Protection de l'environnement, traitement de l'eau et ing\u00e9nierie municipale<\/p>","protected":false},"excerpt":{"rendered":"<p>Ce produit permet l'ouverture, la fermeture ou le contr\u00f4le proportionnel \u00e0 distance des vannes via des signaux \u00e9lectriques. Avec sa structure compacte et son fonctionnement stable, il convient au contr\u00f4le automatis\u00e9 et \u00e0 la r\u00e9gulation du d\u00e9bit dans les syst\u00e8mes de tuyauterie moyenne et basse pression.<\/p>","protected":false},"featured_media":249,"comment_status":"open","ping_status":"closed","template":"","meta":[],"product_brand":[],"product_cat":[21],"product_tag":[],"class_list":{"0":"post-248","1":"product","2":"type-product","3":"status-publish","4":"has-post-thumbnail","6":"product_cat-butterfly-valve","8":"first","9":"instock","10":"shipping-taxable","11":"product-type-simple"},"_links":{"self":[{"href":"https:\/\/fldvalve.com\/fr\/wp-json\/wp\/v2\/product\/248","targetHints":{"allow":["GET"]}}],"collection":[{"href":"https:\/\/fldvalve.com\/fr\/wp-json\/wp\/v2\/product"}],"about":[{"href":"https:\/\/fldvalve.com\/fr\/wp-json\/wp\/v2\/types\/product"}],"replies":[{"embeddable":true,"href":"https:\/\/fldvalve.com\/fr\/wp-json\/wp\/v2\/comments?post=248"}],"wp:featuredmedia":[{"embeddable":true,"href":"https:\/\/fldvalve.com\/fr\/wp-json\/wp\/v2\/media\/249"}],"wp:attachment":[{"href":"https:\/\/fldvalve.com\/fr\/wp-json\/wp\/v2\/media?parent=248"}],"wp:term":[{"taxonomy":"product_brand","embeddable":true,"href":"https:\/\/fldvalve.com\/fr\/wp-json\/wp\/v2\/product_brand?post=248"},{"taxonomy":"product_cat","embeddable":true,"href":"https:\/\/fldvalve.com\/fr\/wp-json\/wp\/v2\/product_cat?post=248"},{"taxonomy":"product_tag","embeddable":true,"href":"https:\/\/fldvalve.com\/fr\/wp-json\/wp\/v2\/product_tag?post=248"}],"curies":[{"name":"wp","href":"https:\/\/api.w.org\/{rel}","templated":true}]}}