{"id":252,"date":"2026-01-05T07:22:34","date_gmt":"2026-01-05T07:22:34","guid":{"rendered":"https:\/\/fldvalve.com\/?post_type=product&#038;p=252"},"modified":"2026-02-05T07:37:02","modified_gmt":"2026-02-05T07:37:02","slug":"eccentric-rotary-valve","status":"publish","type":"product","link":"https:\/\/fldvalve.com\/fr\/product\/eccentric-rotary-valve\/","title":{"rendered":"Vanne rotative excentrique"},"content":{"rendered":"<h2>Vanne rotative excentrique<\/h2>\n<p>La vanne rotative excentrique est une vanne de r\u00e9gulation haute performance avec un noyau de vanne excentrique comme composant central. Elle permet une r\u00e9gulation ou un arr\u00eat continu du d\u00e9bit, de la pression ou du niveau du support gr\u00e2ce au mouvement de rotation du noyau de vanne autour d'un axe excentrique. Ce type de vanne combine la valeur Cv \u00e9lev\u00e9e des vannes rotatives avec les performances de commande pr\u00e9cises des vannes de r\u00e9gulation, ce qui la rend particuli\u00e8rement adapt\u00e9e aux applications de supports \u00e0 haute pression diff\u00e9rentielle, \u00e0 d\u00e9bit \u00e9lev\u00e9, \u00e9rosifs ou contenant des particules.<\/p>\n<h3><strong>Avantages principaux :<\/strong><\/h3>\n<p>1. Forte r\u00e9sistance \u00e0 l\u2019\u00e9rosion et \u00e0 l\u2019usure<br \/>\nLa structure excentrique r\u00e9duit l'\u00e9rosion frontale entre le noyau de la valve et le si\u00e8ge de la valve, ce qui la rend adapt\u00e9e aux milieux \u00e0 grande vitesse.<br \/>\n2. Excellentes performances de contr\u00f4le<br \/>\nCaract\u00e9ristiques de d\u00e9bit stables et pr\u00e9cision de contr\u00f4le \u00e9lev\u00e9e, adapt\u00e9es aux applications de r\u00e9gulation continue.<br \/>\n3. \u00e9tanch\u00e9it\u00e9 fiable<br \/>\nJoint dur m\u00e9tallique en option ou joint composite souple et dur pour r\u00e9pondre \u00e0 diff\u00e9rentes temp\u00e9ratures et pressions nominales.<br \/>\n4. Adaptable aux m\u00e9dias complexes<br \/>\nConvient aux milieux contenant des particules, des fibres, des boues et des fluides \u00e0 haute viscosit\u00e9.<br \/>\n6. faible couple et longue dur\u00e9e de vie<br \/>\nFaible r\u00e9sistance \u00e0 l'ouverture et \u00e0 la fermeture, permettant une s\u00e9lection plus flexible de l'actionneur.<\/p>\n<h3><strong>Domaines d'application typiques :<\/strong><\/h3>\n<p>\u2022 Usines chimiques et chimiques du charbon<br \/>\n\u2022 Syst\u00e8mes \u00e9lectriques, m\u00e9tallurgiques et \u00e9nerg\u00e9tiques<br \/>\n\u2022 Fabrication du papier, p\u00e2te \u00e0 papier et supports diphasiques solide-liquide<br \/>\n\u2022 Syst\u00e8mes de protection de l'environnement, de traitement de l'eau, de d\u00e9sulfuration et de d\u00e9nitrification<br \/>\n\u2022 Applications de p\u00e9trole, de gaz naturel et de haute pression diff\u00e9rentielle<\/p>","protected":false},"excerpt":{"rendered":"<p>Les vannes rotatives excentriques combinent la valeur Cv \u00e9lev\u00e9e des vannes rotatives avec les performances de contr\u00f4le pr\u00e9cises des vannes de r\u00e9gulation, ce qui les rend particuli\u00e8rement adapt\u00e9es aux applications impliquant une pression diff\u00e9rentielle \u00e9lev\u00e9e, des d\u00e9bits \u00e9lev\u00e9s, des fluides \u00e9rosifs ou des milieux contenant des particules solides.<\/p>","protected":false},"featured_media":253,"comment_status":"open","ping_status":"closed","template":"","meta":[],"product_brand":[],"product_cat":[22],"product_tag":[],"class_list":{"0":"post-252","1":"product","2":"type-product","3":"status-publish","4":"has-post-thumbnail","6":"product_cat-eccentric-rotary-valve","8":"first","9":"instock","10":"shipping-taxable","11":"product-type-simple"},"_links":{"self":[{"href":"https:\/\/fldvalve.com\/fr\/wp-json\/wp\/v2\/product\/252","targetHints":{"allow":["GET"]}}],"collection":[{"href":"https:\/\/fldvalve.com\/fr\/wp-json\/wp\/v2\/product"}],"about":[{"href":"https:\/\/fldvalve.com\/fr\/wp-json\/wp\/v2\/types\/product"}],"replies":[{"embeddable":true,"href":"https:\/\/fldvalve.com\/fr\/wp-json\/wp\/v2\/comments?post=252"}],"wp:featuredmedia":[{"embeddable":true,"href":"https:\/\/fldvalve.com\/fr\/wp-json\/wp\/v2\/media\/253"}],"wp:attachment":[{"href":"https:\/\/fldvalve.com\/fr\/wp-json\/wp\/v2\/media?parent=252"}],"wp:term":[{"taxonomy":"product_brand","embeddable":true,"href":"https:\/\/fldvalve.com\/fr\/wp-json\/wp\/v2\/product_brand?post=252"},{"taxonomy":"product_cat","embeddable":true,"href":"https:\/\/fldvalve.com\/fr\/wp-json\/wp\/v2\/product_cat?post=252"},{"taxonomy":"product_tag","embeddable":true,"href":"https:\/\/fldvalve.com\/fr\/wp-json\/wp\/v2\/product_tag?post=252"}],"curies":[{"name":"wp","href":"https:\/\/api.w.org\/{rel}","templated":true}]}}