{"id":256,"date":"2026-01-05T07:28:59","date_gmt":"2026-01-05T07:28:59","guid":{"rendered":"https:\/\/fldvalve.com\/?post_type=product&#038;p=256"},"modified":"2026-02-05T07:30:30","modified_gmt":"2026-02-05T07:30:30","slug":"pneumatic-control-valve","status":"publish","type":"product","link":"https:\/\/fldvalve.com\/fr\/product\/pneumatic-control-valve\/","title":{"rendered":"vanne de r\u00e9gulation pneumatique"},"content":{"rendered":"<h2>vanne de r\u00e9gulation pneumatique<\/h2>\n<p>Les vannes de r\u00e9gulation pneumatiques utilisent de l'air comprim\u00e9 comme source d'alimentation et re\u00e7oivent des signaux de commande (g\u00e9n\u00e9ralement 4 vannes de r\u00e9gulation \u00e0 20 mA) via un positionneur de vanne pour contr\u00f4ler avec pr\u00e9cision le d\u00e9placement ou l'angle de rotation de la tige de vanne, obtenant ainsi une r\u00e9gulation automatique continue du d\u00e9bit, de la pression, du niveau ou de la temp\u00e9rature du milieu dans le pipeline. En raison de leur vitesse de r\u00e9ponse rapide, de leur fonctionnement stable et de leur haute s\u00e9curit\u00e9, ces vannes sont largement utilis\u00e9es dans les syst\u00e8mes de contr\u00f4le de processus industriels.<\/p>\n<h3><strong>Avantages principaux :<\/strong><\/h3>\n<p>1. Pr\u00e9cision de contr\u00f4le \u00e9lev\u00e9e<br \/>\nAtteint une r\u00e9gulation continue stable et lin\u00e9aire avec une pr\u00e9cision de contr\u00f4le \u00e9lev\u00e9e.<br \/>\n2. Vitesse de r\u00e9ponse rapide<br \/>\nConvient pour un fonctionnement fr\u00e9quent et des conditions de travail dynamiques.<br \/>\n3. s\u00fbr et fiable<br \/>\nIntrins\u00e8quement antid\u00e9flagrant, particuli\u00e8rement adapt\u00e9 aux environnements inflammables et explosifs.<br \/>\n4. Forte adaptabilit\u00e9<br \/>\nPeut \u00eatre utilis\u00e9 dans des conditions de haute temp\u00e9rature, haute pression, haute pression diff\u00e9rentielle et dans des conditions de m\u00e9dias complexes.<br \/>\n5. Fonction de s\u00e9curit\u00e9 contre les pannes<br \/>\nConfigurable avec les modes de s\u00e9curit\u00e9 air-ouverture\/air-\u00e0-fermeture\/maintien en s\u00e9curit\u00e9.<\/p>\n<h3><strong>Domaines d'application typiques :<\/strong><\/h3>\n<p>\u2022 Usines de p\u00e9trole, de gaz naturel et de produits chimiques<br \/>\n\u2022 Syst\u00e8mes \u00e9lectriques, m\u00e9tallurgiques et \u00e9nerg\u00e9tiques<br \/>\n\u2022 Protection de l'environnement, traitement de l'eau et d\u00e9sulfuration\/d\u00e9nitrification<br \/>\n\u2022 Produits pharmaceutiques, aliments et produits chimiques fins<br \/>\n\u2022 Fabrication du papier, p\u00e2te \u00e0 papier et supports contenant des particules<\/p>","protected":false},"excerpt":{"rendered":"<p>Les vannes de r\u00e9gulation pneumatiques utilisent de l'air comprim\u00e9 comme source d'alimentation et re\u00e7oivent des signaux de commande (g\u00e9n\u00e9ralement 4 vannes de r\u00e9gulation \u00e0 20 mA) via un positionneur de vanne pour contr\u00f4ler avec pr\u00e9cision le d\u00e9placement ou l'angle de rotation de la tige de vanne, obtenant ainsi une r\u00e9gulation automatique continue du d\u00e9bit, de la pression, du niveau ou de la temp\u00e9rature de le milieu dans le pipeline.<\/p>","protected":false},"featured_media":257,"comment_status":"open","ping_status":"closed","template":"","meta":[],"product_brand":[],"product_cat":[23],"product_tag":[],"class_list":{"0":"post-256","1":"product","2":"type-product","3":"status-publish","4":"has-post-thumbnail","6":"product_cat-control-valve","8":"first","9":"instock","10":"shipping-taxable","11":"product-type-simple"},"_links":{"self":[{"href":"https:\/\/fldvalve.com\/fr\/wp-json\/wp\/v2\/product\/256","targetHints":{"allow":["GET"]}}],"collection":[{"href":"https:\/\/fldvalve.com\/fr\/wp-json\/wp\/v2\/product"}],"about":[{"href":"https:\/\/fldvalve.com\/fr\/wp-json\/wp\/v2\/types\/product"}],"replies":[{"embeddable":true,"href":"https:\/\/fldvalve.com\/fr\/wp-json\/wp\/v2\/comments?post=256"}],"wp:featuredmedia":[{"embeddable":true,"href":"https:\/\/fldvalve.com\/fr\/wp-json\/wp\/v2\/media\/257"}],"wp:attachment":[{"href":"https:\/\/fldvalve.com\/fr\/wp-json\/wp\/v2\/media?parent=256"}],"wp:term":[{"taxonomy":"product_brand","embeddable":true,"href":"https:\/\/fldvalve.com\/fr\/wp-json\/wp\/v2\/product_brand?post=256"},{"taxonomy":"product_cat","embeddable":true,"href":"https:\/\/fldvalve.com\/fr\/wp-json\/wp\/v2\/product_cat?post=256"},{"taxonomy":"product_tag","embeddable":true,"href":"https:\/\/fldvalve.com\/fr\/wp-json\/wp\/v2\/product_tag?post=256"}],"curies":[{"name":"wp","href":"https:\/\/api.w.org\/{rel}","templated":true}]}}