{"id":258,"date":"2026-01-05T07:30:56","date_gmt":"2026-01-05T07:30:56","guid":{"rendered":"https:\/\/fldvalve.com\/?post_type=product&#038;p=258"},"modified":"2026-02-05T07:25:36","modified_gmt":"2026-02-05T07:25:36","slug":"pneumatic-high-pressure-control-valve","status":"publish","type":"product","link":"https:\/\/fldvalve.com\/fr\/product\/pneumatic-high-pressure-control-valve\/","title":{"rendered":"Vanne de commande pneumatique haute pression"},"content":{"rendered":"<h2>Vanne de commande pneumatique haute pression<\/h2>\n<p>Les vannes de r\u00e9gulation pneumatiques haute pression utilisent de l'air comprim\u00e9 comme force motrice et re\u00e7oivent des signaux de commande tels que 4-20 mA via un positionneur de vanne pour obtenir un r\u00e9glage automatique continu et pr\u00e9cis des param\u00e8tres de d\u00e9bit moyen, de pression ou de processus dans des conditions de haute pression. Ces vannes pr\u00e9sentent une r\u00e9sistance \u00e0 haute pression, une r\u00e9gulation stable, ainsi qu'une s\u00e9curit\u00e9 et une fiabilit\u00e9, et sont largement utilis\u00e9es dans les syst\u00e8mes de contr\u00f4le de processus industriels diff\u00e9rentiels \u00e0 haut risque et haute pression.<\/p>\n<h3><strong>Avantages fondamentaux<\/strong><\/h3>\n<p>1. R\u00e9sistance \u00e0 la pression forte<br \/>\nUtilise un corps de vanne en acier forg\u00e9 ou en alliage \u00e0 haute r\u00e9sistance, adapt\u00e9 aux conditions d'ultra-haute pression.<br \/>\n2. Performance de la r\u00e9glementation stable<br \/>\nLes caract\u00e9ristiques de d\u00e9bit peuvent \u00eatre s\u00e9lectionn\u00e9es en pourcentage \u00e9gal ou lin\u00e9aire, avec une pr\u00e9cision de contr\u00f4le \u00e9lev\u00e9e.<br \/>\n3. Haute s\u00e9curit\u00e9<br \/>\nLes actionneurs pneumatiques sont intrins\u00e8quement antid\u00e9flagrants, adapt\u00e9s aux environnements inflammables et explosifs.<br \/>\n4. Conception r\u00e9sistante \u00e0 l'\u00e9rosion et \u00e0 la cavitation<br \/>\nLa structure d'\u00e9tranglement et de r\u00e9duction de pression \u00e0 plusieurs \u00e9tages prolonge efficacement la dur\u00e9e de vie.<br \/>\n5. Protection compl\u00e8te contre les pannes<br \/>\nConfigurable avec les conditions de s\u00e9curit\u00e9 air-ouverture\/air-\u00e0-fermeture\/air-d\u00e9faillance-de-maintien.<\/p>\n<h3><strong>Domaines d'application typiques<\/strong><\/h3>\n<p>\u2022 Syst\u00e8mes de transport et d'injection de p\u00e9trole et de gaz \u00e0 haute pression<br \/>\n\u2022 Dispositifs de r\u00e9action \u00e0 haute pression dans les industries chimiques et charbonni\u00e8res<br \/>\n\u2022 Syst\u00e8mes d'alimentation en \u00e9lectricit\u00e9, en \u00e9nergie et en eau \u00e0 haute pression<br \/>\n\u2022 Plateformes hydrauliques et d'essai \u00e0 ultra haute pression<br \/>\n\u2022 \u00c9quipement exp\u00e9rimental de recherche militaire et scientifique<\/p>","protected":false},"excerpt":{"rendered":"<p>Les vannes de r\u00e9gulation pneumatiques haute pression utilisent de l'air comprim\u00e9 comme force motrice et re\u00e7oivent des signaux de commande tels que 4 \u00e0 20 mA via un positionneur de vanne pour obtenir un r\u00e9glage automatique continu et pr\u00e9cis du d\u00e9bit moyen, de la pression ou des param\u00e8tres de processus dans des conditions de haute pression.<\/p>","protected":false},"featured_media":259,"comment_status":"open","ping_status":"closed","template":"","meta":[],"product_brand":[],"product_cat":[23],"product_tag":[],"class_list":{"0":"post-258","1":"product","2":"type-product","3":"status-publish","4":"has-post-thumbnail","6":"product_cat-control-valve","8":"first","9":"instock","10":"shipping-taxable","11":"product-type-simple"},"_links":{"self":[{"href":"https:\/\/fldvalve.com\/fr\/wp-json\/wp\/v2\/product\/258","targetHints":{"allow":["GET"]}}],"collection":[{"href":"https:\/\/fldvalve.com\/fr\/wp-json\/wp\/v2\/product"}],"about":[{"href":"https:\/\/fldvalve.com\/fr\/wp-json\/wp\/v2\/types\/product"}],"replies":[{"embeddable":true,"href":"https:\/\/fldvalve.com\/fr\/wp-json\/wp\/v2\/comments?post=258"}],"wp:featuredmedia":[{"embeddable":true,"href":"https:\/\/fldvalve.com\/fr\/wp-json\/wp\/v2\/media\/259"}],"wp:attachment":[{"href":"https:\/\/fldvalve.com\/fr\/wp-json\/wp\/v2\/media?parent=258"}],"wp:term":[{"taxonomy":"product_brand","embeddable":true,"href":"https:\/\/fldvalve.com\/fr\/wp-json\/wp\/v2\/product_brand?post=258"},{"taxonomy":"product_cat","embeddable":true,"href":"https:\/\/fldvalve.com\/fr\/wp-json\/wp\/v2\/product_cat?post=258"},{"taxonomy":"product_tag","embeddable":true,"href":"https:\/\/fldvalve.com\/fr\/wp-json\/wp\/v2\/product_tag?post=258"}],"curies":[{"name":"wp","href":"https:\/\/api.w.org\/{rel}","templated":true}]}}