{"id":260,"date":"2026-01-05T07:32:59","date_gmt":"2026-01-05T07:32:59","guid":{"rendered":"https:\/\/fldvalve.com\/?post_type=product&#038;p=260"},"modified":"2026-02-05T07:20:57","modified_gmt":"2026-02-05T07:20:57","slug":"compact-single-seat-control-valve","status":"publish","type":"product","link":"https:\/\/fldvalve.com\/fr\/product\/compact-single-seat-control-valve\/","title":{"rendered":"Vanne de commande compacte \u00e0 si\u00e8ge unique"},"content":{"rendered":"<h2>Vanne de commande compacte \u00e0 si\u00e8ge unique<\/h2>\n<p>La vanne de commande compacte \u00e0 si\u00e8ge unique est une vanne de commande automatique avec une structure compacte et une grande pr\u00e9cision de commande Elle adopte une structure monoplace et est \u00e9quip\u00e9e d'actionneurs pneumatiques ou \u00e9lectriques, utilis\u00e9s pour une r\u00e9gulation pr\u00e9cise du d\u00e9bit, de la pression, du niveau de liquide ou de la temp\u00e9rature du milieu dans les canalisations Ce type de vanne est de petite taille et de poids l\u00e9ger, ce qui le rend particuli\u00e8rement adapt\u00e9 aux applications avec un espace d'installation limit\u00e9 et des exigences \u00e9lev\u00e9es en mati\u00e8re de pr\u00e9cision de contr\u00f4le.<\/p>\n<h3><strong>Caract\u00e9ristiques structurelles :<\/strong><\/h3>\n<p>1. Structure d'\u00e9tanch\u00e9it\u00e9 monoplace<br \/>\nFaible fuite et performances d'\u00e9tanch\u00e9it\u00e9 sup\u00e9rieures par rapport aux vannes \u00e0 double si\u00e8ge, adapt\u00e9es aux applications n\u00e9cessitant des performances d'\u00e9tanch\u00e9it\u00e9 \u00e9lev\u00e9es.<br \/>\n2. Conception int\u00e9gr\u00e9e compacte<br \/>\nInt\u00e9gration \u00e9lev\u00e9e du corps de vanne et de l'actionneur, faible encombrement, et installation et entretien pratiques.<br \/>\n3. noyau de vanne \u00e9quilibr\u00e9 en option<br \/>\nR\u00e9duit efficacement la force d\u00e9s\u00e9quilibr\u00e9e dans des conditions de pression diff\u00e9rentielle \u00e9lev\u00e9e, am\u00e9liorant ainsi la stabilit\u00e9 du contr\u00f4le.<br \/>\n4. caract\u00e9ristiques de d\u00e9bit multiples<br \/>\nDes caract\u00e9ristiques lin\u00e9aires et \u00e9gales en pourcentage sont disponibles pour r\u00e9pondre aux diff\u00e9rents besoins de contr\u00f4le.<\/p>\n<h3><strong>Avantages principaux :<\/strong><\/h3>\n<p>1. Pr\u00e9cision de contr\u00f4le \u00e9lev\u00e9e<br \/>\nContr\u00f4le de course sensible, adapt\u00e9 au contr\u00f4le pr\u00e9cis du processus.<br \/>\n2. Excellente performance d'\u00e9tanch\u00e9it\u00e9<br \/>\nJoint souple ou joint m\u00e9tallique en option, classe de fuite \u00e9lev\u00e9e.<br \/>\n3. Structure compacte<br \/>\nParticuli\u00e8rement adapt\u00e9 aux \u00e9quipements dens\u00e9ment emball\u00e9s ou aux projets de modernisation.<br \/>\n4. fonctionnement stable et faible bruit<br \/>\nBon guidage du noyau de la vanne et faible vibration.<br \/>\n5. configuration flexible<br \/>\nDes actionneurs pneumatiques, \u00e9lectriques et antid\u00e9flagrants sont disponibles.<\/p>\n<h3><strong>Domaines d'application typiques :<\/strong><\/h3>\n<p>\u2022 Usines chimiques et de chimie fine<br \/>\n\u2022 Pharmaceutique, alimentaire et biotechnologie<br \/>\n\u2022 \u00c9quipements de laboratoire et petits syst\u00e8mes de contr\u00f4le de d\u00e9bit<br \/>\n\u2022 CVC et automatisation des b\u00e2timents<br \/>\n\u2022 Instrumentation et packages d'\u00e9quipement complets<\/p>","protected":false},"excerpt":{"rendered":"<p>La vanne de commande compacte \u00e0 si\u00e8ge unique est une vanne de commande automatique avec une structure compacte et une grande pr\u00e9cision de commande Elle adopte une structure monoplace et est \u00e9quip\u00e9e d'actionneurs pneumatiques ou \u00e9lectriques, utilis\u00e9s pour une r\u00e9gulation pr\u00e9cise du d\u00e9bit, de la pression, du niveau de liquide ou de la temp\u00e9rature du milieu dans les pipelines.<\/p>","protected":false},"featured_media":261,"comment_status":"open","ping_status":"closed","template":"","meta":[],"product_brand":[],"product_cat":[23],"product_tag":[],"class_list":{"0":"post-260","1":"product","2":"type-product","3":"status-publish","4":"has-post-thumbnail","6":"product_cat-control-valve","8":"first","9":"instock","10":"shipping-taxable","11":"product-type-simple"},"_links":{"self":[{"href":"https:\/\/fldvalve.com\/fr\/wp-json\/wp\/v2\/product\/260","targetHints":{"allow":["GET"]}}],"collection":[{"href":"https:\/\/fldvalve.com\/fr\/wp-json\/wp\/v2\/product"}],"about":[{"href":"https:\/\/fldvalve.com\/fr\/wp-json\/wp\/v2\/types\/product"}],"replies":[{"embeddable":true,"href":"https:\/\/fldvalve.com\/fr\/wp-json\/wp\/v2\/comments?post=260"}],"wp:featuredmedia":[{"embeddable":true,"href":"https:\/\/fldvalve.com\/fr\/wp-json\/wp\/v2\/media\/261"}],"wp:attachment":[{"href":"https:\/\/fldvalve.com\/fr\/wp-json\/wp\/v2\/media?parent=260"}],"wp:term":[{"taxonomy":"product_brand","embeddable":true,"href":"https:\/\/fldvalve.com\/fr\/wp-json\/wp\/v2\/product_brand?post=260"},{"taxonomy":"product_cat","embeddable":true,"href":"https:\/\/fldvalve.com\/fr\/wp-json\/wp\/v2\/product_cat?post=260"},{"taxonomy":"product_tag","embeddable":true,"href":"https:\/\/fldvalve.com\/fr\/wp-json\/wp\/v2\/product_tag?post=260"}],"curies":[{"name":"wp","href":"https:\/\/api.w.org\/{rel}","templated":true}]}}