{"id":262,"date":"2026-01-05T07:35:22","date_gmt":"2026-01-05T07:35:22","guid":{"rendered":"https:\/\/fldvalve.com\/?post_type=product&#038;p=262"},"modified":"2026-02-05T07:18:12","modified_gmt":"2026-02-05T07:18:12","slug":"slide-valve","status":"publish","type":"product","link":"https:\/\/fldvalve.com\/fr\/product\/slide-valve\/","title":{"rendered":"Slide Valve"},"content":{"rendered":"<h2>Slide Valve<\/h2>\n<p>Un tiroir est un type de vanne qui utilise une plaque de vanne coulissante se d\u00e9pla\u00e7ant le long des rails de guidage \u00e0 l'int\u00e9rieur du corps de vanne pour contr\u00f4ler l'ouverture, la fermeture ou le d\u00e9tournement du support de canalisation. Il pr\u00e9sente une structure simple, une \u00e9tanch\u00e9it\u00e9 fiable et un fonctionnement flexible, et est largement utilis\u00e9 pour le contr\u00f4le de l'arr\u00eat et de la distribution dans les pipelines transportant des poudres, des mat\u00e9riaux granulaires, des m\u00e9langes solide-liquide et des gaz.<\/p>\n<h3><strong>Avantages cl\u00e9s :<\/strong><\/h3>\n<p>1. Excellentes performances d\u2019\u00e9tanch\u00e9it\u00e9<br \/>\nDisponible avec des structures d'\u00e9tanch\u00e9it\u00e9 souple (caoutchouc\/polyur\u00e9thane) ou d'\u00e9tanch\u00e9it\u00e9 dure (m\u00e9tal), r\u00e9alisant une \u00e9tanch\u00e9it\u00e9 bidirectionnelle.<br \/>\n2. Op\u00e9ration facile<br \/>\nFaible r\u00e9sistance au glissement, ouverture et fermeture faciles, et peut \u00eatre actionn\u00e9 manuellement ou automatiquement.<br \/>\n3. r\u00e9sistant \u00e0 l'usure et \u00e0 l'\u00e9rosion<br \/>\nLa plaque de valve et les rails de guidage peuvent \u00eatre constitu\u00e9s de mat\u00e9riaux r\u00e9sistants \u00e0 l'usure, adapt\u00e9s aux poudres, granul\u00e9s ou milieux contenant des impuret\u00e9s.<br \/>\n4. Adaptable \u00e0 divers m\u00e9dias<br \/>\nApplicable aux poudres, granul\u00e9s, m\u00e9langes solide-liquide, proc\u00e9d\u00e9s \u00e0 l'air et au gaz.<br \/>\n5. Structure compacte<br \/>\nConvient pour la d\u00e9rivation, la commutation ou les applications avec un espace limit\u00e9 pour la modification de l'\u00e9quipement.<\/p>\n<h3><strong>Domaines d'application typiques :<\/strong><\/h3>\n<p>\u2022 Syst\u00e8mes de transport de ciment, de poudre et de mat\u00e9riaux granulaires<br \/>\n\u2022 Proc\u00e9d\u00e9s de transport de granul\u00e9s chimiques et plastiques<br \/>\n\u2022 Syst\u00e8mes de distribution de mat\u00e9riaux solides miniers et m\u00e9tallurgiques<br \/>\n\u2022 Canalisations de poudre alimentaire et pharmaceutique<br \/>\n\u2022 Syst\u00e8mes de d\u00e9rivation de gaz, de contr\u00f4le des gaz de combustion et de d\u00e9poussi\u00e9rage<\/p>","protected":false},"excerpt":{"rendered":"<p>Un tiroir est un type de vanne qui utilise une plaque de vanne coulissante se d\u00e9pla\u00e7ant le long de rails de guidage \u00e0 l'int\u00e9rieur du corps de vanne pour contr\u00f4ler l'ouverture, la fermeture ou la d\u00e9rivation du flux de fluide dans un pipeline. Il pr\u00e9sente une structure simple, une \u00e9tanch\u00e9it\u00e9 fiable et un fonctionnement flexible.<\/p>","protected":false},"featured_media":263,"comment_status":"open","ping_status":"closed","template":"","meta":[],"product_brand":[],"product_cat":[23],"product_tag":[],"class_list":{"0":"post-262","1":"product","2":"type-product","3":"status-publish","4":"has-post-thumbnail","6":"product_cat-control-valve","8":"first","9":"instock","10":"shipping-taxable","11":"product-type-simple"},"_links":{"self":[{"href":"https:\/\/fldvalve.com\/fr\/wp-json\/wp\/v2\/product\/262","targetHints":{"allow":["GET"]}}],"collection":[{"href":"https:\/\/fldvalve.com\/fr\/wp-json\/wp\/v2\/product"}],"about":[{"href":"https:\/\/fldvalve.com\/fr\/wp-json\/wp\/v2\/types\/product"}],"replies":[{"embeddable":true,"href":"https:\/\/fldvalve.com\/fr\/wp-json\/wp\/v2\/comments?post=262"}],"wp:featuredmedia":[{"embeddable":true,"href":"https:\/\/fldvalve.com\/fr\/wp-json\/wp\/v2\/media\/263"}],"wp:attachment":[{"href":"https:\/\/fldvalve.com\/fr\/wp-json\/wp\/v2\/media?parent=262"}],"wp:term":[{"taxonomy":"product_brand","embeddable":true,"href":"https:\/\/fldvalve.com\/fr\/wp-json\/wp\/v2\/product_brand?post=262"},{"taxonomy":"product_cat","embeddable":true,"href":"https:\/\/fldvalve.com\/fr\/wp-json\/wp\/v2\/product_cat?post=262"},{"taxonomy":"product_tag","embeddable":true,"href":"https:\/\/fldvalve.com\/fr\/wp-json\/wp\/v2\/product_tag?post=262"}],"curies":[{"name":"wp","href":"https:\/\/api.w.org\/{rel}","templated":true}]}}