{"id":264,"date":"2026-01-05T07:38:13","date_gmt":"2026-01-05T07:38:13","guid":{"rendered":"https:\/\/fldvalve.com\/?post_type=product&#038;p=264"},"modified":"2026-02-05T07:08:44","modified_gmt":"2026-02-05T07:08:44","slug":"pneumatic-o-type-shut-off-ball-valve","status":"publish","type":"product","link":"https:\/\/fldvalve.com\/fr\/product\/pneumatic-o-type-shut-off-ball-valve\/","title":{"rendered":"Vanne \u00e0 bille d'arr\u00eat pneumatique de type O"},"content":{"rendered":"<h2>Vanne \u00e0 bille d'arr\u00eat pneumatique de type O<\/h2>\n<p>Les vannes \u00e0 bille \u00e0 arr\u00eat pneumatique de type O sont des vannes automatis\u00e9es qui utilisent une bille \u00e0 al\u00e9sage complet comme noyau et sont entra\u00een\u00e9es par un actionneur pneumatique. Elles sont utilis\u00e9es pour le contr\u00f4le rapide de l'ouverture, de la fermeture et de l'arr\u00eat des conduites. Les vannes \u00e0 bille \u00e0 joint torique pr\u00e9sentent une structure compacte, d'excellentes performances d'\u00e9tanch\u00e9it\u00e9 et un fonctionnement rapide, ce qui les rend adapt\u00e9es aux gazoducs, liquides et certains gazoducs \u00e0 pression basse \u00e0 moyenne ou moyenne \u00e0 haute pression.<\/p>\n<h3><strong>Avantages principaux :<\/strong><\/h3>\n<p>1. Excellentes performances d\u2019\u00e9tanch\u00e9it\u00e9<br \/>\nLe mat\u00e9riau du joint torique est disponible en diff\u00e9rentes options (PTFE\/polyur\u00e9thane\/composite m\u00e9tallique), offrant une r\u00e9sistance \u00e0 haute pression et un faible taux de fuite.<br \/>\n2. Ouverture et fermeture rapides<br \/>\nL'actionneur pneumatique r\u00e9agit rapidement et fonctionne sans probl\u00e8me, permettant un fonctionnement fr\u00e9quent.<br \/>\n3. structure compacte et installation facile<br \/>\nLa conception \u00e0 al\u00e9sage complet entra\u00eene une faible r\u00e9sistance \u00e0 l'\u00e9coulement, un poids l\u00e9ger et un faible encombrement.<br \/>\n4. Large gamme d'applications<br \/>\nConvient \u00e0 l'eau, au p\u00e9trole, au gaz et \u00e0 certains milieux corrosifs.<br \/>\n5. Compatibilit\u00e9 d\u2019automatisation forte<br \/>\nPeut \u00eatre connect\u00e9 aux syst\u00e8mes PLC\/DCS pour le contr\u00f4le \u00e0 distance ou centralis\u00e9.<\/p>\n<h3><strong>Domaines d'application typiques :<\/strong><\/h3>\n<p>\u2022 Syst\u00e8mes de transport de p\u00e9trole, de gaz naturel et de pipelines<br \/>\n\u2022 Usines chimiques et de chimie fine<br \/>\n\u2022 Syst\u00e8mes municipaux d'approvisionnement en eau et de traitement des eaux us\u00e9es<br \/>\n\u2022 Canalisations de processus pharmaceutiques, alimentaires et de boissons<br \/>\n\u2022 R\u00e9seaux de distribution d'\u00e9nergie, de CVC et de gaz<\/p>","protected":false},"excerpt":{"rendered":"<p>Les vannes \u00e0 bille d'arr\u00eat pneumatiques de type O sont utilis\u00e9es pour le contr\u00f4le rapide de l'ouverture, de la fermeture et de l'arr\u00eat des supports de pipeline. Ils pr\u00e9sentent une structure compacte, d'excellentes performances d'\u00e9tanch\u00e9it\u00e9 et un fonctionnement rapide, ce qui les rend adapt\u00e9s aux gaz, liquides et certains pipelines de m\u00e9dias corrosifs \u00e0 moyenne ou moyenne haute pression.<\/p>","protected":false},"featured_media":265,"comment_status":"open","ping_status":"closed","template":"","meta":[],"product_brand":[],"product_cat":[24],"product_tag":[],"class_list":{"0":"post-264","1":"product","2":"type-product","3":"status-publish","4":"has-post-thumbnail","6":"product_cat-shut-off-valve","8":"first","9":"instock","10":"shipping-taxable","11":"product-type-simple"},"_links":{"self":[{"href":"https:\/\/fldvalve.com\/fr\/wp-json\/wp\/v2\/product\/264","targetHints":{"allow":["GET"]}}],"collection":[{"href":"https:\/\/fldvalve.com\/fr\/wp-json\/wp\/v2\/product"}],"about":[{"href":"https:\/\/fldvalve.com\/fr\/wp-json\/wp\/v2\/types\/product"}],"replies":[{"embeddable":true,"href":"https:\/\/fldvalve.com\/fr\/wp-json\/wp\/v2\/comments?post=264"}],"wp:featuredmedia":[{"embeddable":true,"href":"https:\/\/fldvalve.com\/fr\/wp-json\/wp\/v2\/media\/265"}],"wp:attachment":[{"href":"https:\/\/fldvalve.com\/fr\/wp-json\/wp\/v2\/media?parent=264"}],"wp:term":[{"taxonomy":"product_brand","embeddable":true,"href":"https:\/\/fldvalve.com\/fr\/wp-json\/wp\/v2\/product_brand?post=264"},{"taxonomy":"product_cat","embeddable":true,"href":"https:\/\/fldvalve.com\/fr\/wp-json\/wp\/v2\/product_cat?post=264"},{"taxonomy":"product_tag","embeddable":true,"href":"https:\/\/fldvalve.com\/fr\/wp-json\/wp\/v2\/product_tag?post=264"}],"curies":[{"name":"wp","href":"https:\/\/api.w.org\/{rel}","templated":true}]}}