{"id":266,"date":"2026-01-05T07:40:18","date_gmt":"2026-01-05T07:40:18","guid":{"rendered":"https:\/\/fldvalve.com\/?post_type=product&#038;p=266"},"modified":"2026-02-05T07:03:24","modified_gmt":"2026-02-05T07:03:24","slug":"zshof-16c-pneumatic-o-type-shut-off-valve","status":"publish","type":"product","link":"https:\/\/fldvalve.com\/fr\/product\/zshof-16c-pneumatic-o-type-shut-off-valve\/","title":{"rendered":"Vanne d'arr\u00eat pneumatique de type O ZSHOF-16C"},"content":{"rendered":"<h2>Vanne d'arr\u00eat pneumatique de type O ZSHOF-16C<\/h2>\n<p>La vanne d'arr\u00eat pneumatique de type O ZSHOF-16 C est une vanne qui utilise un joint \u00e0 bille ou \u00e0 noyau de vanne en forme de O pour r\u00e9aliser l'arr\u00eat rapide des canalisations \u00c9quip\u00e9e d'un actionneur pneumatique, elle peut \u00eatre t\u00e9l\u00e9command\u00e9e via de l'air comprim\u00e9 Cette vanne pr\u00e9sente une \u00e9tanch\u00e9it\u00e9 fiable, une structure compacte, et une ouverture et une fermeture rapides, ce qui la rend adapt\u00e9e aux syst\u00e8mes de canalisations industrielles manipulant des liquides, des gaz et certains milieux corrosifs C'est une vanne d'arr\u00eat couramment utilis\u00e9e dans le contr\u00f4le de l'automatisation.<\/p>\n<h3><strong>Avantages cl\u00e9s :<\/strong><\/h3>\n<p>1. \u00e9tanch\u00e9it\u00e9 fiable, faible taux de fuite<br \/>\nConception de joint souple de joint torique, adapt\u00e9 aux pipelines moyenne et haute pression, assurant un fonctionnement s\u00fbr et stable.<br \/>\n2. ouverture et fermeture rapides<br \/>\nL'actionneur pneumatique r\u00e9agit rapidement et peut \u00eatre actionn\u00e9 fr\u00e9quemment, adapt\u00e9 au contr\u00f4le de l'automatisation.<br \/>\n3. structure compacte, installation facile<br \/>\nPetit encombrement, disponible avec bride, plaquette, ou raccords filet\u00e9s.<br \/>\n4. Large gamme de supports applicables<br \/>\nConvient \u00e0 l'eau, \u00e0 l'huile, \u00e0 l'air et aux milieux l\u00e9g\u00e8rement corrosifs.<br \/>\n5. Compatibilit\u00e9 de l'automatisation<br \/>\nPeut \u00eatre \u00e9quip\u00e9 de positionneurs et de fin de course pour la surveillance \u00e0 distance et l'int\u00e9gration du syst\u00e8me.<\/p>\n<h3><strong>Domaines d'application typiques :<\/strong><\/h3>\n<p>\u2022 P\u00e9trole, gaz naturel et pipelines de transport \u00e0 haute pression<br \/>\n\u2022 Usines chimiques, pharmaceutiques et de chimie fine<br \/>\n\u2022 Syst\u00e8mes municipaux d'approvisionnement en eau, de drainage et de traitement des eaux us\u00e9es<br \/>\n\u2022 Syst\u00e8mes \u00e9nerg\u00e9tiques et CVC<br \/>\n\u2022 Lignes de production automatis\u00e9es et pipelines de t\u00e9l\u00e9commande<\/p>","protected":false},"excerpt":{"rendered":"<p>La vanne d'arr\u00eat pneumatique de type O ZSHOF-16 C pr\u00e9sente une \u00e9tanch\u00e9it\u00e9 fiable, une structure compacte, et une ouverture et une fermeture rapides, ce qui la rend adapt\u00e9e aux syst\u00e8mes de tuyauterie industriels manipulant des liquides, des gaz et certains milieux corrosifs Il s'agit d'une vanne d'arr\u00eat couramment utilis\u00e9e dans les syst\u00e8mes de contr\u00f4le automatis\u00e9s.<\/p>","protected":false},"featured_media":267,"comment_status":"open","ping_status":"closed","template":"","meta":[],"product_brand":[],"product_cat":[24],"product_tag":[],"class_list":{"0":"post-266","1":"product","2":"type-product","3":"status-publish","4":"has-post-thumbnail","6":"product_cat-shut-off-valve","8":"first","9":"instock","10":"shipping-taxable","11":"product-type-simple"},"_links":{"self":[{"href":"https:\/\/fldvalve.com\/fr\/wp-json\/wp\/v2\/product\/266","targetHints":{"allow":["GET"]}}],"collection":[{"href":"https:\/\/fldvalve.com\/fr\/wp-json\/wp\/v2\/product"}],"about":[{"href":"https:\/\/fldvalve.com\/fr\/wp-json\/wp\/v2\/types\/product"}],"replies":[{"embeddable":true,"href":"https:\/\/fldvalve.com\/fr\/wp-json\/wp\/v2\/comments?post=266"}],"wp:featuredmedia":[{"embeddable":true,"href":"https:\/\/fldvalve.com\/fr\/wp-json\/wp\/v2\/media\/267"}],"wp:attachment":[{"href":"https:\/\/fldvalve.com\/fr\/wp-json\/wp\/v2\/media?parent=266"}],"wp:term":[{"taxonomy":"product_brand","embeddable":true,"href":"https:\/\/fldvalve.com\/fr\/wp-json\/wp\/v2\/product_brand?post=266"},{"taxonomy":"product_cat","embeddable":true,"href":"https:\/\/fldvalve.com\/fr\/wp-json\/wp\/v2\/product_cat?post=266"},{"taxonomy":"product_tag","embeddable":true,"href":"https:\/\/fldvalve.com\/fr\/wp-json\/wp\/v2\/product_tag?post=266"}],"curies":[{"name":"wp","href":"https:\/\/api.w.org\/{rel}","templated":true}]}}