{"id":268,"date":"2026-01-05T07:42:20","date_gmt":"2026-01-05T07:42:20","guid":{"rendered":"https:\/\/fldvalve.com\/?post_type=product&#038;p=268"},"modified":"2026-02-05T06:59:09","modified_gmt":"2026-02-05T06:59:09","slug":"pneumatic-switch-shut-off-ball-valve","status":"publish","type":"product","link":"https:\/\/fldvalve.com\/fr\/product\/pneumatic-switch-shut-off-ball-valve\/","title":{"rendered":"Interrupteur pneumatique\/vanne \u00e0 bille d'arr\u00eat"},"content":{"rendered":"<h2>Interrupteur pneumatique\/vanne \u00e0 bille d'arr\u00eat<\/h2>\n<p>Un robinet \u00e0 tournant sph\u00e9rique \u00e0 arr\u00eat automatis\u00e9 dot\u00e9 d'un noyau \u00e0 billes \u00e0 al\u00e9sage complet et \u00e9quip\u00e9 d'un actionneur pneumatique, principalement utilis\u00e9 pour l'ouverture, la fermeture et l'arr\u00eat rapides des supports de pipeline Ce robinet \u00e0 tournant sph\u00e9rique \u00e0 arr\u00eat poss\u00e8de une structure compacte, un fonctionnement simple et une ouverture et une fermeture rapides, ce qui le rend largement applicable dans l'eau, le p\u00e9trole, le gaz et certains syst\u00e8mes de pipelines multim\u00e9dias corrosifs pour le contr\u00f4le automatis\u00e9 \u00e0 distance.<\/p>\n<h3><strong>Avantages cl\u00e9s :<\/strong><\/h3>\n<p>1. ouverture et fermeture rapides, fonctionnement flexible<br \/>\nL'actionneur pneumatique r\u00e9pond rapidement, adapt\u00e9 \u00e0 un fonctionnement fr\u00e9quent et \u00e0 une t\u00e9l\u00e9commande.<br \/>\n2. Excellente performance d'\u00e9tanch\u00e9it\u00e9<br \/>\nUtilise des joints toriques ou en V pour garantir une r\u00e9sistance nulle aux fuites et \u00e0 la pression.<br \/>\n3. structure compacte, entretien pratique<br \/>\nLa conception \u00e0 al\u00e9sage complet entra\u00eene une faible r\u00e9sistance \u00e0 l'\u00e9coulement, un poids l\u00e9ger, un faible encombrement ainsi qu'un d\u00e9montage et un entretien faciles.<br \/>\n4. compatibilit\u00e9 forte<br \/>\nPeut \u00eatre int\u00e9gr\u00e9 avec les syst\u00e8mes PLC\/DCS pour le contr\u00f4le automatis\u00e9 centralis\u00e9.<br \/>\n5. Large gamme de supports applicables<br \/>\nConvient \u00e0 l'eau, au p\u00e9trole, \u00e0 l'air et aux gaz ou liquides faiblement corrosifs.<\/p>\n<h3><strong>Domaines d'application typiques :<\/strong><\/h3>\n<p>\u2022 Syst\u00e8mes de transport de p\u00e9trole, de gaz naturel et de pipelines<br \/>\n\u2022 Usines chimiques, pharmaceutiques et de chimie fine<br \/>\n\u2022 Syst\u00e8mes municipaux d'approvisionnement en eau, de drainage et de traitement des eaux us\u00e9es<br \/>\n\u2022 Syst\u00e8mes CVC et canalisations de chauffage et de ventilation<br \/>\n\u2022 Lignes de production automatis\u00e9es et r\u00e9seaux de pipelines de t\u00e9l\u00e9commande<\/p>","protected":false},"excerpt":{"rendered":"<p>Il est principalement utilis\u00e9 pour l'ouverture, la fermeture et l'arr\u00eat rapides des supports de pipeline Cette vanne pr\u00e9sente une structure compacte, un fonctionnement simple et une ouverture et une fermeture rapides, et est largement utilis\u00e9e dans les syst\u00e8mes de pipelines pour l'eau, le p\u00e9trole, le gaz et certains supports corrosifs, permettant un contr\u00f4le automatis\u00e9 \u00e0 distance.<\/p>","protected":false},"featured_media":269,"comment_status":"open","ping_status":"closed","template":"","meta":[],"product_brand":[],"product_cat":[24],"product_tag":[],"class_list":{"0":"post-268","1":"product","2":"type-product","3":"status-publish","4":"has-post-thumbnail","6":"product_cat-shut-off-valve","8":"first","9":"instock","10":"shipping-taxable","11":"product-type-simple"},"_links":{"self":[{"href":"https:\/\/fldvalve.com\/fr\/wp-json\/wp\/v2\/product\/268","targetHints":{"allow":["GET"]}}],"collection":[{"href":"https:\/\/fldvalve.com\/fr\/wp-json\/wp\/v2\/product"}],"about":[{"href":"https:\/\/fldvalve.com\/fr\/wp-json\/wp\/v2\/types\/product"}],"replies":[{"embeddable":true,"href":"https:\/\/fldvalve.com\/fr\/wp-json\/wp\/v2\/comments?post=268"}],"wp:featuredmedia":[{"embeddable":true,"href":"https:\/\/fldvalve.com\/fr\/wp-json\/wp\/v2\/media\/269"}],"wp:attachment":[{"href":"https:\/\/fldvalve.com\/fr\/wp-json\/wp\/v2\/media?parent=268"}],"wp:term":[{"taxonomy":"product_brand","embeddable":true,"href":"https:\/\/fldvalve.com\/fr\/wp-json\/wp\/v2\/product_brand?post=268"},{"taxonomy":"product_cat","embeddable":true,"href":"https:\/\/fldvalve.com\/fr\/wp-json\/wp\/v2\/product_cat?post=268"},{"taxonomy":"product_tag","embeddable":true,"href":"https:\/\/fldvalve.com\/fr\/wp-json\/wp\/v2\/product_tag?post=268"}],"curies":[{"name":"wp","href":"https:\/\/api.w.org\/{rel}","templated":true}]}}