{"id":270,"date":"2026-01-05T08:02:34","date_gmt":"2026-01-05T08:02:34","guid":{"rendered":"https:\/\/fldvalve.com\/?post_type=product&#038;p=270"},"modified":"2026-02-05T06:49:19","modified_gmt":"2026-02-05T06:49:19","slug":"pneumatic-v-port-regulating-ball-valve","status":"publish","type":"product","link":"https:\/\/fldvalve.com\/fr\/product\/pneumatic-v-port-regulating-ball-valve\/","title":{"rendered":"Vanne \u00e0 bille de r\u00e9gulation pneumatique \u00e0 port en V"},"content":{"rendered":"<h2>Vanne \u00e0 bille de r\u00e9gulation pneumatique \u00e0 port en V<\/h2>\n<p>The pneumatic V port regulating ball valve is an automated valve that achieves precise flow control through the combination of a V-shaped ball core and valve seat. Equipped with a pneumatic actuator, it can quickly respond to control signals for remote adjustment. Compared to ordinary ball valves, V-port ball valves offer better control characteristics and higher flow accuracy, making them suitable for continuous control applications involving high temperature, high pressure, and erosive media.<\/p>\n<h3><strong>Avantages cl\u00e9s :<\/strong><\/h3>\n<p>1. Pr\u00e9cision de contr\u00f4le \u00e9lev\u00e9e<br \/>\nLa conception \u00e0 port en V fournit des caract\u00e9ristiques de d\u00e9bit lin\u00e9aires ou \u00e9gales, adapt\u00e9es \u00e0 un contr\u00f4le pr\u00e9cis du processus.<br \/>\n2. Fast Opening, Closing, and Response<br \/>\nThe pneumatic actuator provides rapid response, supporting frequent operation.<br \/>\n3. R\u00e9sistance \u00e0 l'\u00e9rosion et \u00e0 l'usure<br \/>\nThe valve core and seat are made of highly wear-resistant materials, suitable for high differential pressure and erosive media.<br \/>\n4. Performances d'\u00e9tanch\u00e9it\u00e9 fiables<br \/>\nOptional O-ring soft seal or metal hard seal, with low leakage rate.<br \/>\n5. Wide Range of Applications<br \/>\nSuitable for controlling liquids, gases, steam, and corrosive media.<\/p>\n<h3><strong>Domaines d'application typiques :<\/strong><\/h3>\n<p>\u2022 Flux de proc\u00e9d\u00e9s chimiques et chimiques fins<br \/>\n\u2022 Oil, natural gas, and high-pressure pipelines<br \/>\n\u2022 Syst\u00e8mes \u00e9lectriques et \u00e9nerg\u00e9tiques<br \/>\n\u2022 High-temperature steam and liquid control systems<br \/>\n\u2022 Syst\u00e8mes de protection de l'environnement, de traitement de l'eau et de contr\u00f4le des eaux us\u00e9es<\/p>","protected":false},"excerpt":{"rendered":"<p>Compared to standard ball valves, pneumatic V port regulating ball valves offer better control characteristics and higher flow accuracy, making them suitable for continuous control applications involving high temperature, high pressure, and erosive media.<\/p>","protected":false},"featured_media":271,"comment_status":"open","ping_status":"closed","template":"","meta":[],"product_brand":[],"product_cat":[25],"product_tag":[],"class_list":{"0":"post-270","1":"product","2":"type-product","3":"status-publish","4":"has-post-thumbnail","6":"product_cat-ball-valve","8":"first","9":"instock","10":"shipping-taxable","11":"product-type-simple"},"_links":{"self":[{"href":"https:\/\/fldvalve.com\/fr\/wp-json\/wp\/v2\/product\/270","targetHints":{"allow":["GET"]}}],"collection":[{"href":"https:\/\/fldvalve.com\/fr\/wp-json\/wp\/v2\/product"}],"about":[{"href":"https:\/\/fldvalve.com\/fr\/wp-json\/wp\/v2\/types\/product"}],"replies":[{"embeddable":true,"href":"https:\/\/fldvalve.com\/fr\/wp-json\/wp\/v2\/comments?post=270"}],"wp:featuredmedia":[{"embeddable":true,"href":"https:\/\/fldvalve.com\/fr\/wp-json\/wp\/v2\/media\/271"}],"wp:attachment":[{"href":"https:\/\/fldvalve.com\/fr\/wp-json\/wp\/v2\/media?parent=270"}],"wp:term":[{"taxonomy":"product_brand","embeddable":true,"href":"https:\/\/fldvalve.com\/fr\/wp-json\/wp\/v2\/product_brand?post=270"},{"taxonomy":"product_cat","embeddable":true,"href":"https:\/\/fldvalve.com\/fr\/wp-json\/wp\/v2\/product_cat?post=270"},{"taxonomy":"product_tag","embeddable":true,"href":"https:\/\/fldvalve.com\/fr\/wp-json\/wp\/v2\/product_tag?post=270"}],"curies":[{"name":"wp","href":"https:\/\/api.w.org\/{rel}","templated":true}]}}