{"id":272,"date":"2026-01-05T08:04:27","date_gmt":"2026-01-05T08:04:27","guid":{"rendered":"https:\/\/fldvalve.com\/?post_type=product&#038;p=272"},"modified":"2026-02-05T06:24:51","modified_gmt":"2026-02-05T06:24:51","slug":"pneumatic-switch-operated-ball-valve","status":"publish","type":"product","link":"https:\/\/fldvalve.com\/fr\/product\/pneumatic-switch-operated-ball-valve\/","title":{"rendered":"Robinet \u00e0 tournant sph\u00e9rique actionn\u00e9 par interrupteur pneumatique"},"content":{"rendered":"<h2>Robinet \u00e0 tournant sph\u00e9rique actionn\u00e9 par interrupteur pneumatique<\/h2>\n<p>Les vannes \u00e0 bille actionn\u00e9es par interrupteur pneumatique sont des vannes automatis\u00e9es dot\u00e9es d'un noyau \u00e0 bille plein al\u00e9sage et d'un actionneur pneumatique, utilis\u00e9es pour l'ouverture, la fermeture et l'arr\u00eat rapides des supports dans les pipelines Ces vannes ont une structure compacte, des vitesses d'ouverture et de fermeture rapides et un fonctionnement simple, ce qui les rend adapt\u00e9es \u00e0 l'eau, au p\u00e9trole, au gaz et \u00e0 certains syst\u00e8mes de pipelines de m\u00e9dias corrosifs \u00e0 basse, moyenne ou moyenne \u00e0 haute pression. Ils peuvent \u00e9galement \u00eatre utilis\u00e9s pour le contr\u00f4le automatis\u00e9 \u00e0 distance.<\/p>\n<h3><strong>Avantages cl\u00e9s :<\/strong><\/h3>\n<p>1. Ouverture et fermeture rapides<br \/>\nL'actionneur pneumatique r\u00e9agit rapidement, favorisant un fonctionnement fr\u00e9quent.<br \/>\n2. Performances d\u2019\u00e9tanch\u00e9it\u00e9 fiables<br \/>\nLes joints souples \u00e0 joint torique ou les joints durs m\u00e9talliques garantissent une fuite nulle et une excellente r\u00e9sistance \u00e0 la pression.<br \/>\n3. structure compacte et installation facile<br \/>\nLa conception \u00e0 al\u00e9sage complet entra\u00eene une faible r\u00e9sistance \u00e0 l'\u00e9coulement, un faible encombrement ainsi qu'une disposition et une maintenance faciles du syst\u00e8me.<br \/>\n4. Compatibilit\u00e9 d'automatisation forte<br \/>\nPeut \u00eatre int\u00e9gr\u00e9 avec les syst\u00e8mes PLC\/DCS pour le contr\u00f4le centralis\u00e9 \u00e0 distance.<br \/>\n5. Large gamme de supports applicables<br \/>\nConvient \u00e0 l'eau, \u00e0 l'huile, \u00e0 l'air et \u00e0 certains milieux corrosifs.<\/p>\n<h3><strong>Domaines d'application typiques :<\/strong><\/h3>\n<p>\u2022 Syst\u00e8mes de transport de p\u00e9trole, de gaz naturel et de pipelines<br \/>\n\u2022 Canalisations de proc\u00e9d\u00e9s chimiques, pharmaceutiques et chimiques fins<br \/>\n\u2022 Syst\u00e8mes municipaux d'approvisionnement en eau, de drainage et de traitement des eaux us\u00e9es<br \/>\n\u2022 Syst\u00e8mes CVC et canalisations de chauffage et de ventilation<br \/>\n\u2022 Lignes de production automatis\u00e9es et r\u00e9seaux de pipelines de t\u00e9l\u00e9commande<\/p>","protected":false},"excerpt":{"rendered":"<p>Les robinets \u00e0 tournant sph\u00e9rique actionn\u00e9s par interrupteur pneumatique pr\u00e9sentent une structure compacte, une ouverture et une fermeture rapides et un fonctionnement facile. Ils conviennent \u00e0 l'eau, au p\u00e9trole, au gaz et \u00e0 certains syst\u00e8mes de pipelines de m\u00e9dias corrosifs \u00e0 moyenne ou basse pression, et peuvent \u00eatre utilis\u00e9s pour le contr\u00f4le automatis\u00e9 \u00e0 distance.<\/p>","protected":false},"featured_media":273,"comment_status":"open","ping_status":"closed","template":"","meta":[],"product_brand":[],"product_cat":[25],"product_tag":[],"class_list":{"0":"post-272","1":"product","2":"type-product","3":"status-publish","4":"has-post-thumbnail","6":"product_cat-ball-valve","8":"first","9":"instock","10":"shipping-taxable","11":"product-type-simple"},"_links":{"self":[{"href":"https:\/\/fldvalve.com\/fr\/wp-json\/wp\/v2\/product\/272","targetHints":{"allow":["GET"]}}],"collection":[{"href":"https:\/\/fldvalve.com\/fr\/wp-json\/wp\/v2\/product"}],"about":[{"href":"https:\/\/fldvalve.com\/fr\/wp-json\/wp\/v2\/types\/product"}],"replies":[{"embeddable":true,"href":"https:\/\/fldvalve.com\/fr\/wp-json\/wp\/v2\/comments?post=272"}],"wp:featuredmedia":[{"embeddable":true,"href":"https:\/\/fldvalve.com\/fr\/wp-json\/wp\/v2\/media\/273"}],"wp:attachment":[{"href":"https:\/\/fldvalve.com\/fr\/wp-json\/wp\/v2\/media?parent=272"}],"wp:term":[{"taxonomy":"product_brand","embeddable":true,"href":"https:\/\/fldvalve.com\/fr\/wp-json\/wp\/v2\/product_brand?post=272"},{"taxonomy":"product_cat","embeddable":true,"href":"https:\/\/fldvalve.com\/fr\/wp-json\/wp\/v2\/product_cat?post=272"},{"taxonomy":"product_tag","embeddable":true,"href":"https:\/\/fldvalve.com\/fr\/wp-json\/wp\/v2\/product_tag?post=272"}],"curies":[{"name":"wp","href":"https:\/\/api.w.org\/{rel}","templated":true}]}}