{"id":274,"date":"2026-01-05T08:06:21","date_gmt":"2026-01-05T08:06:21","guid":{"rendered":"https:\/\/fldvalve.com\/?post_type=product&#038;p=274"},"modified":"2026-02-05T06:19:09","modified_gmt":"2026-02-05T06:19:09","slug":"pneumatic-v-port-ball-valve","status":"publish","type":"product","link":"https:\/\/fldvalve.com\/fr\/product\/pneumatic-v-port-ball-valve\/","title":{"rendered":"Vanne \u00e0 bille pneumatique \u00e0 port en V"},"content":{"rendered":"<h2>Vanne \u00e0 bille pneumatique \u00e0 port en V<\/h2>\n<p>Les vannes \u00e0 bille pneumatiques \u00e0 orifice en V sont des vannes automatis\u00e9es dot\u00e9es d'un noyau \u00e0 bille en forme de V et \u00e9quip\u00e9es d'un actionneur pneumatique, utilis\u00e9 pour la r\u00e9gulation pr\u00e9cise et le contr\u00f4le d'arr\u00eat des supports dans les canalisations Le robinet \u00e0 bille \u00e0 orifice en V offre des caract\u00e9ristiques de d\u00e9bit en pourcentage presque \u00e9gales pendant la r\u00e9gulation du d\u00e9bit, offrant un contr\u00f4le fluide et pr\u00e9cis, adapt\u00e9 \u00e0 la pression diff\u00e9rentielle \u00e9lev\u00e9e, au d\u00e9bit \u00e9lev\u00e9 et aux supports \u00e9rosifs Il peut \u00e9galement \u00eatre utilis\u00e9 pour l'arr\u00eat complet ouvert\/plein ferm\u00e9.<\/p>\n<h3><strong>Avantages principaux :<\/strong><\/h3>\n<p>1. Pr\u00e9cision de la haute r\u00e9glementation<br \/>\nLa conception \u00e0 port en V fournit des caract\u00e9ristiques de d\u00e9bit lin\u00e9aires ou \u00e9gales, adapt\u00e9es \u00e0 un contr\u00f4le pr\u00e9cis du processus.<br \/>\n2. Ouverture et fermeture rapides<br \/>\nL'actionneur pneumatique r\u00e9pond rapidement, permettant un fonctionnement fr\u00e9quent.<br \/>\n3. R\u00e9sistance \u00e0 l'\u00e9rosion et \u00e0 l'usure<br \/>\nLe noyau et le si\u00e8ge de la valve sont fabriqu\u00e9s dans des mat\u00e9riaux r\u00e9sistants \u00e0 l'usure, adapt\u00e9s \u00e0 la haute pression diff\u00e9rentielle et aux milieux \u00e9rosifs.<br \/>\n4. Performances d'\u00e9tanch\u00e9it\u00e9 fiables<br \/>\nL'\u00e9tanch\u00e9it\u00e9 souple du joint torique ou l'\u00e9tanch\u00e9it\u00e9 dure du m\u00e9tal garantissent une fuite nulle.<br \/>\n5. Large gamme de supports applicables<br \/>\nConvient aux liquides, gaz, vapeur et milieux corrosifs.<\/p>\n<h3><strong>Domaines d'application typiques :<\/strong><\/h3>\n<p>\u2022 Flux de proc\u00e9d\u00e9s chimiques et chimiques fins<br \/>\n\u2022 P\u00e9trole, gaz naturel et pipelines de transport \u00e0 haute pression<br \/>\n\u2022 Syst\u00e8mes \u00e9lectriques et \u00e9nerg\u00e9tiques<br \/>\n\u2022 Syst\u00e8mes de r\u00e9gulation de vapeur et de liquide \u00e0 haute temp\u00e9rature<br \/>\n\u2022 Syst\u00e8mes de protection de l'environnement, de traitement de l'eau et de contr\u00f4le des eaux us\u00e9es<\/p>","protected":false},"excerpt":{"rendered":"<p>Une vanne pneumatique \u00e0 bille \u00e0 orifice en V est une vanne automatis\u00e9e qui utilise un noyau \u00e0 bille en forme de V et est \u00e9quip\u00e9e d'un actionneur pneumatique pour une r\u00e9gulation pr\u00e9cise et un contr\u00f4le d'arr\u00eat des supports dans les pipelines Elle convient aux applications impliquant une pression diff\u00e9rentielle \u00e9lev\u00e9e, des d\u00e9bits \u00e9lev\u00e9s et des supports \u00e9rosifs.<\/p>","protected":false},"featured_media":275,"comment_status":"open","ping_status":"closed","template":"","meta":[],"product_brand":[],"product_cat":[25],"product_tag":[],"class_list":{"0":"post-274","1":"product","2":"type-product","3":"status-publish","4":"has-post-thumbnail","6":"product_cat-ball-valve","8":"first","9":"instock","10":"shipping-taxable","11":"product-type-simple"},"_links":{"self":[{"href":"https:\/\/fldvalve.com\/fr\/wp-json\/wp\/v2\/product\/274","targetHints":{"allow":["GET"]}}],"collection":[{"href":"https:\/\/fldvalve.com\/fr\/wp-json\/wp\/v2\/product"}],"about":[{"href":"https:\/\/fldvalve.com\/fr\/wp-json\/wp\/v2\/types\/product"}],"replies":[{"embeddable":true,"href":"https:\/\/fldvalve.com\/fr\/wp-json\/wp\/v2\/comments?post=274"}],"wp:featuredmedia":[{"embeddable":true,"href":"https:\/\/fldvalve.com\/fr\/wp-json\/wp\/v2\/media\/275"}],"wp:attachment":[{"href":"https:\/\/fldvalve.com\/fr\/wp-json\/wp\/v2\/media?parent=274"}],"wp:term":[{"taxonomy":"product_brand","embeddable":true,"href":"https:\/\/fldvalve.com\/fr\/wp-json\/wp\/v2\/product_brand?post=274"},{"taxonomy":"product_cat","embeddable":true,"href":"https:\/\/fldvalve.com\/fr\/wp-json\/wp\/v2\/product_cat?post=274"},{"taxonomy":"product_tag","embeddable":true,"href":"https:\/\/fldvalve.com\/fr\/wp-json\/wp\/v2\/product_tag?post=274"}],"curies":[{"name":"wp","href":"https:\/\/api.w.org\/{rel}","templated":true}]}}