{"id":453,"date":"2026-01-06T02:58:24","date_gmt":"2026-01-06T02:58:24","guid":{"rendered":"https:\/\/fldvalve.com\/?post_type=product&#038;p=453"},"modified":"2026-02-05T06:08:08","modified_gmt":"2026-02-05T06:08:08","slug":"pneumatic-diaphragm-high-temperature-control-valve","status":"publish","type":"product","link":"https:\/\/fldvalve.com\/fr\/product\/pneumatic-diaphragm-high-temperature-control-valve\/","title":{"rendered":"Vanne de commande \u00e0 haute temp\u00e9rature \u00e0 membrane pneumatique"},"content":{"rendered":"<h2>Vanne de commande \u00e0 haute temp\u00e9rature \u00e0 membrane pneumatique<\/h2>\n<p>Les vannes de r\u00e9gulation \u00e0 haute temp\u00e9rature \u00e0 membrane pneumatique utilisent un actionneur \u00e0 membrane pneumatique comme source d'alimentation et sont sp\u00e9cialement con\u00e7ues pour une r\u00e9gulation continue et pr\u00e9cise du d\u00e9bit, de la pression, de la temp\u00e9rature ou du niveau de liquide moyen dans des conditions de temp\u00e9rature \u00e9lev\u00e9e. Ces vannes ont une structure mature, un fonctionnement stable et pr\u00e9sentent une excellente r\u00e9sistance \u00e0 haute temp\u00e9rature, une r\u00e9ponse sensible et une pr\u00e9cision de contr\u00f4le \u00e9lev\u00e9e. Ils sont largement utilis\u00e9s dans les syst\u00e8mes de vapeur \u00e0 haute temp\u00e9rature, d\u2019huile caloporteuse et de gaz \u00e0 haute temp\u00e9rature.<\/p>\n<h3><strong>Avantages cl\u00e9s :<\/strong><\/h3>\n<p>1. Excellentes performances \u00e0 haute temp\u00e9rature<br \/>\nConvient aux milieux \u00e0 moyenne \u00e0 haute temp\u00e9rature, assurant un fonctionnement stable \u00e0 long terme.<br \/>\n2. Pr\u00e9cision de contr\u00f4le \u00e9lev\u00e9e<br \/>\nContr\u00f4le de course sensible, adapt\u00e9 aux applications de contr\u00f4le proportionnel continu.<br \/>\n3. structure simple et haute fiabilit\u00e9<br \/>\nL'actionneur \u00e0 diaphragme a un faible taux de d\u00e9faillance et est facile \u00e0 entretenir.<br \/>\n4. Bonne s\u00e9curit\u00e9<br \/>\nIntrins\u00e8quement antid\u00e9flagrant, adapt\u00e9 aux environnements inflammables, explosifs et \u00e0 haute temp\u00e9rature.<br \/>\n5. Plusieurs modes de d\u00e9faillance de s\u00e9curit\u00e9<br \/>\nOptions s\u00e9lectionnables air-ouverture, air-fermeture ou air-entretien pour r\u00e9pondre aux exigences de s\u00e9curit\u00e9 du processus.<\/p>\n<h3><strong>Domaines d'application typiques :<\/strong><\/h3>\n<p>\u2022 Syst\u00e8mes \u00e0 vapeur \u00e0 haute temp\u00e9rature<br \/>\n\u2022 Syst\u00e8mes de circulation d'huile caloporteuse<br \/>\n\u2022 Dispositifs de r\u00e9action \u00e0 haute temp\u00e9rature dans les industries chimiques et chimiques du charbon<br \/>\n\u2022 Syst\u00e8mes \u00e9lectriques, \u00e9nerg\u00e9tiques et thermiques<br \/>\n\u2022 Syst\u00e8mes de protection de l'environnement et de chauffage industriel<\/p>","protected":false},"excerpt":{"rendered":"<p>Les vannes de r\u00e9gulation \u00e0 haute temp\u00e9rature \u00e0 membrane pneumatique ont une structure mature et un fonctionnement stable, pr\u00e9sentant une r\u00e9sistance \u00e0 haute temp\u00e9rature, une r\u00e9ponse sensible et une pr\u00e9cision de contr\u00f4le \u00e9lev\u00e9e. Ils sont largement utilis\u00e9s dans les syst\u00e8mes \u00e0 vapeur \u00e0 haute temp\u00e9rature, \u00e0 huile caloporteuse et \u00e0 gaz \u00e0 haute temp\u00e9rature.<\/p>","protected":false},"featured_media":454,"comment_status":"open","ping_status":"closed","template":"","meta":[],"product_brand":[],"product_cat":[23],"product_tag":[],"class_list":{"0":"post-453","1":"product","2":"type-product","3":"status-publish","4":"has-post-thumbnail","6":"product_cat-control-valve","8":"first","9":"instock","10":"shipping-taxable","11":"product-type-simple"},"_links":{"self":[{"href":"https:\/\/fldvalve.com\/fr\/wp-json\/wp\/v2\/product\/453","targetHints":{"allow":["GET"]}}],"collection":[{"href":"https:\/\/fldvalve.com\/fr\/wp-json\/wp\/v2\/product"}],"about":[{"href":"https:\/\/fldvalve.com\/fr\/wp-json\/wp\/v2\/types\/product"}],"replies":[{"embeddable":true,"href":"https:\/\/fldvalve.com\/fr\/wp-json\/wp\/v2\/comments?post=453"}],"wp:featuredmedia":[{"embeddable":true,"href":"https:\/\/fldvalve.com\/fr\/wp-json\/wp\/v2\/media\/454"}],"wp:attachment":[{"href":"https:\/\/fldvalve.com\/fr\/wp-json\/wp\/v2\/media?parent=453"}],"wp:term":[{"taxonomy":"product_brand","embeddable":true,"href":"https:\/\/fldvalve.com\/fr\/wp-json\/wp\/v2\/product_brand?post=453"},{"taxonomy":"product_cat","embeddable":true,"href":"https:\/\/fldvalve.com\/fr\/wp-json\/wp\/v2\/product_cat?post=453"},{"taxonomy":"product_tag","embeddable":true,"href":"https:\/\/fldvalve.com\/fr\/wp-json\/wp\/v2\/product_tag?post=453"}],"curies":[{"name":"wp","href":"https:\/\/api.w.org\/{rel}","templated":true}]}}