{"id":455,"date":"2026-01-06T03:17:29","date_gmt":"2026-01-06T03:17:29","guid":{"rendered":"https:\/\/fldvalve.com\/?post_type=product&#038;p=455"},"modified":"2026-02-04T08:51:06","modified_gmt":"2026-02-04T08:51:06","slug":"hts-single-seat-pneumatic-control-valve","status":"publish","type":"product","link":"https:\/\/fldvalve.com\/fr\/product\/hts-single-seat-pneumatic-control-valve\/","title":{"rendered":"Vanne de commande pneumatique monoplace HTS"},"content":{"rendered":"<h2>Vanne de commande pneumatique monoplace HTS<\/h2>\n<p>La vanne de r\u00e9gulation pneumatique monoplace HTS est une vanne de r\u00e9gulation pneumatique \u00e0 structure monoplace \u00e0 un seul tiroir, \u00e9quip\u00e9e d'un diaphragme pneumatique ou d'un actionneur \u00e0 piston Elle est utilis\u00e9e pour le contr\u00f4le continu et pr\u00e9cis du d\u00e9bit, de la pression, de la temp\u00e9rature, et du niveau de liquide du milieu dans les canalisations.<br \/>\nCette s\u00e9rie de vannes pr\u00e9sente une structure compacte, de faibles fuites et une pr\u00e9cision de contr\u00f4le \u00e9lev\u00e9e, ce qui la rend adapt\u00e9e aux syst\u00e8mes d'automatisation industrielle n\u00e9cessitant des performances d'\u00e9tanch\u00e9it\u00e9 \u00e9lev\u00e9es et une stabilit\u00e9 de contr\u00f4le.<\/p>\n<h3><strong>Caract\u00e9ristiques structurelles<\/strong><\/h3>\n<p>1. Conception de structure monoplace<br \/>\nAdopte un seul si\u00e8ge de soupape et un seul tiroir de soupape, r\u00e9duisant efficacement les fuites internes et r\u00e9pondant aux exigences \u00e9lev\u00e9es d'\u00e9tanch\u00e9it\u00e9.<br \/>\n2. tiroir de soupape \u00e9quilibr\u00e9 ou d\u00e9s\u00e9quilibr\u00e9<br \/>\nPeut \u00eatre s\u00e9lectionn\u00e9 en fonction des conditions de travail, des performances de commande d'\u00e9quilibrage et des exigences de force d'actionnement.<br \/>\n3. Actionneur pneumatique<br \/>\nType de diaphragme pneumatique ou de piston en option, avec un fonctionnement stable et une r\u00e9ponse rapide.<br \/>\n4. Configuration modulaire des accessoires<br \/>\nPeut \u00eatre configur\u00e9 avec le positionneur de vanne, le r\u00e9gulateur de filtre, le commutateur de limite, l'\u00e9lectrovanne, etc.<\/p>\n<h3><strong>Avantages fondamentaux<\/strong><\/h3>\n<p>1. Faible fuite<br \/>\nStructure monoplace, performances d'\u00e9tanch\u00e9it\u00e9 sup\u00e9rieures par rapport aux soupapes \u00e0 double si\u00e8ge.<br \/>\n2. pr\u00e9cision de contr\u00f4le \u00e9lev\u00e9e<br \/>\nContr\u00f4le de course stable et caract\u00e9ristiques de d\u00e9bit claires.<br \/>\n3. Fonctionnement fiable<br \/>\nStructure simple, faible taux de d\u00e9faillance et entretien facile.<br \/>\n4. Large gamme d'applications<br \/>\nConvient \u00e0 divers milieux tels que les liquides, les gaz et la vapeur.<br \/>\n5. Plusieurs m\u00e9thodes de contr\u00f4le de s\u00e9curit\u00e9<br \/>\nPosition d'air \u00e0 ouvrir, d'air \u00e0 fermer ou d'air \u00e0 entretenir en option.<\/p>\n<h3><strong>Champs d'application typiques<\/strong><\/h3>\n<p>\u2022 Usines chimiques et p\u00e9trochimiques<br \/>\n\u2022 Syst\u00e8mes d'alimentation \u00e9lectrique, de chauffage et de vapeur<br \/>\n\u2022 M\u00e9tallurgie et syst\u00e8mes de chauffage industriels<br \/>\n\u2022 Contr\u00f4le des processus pharmaceutiques et alimentaires<br \/>\n\u2022 Traitement de l'eau et ing\u00e9nierie environnementale<\/p>","protected":false},"excerpt":{"rendered":"<p>La vanne de r\u00e9gulation pneumatique monoplace HTS est une vanne de r\u00e9gulation pneumatique avec une structure de noyau monoplace \u00e0 valve unique, \u00e9quip\u00e9e d'un diaphragme pneumatique ou d'un actionneur \u00e0 piston Elle est utilis\u00e9e pour le contr\u00f4le continu et pr\u00e9cis du d\u00e9bit, de la pression, de la temp\u00e9rature, et du niveau de liquide du milieu dans les canalisations.<\/p>","protected":false},"featured_media":456,"comment_status":"open","ping_status":"closed","template":"","meta":[],"product_brand":[],"product_cat":[23],"product_tag":[],"class_list":{"0":"post-455","1":"product","2":"type-product","3":"status-publish","4":"has-post-thumbnail","6":"product_cat-control-valve","8":"first","9":"instock","10":"shipping-taxable","11":"product-type-simple"},"_links":{"self":[{"href":"https:\/\/fldvalve.com\/fr\/wp-json\/wp\/v2\/product\/455","targetHints":{"allow":["GET"]}}],"collection":[{"href":"https:\/\/fldvalve.com\/fr\/wp-json\/wp\/v2\/product"}],"about":[{"href":"https:\/\/fldvalve.com\/fr\/wp-json\/wp\/v2\/types\/product"}],"replies":[{"embeddable":true,"href":"https:\/\/fldvalve.com\/fr\/wp-json\/wp\/v2\/comments?post=455"}],"wp:featuredmedia":[{"embeddable":true,"href":"https:\/\/fldvalve.com\/fr\/wp-json\/wp\/v2\/media\/456"}],"wp:attachment":[{"href":"https:\/\/fldvalve.com\/fr\/wp-json\/wp\/v2\/media?parent=455"}],"wp:term":[{"taxonomy":"product_brand","embeddable":true,"href":"https:\/\/fldvalve.com\/fr\/wp-json\/wp\/v2\/product_brand?post=455"},{"taxonomy":"product_cat","embeddable":true,"href":"https:\/\/fldvalve.com\/fr\/wp-json\/wp\/v2\/product_cat?post=455"},{"taxonomy":"product_tag","embeddable":true,"href":"https:\/\/fldvalve.com\/fr\/wp-json\/wp\/v2\/product_tag?post=455"}],"curies":[{"name":"wp","href":"https:\/\/api.w.org\/{rel}","templated":true}]}}