{"id":457,"date":"2026-01-06T03:22:03","date_gmt":"2026-01-06T03:22:03","guid":{"rendered":"https:\/\/fldvalve.com\/?post_type=product&#038;p=457"},"modified":"2026-02-04T08:46:35","modified_gmt":"2026-02-04T08:46:35","slug":"pneumatic-v-port-control-ball-valve","status":"publish","type":"product","link":"https:\/\/fldvalve.com\/fr\/product\/pneumatic-v-port-control-ball-valve\/","title":{"rendered":"Vanne \u00e0 bille pneumatique \u00e0 commande par port en V"},"content":{"rendered":"<h2>Vanne \u00e0 bille pneumatique \u00e0 commande par port en V<\/h2>\n<p>La vanne pneumatique \u00e0 bille de commande d'orifice en V est une vanne de commande automatis\u00e9e qui combine une r\u00e9gulation pr\u00e9cise et un arr\u00eat fiable. Elle est dot\u00e9e d'un noyau \u00e0 bille ouvrant en forme de V et est \u00e9quip\u00e9e d'un actionneur pneumatique, permettant un contr\u00f4le proportionnel continu du d\u00e9bit, de la pression ou des param\u00e8tres du processus dans les pipelines.<br \/>\nCe type de vanne est particuli\u00e8rement adapt\u00e9 aux applications \u00e0 haute pression diff\u00e9rentielle, \u00e0 d\u00e9bits \u00e9lev\u00e9s et aux milieux contenant des particules ou sujets \u00e0 l'\u00e9rosion, ce qui en fait une alternative importante aux vannes de r\u00e9gulation traditionnelles.<\/p>\n<h3><strong>Avantages principaux :<\/strong><\/h3>\n<p>1. Excellentes performances r\u00e9glementaires<br \/>\nBonne lin\u00e9arit\u00e9 et haute r\u00e9p\u00e9tabilit\u00e9, adapt\u00e9e \u00e0 un contr\u00f4le pr\u00e9cis du d\u00e9bit.<br \/>\n2. r\u00e9sistant \u00e0 l'\u00e9rosion et \u00e0 l'usure<br \/>\nLa structure de cisaillement emp\u00eache efficacement le d\u00e9p\u00f4t et le blocage des milieux.<br \/>\n3. Forte adaptabilit\u00e9 \u00e0 la pression diff\u00e9rentielle<br \/>\nConvient aux conditions de pression diff\u00e9rentielle \u00e9lev\u00e9e et de d\u00e9bit \u00e9lev\u00e9.<br \/>\n4. Scellement fiable<br \/>\n\u00c9tanch\u00e9it\u00e9 souple ou dure en m\u00e9tal en option pour une faible fuite, voire une fuite nulle.<br \/>\n5. Ouverture et fermeture rapides<br \/>\nEntra\u00eenement pneumatique, adapt\u00e9 \u00e0 un fonctionnement fr\u00e9quent et aux syst\u00e8mes automatis\u00e9s.<\/p>\n<h3><strong>Domaines d'application typiques :<\/strong><\/h3>\n<p>\u2022 Proc\u00e9d\u00e9s chimiques, p\u00e9trochimiques et chimiques fins<br \/>\n\u2022 Syst\u00e8mes de transport de p\u00e2tes et papiers et de fibres<br \/>\n\u2022 M\u00e9tallurgie, exploitation mini\u00e8re et contr\u00f4le des milieux en lisier<br \/>\n\u2022 Syst\u00e8mes \u00e9lectriques, \u00e9nerg\u00e9tiques et \u00e0 vapeur<br \/>\n\u2022 Traitement de l'eau et ing\u00e9nierie environnementale<\/p>","protected":false},"excerpt":{"rendered":"<p>La vanne pneumatique \u00e0 bille de commande d'orifice en V est une vanne de commande automatis\u00e9e qui combine une r\u00e9gulation pr\u00e9cise et un arr\u00eat fiable. Elle est dot\u00e9e d'un noyau \u00e0 bille ouvrant en forme de V et est \u00e9quip\u00e9e d'un actionneur pneumatique, permettant un contr\u00f4le proportionnel continu du d\u00e9bit, de la pression ou des param\u00e8tres du processus dans les pipelines.<\/p>","protected":false},"featured_media":458,"comment_status":"open","ping_status":"closed","template":"","meta":[],"product_brand":[],"product_cat":[23],"product_tag":[],"class_list":{"0":"post-457","1":"product","2":"type-product","3":"status-publish","4":"has-post-thumbnail","6":"product_cat-control-valve","8":"first","9":"instock","10":"shipping-taxable","11":"product-type-simple"},"_links":{"self":[{"href":"https:\/\/fldvalve.com\/fr\/wp-json\/wp\/v2\/product\/457","targetHints":{"allow":["GET"]}}],"collection":[{"href":"https:\/\/fldvalve.com\/fr\/wp-json\/wp\/v2\/product"}],"about":[{"href":"https:\/\/fldvalve.com\/fr\/wp-json\/wp\/v2\/types\/product"}],"replies":[{"embeddable":true,"href":"https:\/\/fldvalve.com\/fr\/wp-json\/wp\/v2\/comments?post=457"}],"wp:featuredmedia":[{"embeddable":true,"href":"https:\/\/fldvalve.com\/fr\/wp-json\/wp\/v2\/media\/458"}],"wp:attachment":[{"href":"https:\/\/fldvalve.com\/fr\/wp-json\/wp\/v2\/media?parent=457"}],"wp:term":[{"taxonomy":"product_brand","embeddable":true,"href":"https:\/\/fldvalve.com\/fr\/wp-json\/wp\/v2\/product_brand?post=457"},{"taxonomy":"product_cat","embeddable":true,"href":"https:\/\/fldvalve.com\/fr\/wp-json\/wp\/v2\/product_cat?post=457"},{"taxonomy":"product_tag","embeddable":true,"href":"https:\/\/fldvalve.com\/fr\/wp-json\/wp\/v2\/product_tag?post=457"}],"curies":[{"name":"wp","href":"https:\/\/api.w.org\/{rel}","templated":true}]}}