{"id":459,"date":"2026-01-06T03:27:34","date_gmt":"2026-01-06T03:27:34","guid":{"rendered":"https:\/\/fldvalve.com\/?post_type=product&#038;p=459"},"modified":"2026-02-04T08:43:24","modified_gmt":"2026-02-04T08:43:24","slug":"pneumatic-three-way-ball-valve","status":"publish","type":"product","link":"https:\/\/fldvalve.com\/fr\/product\/pneumatic-three-way-ball-valve\/","title":{"rendered":"Vanne \u00e0 bille pneumatique \u00e0 trois voies"},"content":{"rendered":"<h2>Vanne \u00e0 bille pneumatique \u00e0 trois voies<\/h2>\n<p>Un robinet pneumatique \u00e0 bille \u00e0 trois voies est un robinet \u00e0 bille \u00e0 canaux multiples entra\u00een\u00e9 par un actionneur pneumatique, principalement utilis\u00e9 pour d\u00e9tourner, combiner ou commuter le flux de milieux dans les canalisations Cette vanne peut basculer entre diff\u00e9rentes directions d'\u00e9coulement selon les exigences du processus, pr\u00e9sente une structure compacte et un fonctionnement rapide, et est largement utilis\u00e9e dans les syst\u00e8mes de contr\u00f4le automatis\u00e9s.<\/p>\n<h3><strong>IV. Avantages fondamentaux<\/strong><\/h3>\n<p>1. contr\u00f4le multicanal<br \/>\nUne vanne peut remplir des fonctions de d\u00e9viation, de combinaison ou de commutation, simplifiant ainsi le syst\u00e8me de canalisation.<br \/>\n2. action rapide et haute fiabilit\u00e9<br \/>\nL'entra\u00eenement pneumatique convient aux conditions de commutation fr\u00e9quentes.<br \/>\n3. bonne performance d'\u00e9tanch\u00e9it\u00e9<br \/>\nDisponible avec des joints durs souples ou m\u00e9talliques, ce qui entra\u00eene de faibles fuites.<br \/>\n4. structure compacte et installation facile<br \/>\n\u00c9conomise de l'espace et simplifie la maintenance.<br \/>\n5. Large gamme de supports applicables<br \/>\nConvient \u00e0 divers milieux, notamment les liquides, les gaz et la vapeur.<\/p>\n<h3><strong>Domaines d'application typiques<\/strong><\/h3>\n<p>\u2022 Syst\u00e8mes de commutation de processus chimiques et p\u00e9trochimiques<br \/>\n\u2022 Distribution multim\u00e9dia dans les lignes de production automatis\u00e9es<br \/>\n\u2022 Syst\u00e8mes de traitement de l'eau et de commutation de d\u00e9bit<br \/>\n\u2022 Flux de produits alimentaires et pharmaceutiques<br \/>\n\u2022 Canalisations d'\u00e9nergie et de services publics<\/p>","protected":false},"excerpt":{"rendered":"<p>Les vannes pneumatiques \u00e0 bille \u00e0 trois voies sont principalement utilis\u00e9es pour d\u00e9tourner, combiner ou commuter le flux de supports dans les canalisations. Elles peuvent basculer entre diff\u00e9rentes directions d'\u00e9coulement en fonction des exigences du processus, et leur structure compacte et leur fonctionnement rapide les rendent largement utilis\u00e9es dans les syst\u00e8mes de contr\u00f4le automatis\u00e9s.<\/p>","protected":false},"featured_media":460,"comment_status":"open","ping_status":"closed","template":"","meta":[],"product_brand":[],"product_cat":[25],"product_tag":[],"class_list":{"0":"post-459","1":"product","2":"type-product","3":"status-publish","4":"has-post-thumbnail","6":"product_cat-ball-valve","8":"first","9":"instock","10":"shipping-taxable","11":"product-type-simple"},"_links":{"self":[{"href":"https:\/\/fldvalve.com\/fr\/wp-json\/wp\/v2\/product\/459","targetHints":{"allow":["GET"]}}],"collection":[{"href":"https:\/\/fldvalve.com\/fr\/wp-json\/wp\/v2\/product"}],"about":[{"href":"https:\/\/fldvalve.com\/fr\/wp-json\/wp\/v2\/types\/product"}],"replies":[{"embeddable":true,"href":"https:\/\/fldvalve.com\/fr\/wp-json\/wp\/v2\/comments?post=459"}],"wp:featuredmedia":[{"embeddable":true,"href":"https:\/\/fldvalve.com\/fr\/wp-json\/wp\/v2\/media\/460"}],"wp:attachment":[{"href":"https:\/\/fldvalve.com\/fr\/wp-json\/wp\/v2\/media?parent=459"}],"wp:term":[{"taxonomy":"product_brand","embeddable":true,"href":"https:\/\/fldvalve.com\/fr\/wp-json\/wp\/v2\/product_brand?post=459"},{"taxonomy":"product_cat","embeddable":true,"href":"https:\/\/fldvalve.com\/fr\/wp-json\/wp\/v2\/product_cat?post=459"},{"taxonomy":"product_tag","embeddable":true,"href":"https:\/\/fldvalve.com\/fr\/wp-json\/wp\/v2\/product_tag?post=459"}],"curies":[{"name":"wp","href":"https:\/\/api.w.org\/{rel}","templated":true}]}}