{"id":461,"date":"2026-01-06T03:32:06","date_gmt":"2026-01-06T03:32:06","guid":{"rendered":"https:\/\/fldvalve.com\/?post_type=product&#038;p=461"},"modified":"2026-02-04T08:29:07","modified_gmt":"2026-02-04T08:29:07","slug":"self-operated-micro-pressure-regulating-valve","status":"publish","type":"product","link":"https:\/\/fldvalve.com\/fr\/product\/self-operated-micro-pressure-regulating-valve\/","title":{"rendered":"Vanne de r\u00e9gulation de micropression \u00e0 fonctionnement automatique"},"content":{"rendered":"<h2>Vanne de r\u00e9gulation de micropression \u00e0 fonctionnement automatique<\/h2>\n<p>La vanne de r\u00e9gulation de micro pression \u00e0 fonctionnement automatique (vanne d'alimentation en azote) est une vanne qui r\u00e9gule automatiquement la pression sans n\u00e9cessiter de sources d'alimentation ou de gaz externes, en s'appuyant uniquement sur la pression du milieu contr\u00f4l\u00e9. Elle est principalement utilis\u00e9e pour le contr\u00f4le de pression micro-positive et la suppl\u00e9mentation en azote dans les r\u00e9servoirs de stockage, les r\u00e9acteurs et les conteneurs scell\u00e9s.<br \/>\nCette vanne s'ouvre automatiquement pour fournir de l'azote lorsque la pression du r\u00e9servoir tombe en dessous de la valeur d\u00e9finie et se ferme automatiquement lorsque la pression est r\u00e9tablie, emp\u00eachant ainsi la p\u00e9n\u00e9tration de l'air et garantissant la s\u00e9curit\u00e9 du syst\u00e8me, la protection contre les explosions et la pr\u00e9vention de l'oxydation.<\/p>\n<h3><strong>Caract\u00e9ristiques structurelles<\/strong><\/h3>\n<p>1. Structure autonome<br \/>\nAucune alimentation \u00e9lectrique, source de gaz ou syst\u00e8me de contr\u00f4le externe requis, garantissant un fonctionnement fiable.<br \/>\n2. Contr\u00f4le de micro-pression haute sensibilit\u00e9<br \/>\nConvient aux plages de pression extr\u00eamement basses avec une pr\u00e9cision de r\u00e9glage \u00e9lev\u00e9e.<br \/>\n3. Pression r\u00e9gl\u00e9e par ressort<br \/>\nLa pression d'ouverture peut \u00eatre ajust\u00e9e en fonction des conditions de fonctionnement.<br \/>\n4. Conception compacte<br \/>\nPetite taille, installation et entretien faciles.<\/p>\n<h3><strong>Avantages fondamentaux<\/strong><\/h3>\n<p>1. s\u00fbr et fiable<br \/>\nEmp\u00eache le reflux d'air, r\u00e9duisant ainsi les risques d'explosion et d'oxydation.<br \/>\n2. Aucune \u00e9nergie ext\u00e9rieure requise<br \/>\n\u00c9conome en \u00e9nergie et respectueux de l'environnement, simplifiant la structure du syst\u00e8me.<br \/>\n3. R\u00e9glementation stable<br \/>\nContr\u00f4le de micro-pression fluide et r\u00e9ponse sensible.<br \/>\n4. Large gamme d'applications<br \/>\nConvient \u00e0 divers r\u00e9servoirs de stockage et applications de conteneurs scell\u00e9s.<\/p>\n<h3><strong>Domaines d'application typiques<\/strong><\/h3>\n<p>\u2022 Syst\u00e8mes de couverture d'azote pour r\u00e9servoirs de stockage de p\u00e9trole et de produits chimiques<br \/>\n\u2022 R\u00e9acteurs chimiques et pharmaceutiques fins<br \/>\n\u2022 Conteneurs de stockage de nourriture et de boissons<br \/>\n\u2022 Syst\u00e8mes de stockage multim\u00e9dia inflammables et explosifs<br \/>\n\u2022 Syst\u00e8mes de protection de l'environnement et de protection des gaz<\/p>","protected":false},"excerpt":{"rendered":"<p>Les microvannes de r\u00e9gulation de pression autoportantes sont principalement utilis\u00e9es pour contr\u00f4ler la l\u00e9g\u00e8re pression positive et la suppl\u00e9mentation en azote dans les r\u00e9servoirs de stockage, les r\u00e9acteurs et les conteneurs scell\u00e9s. Ils emp\u00eachent efficacement la p\u00e9n\u00e9tration de l\u2019air, garantissant la s\u00e9curit\u00e9 du syst\u00e8me, la protection contre les explosions et la pr\u00e9vention de l\u2019oxydation.<\/p>","protected":false},"featured_media":462,"comment_status":"open","ping_status":"closed","template":"","meta":[],"product_brand":[],"product_cat":[26],"product_tag":[],"class_list":{"0":"post-461","1":"product","2":"type-product","3":"status-publish","4":"has-post-thumbnail","6":"product_cat-self-operated-control-valve","8":"first","9":"instock","10":"shipping-taxable","11":"product-type-simple"},"_links":{"self":[{"href":"https:\/\/fldvalve.com\/fr\/wp-json\/wp\/v2\/product\/461","targetHints":{"allow":["GET"]}}],"collection":[{"href":"https:\/\/fldvalve.com\/fr\/wp-json\/wp\/v2\/product"}],"about":[{"href":"https:\/\/fldvalve.com\/fr\/wp-json\/wp\/v2\/types\/product"}],"replies":[{"embeddable":true,"href":"https:\/\/fldvalve.com\/fr\/wp-json\/wp\/v2\/comments?post=461"}],"wp:featuredmedia":[{"embeddable":true,"href":"https:\/\/fldvalve.com\/fr\/wp-json\/wp\/v2\/media\/462"}],"wp:attachment":[{"href":"https:\/\/fldvalve.com\/fr\/wp-json\/wp\/v2\/media?parent=461"}],"wp:term":[{"taxonomy":"product_brand","embeddable":true,"href":"https:\/\/fldvalve.com\/fr\/wp-json\/wp\/v2\/product_brand?post=461"},{"taxonomy":"product_cat","embeddable":true,"href":"https:\/\/fldvalve.com\/fr\/wp-json\/wp\/v2\/product_cat?post=461"},{"taxonomy":"product_tag","embeddable":true,"href":"https:\/\/fldvalve.com\/fr\/wp-json\/wp\/v2\/product_tag?post=461"}],"curies":[{"name":"wp","href":"https:\/\/api.w.org\/{rel}","templated":true}]}}