{"id":463,"date":"2026-01-06T03:35:03","date_gmt":"2026-01-06T03:35:03","guid":{"rendered":"https:\/\/fldvalve.com\/?post_type=product&#038;p=463"},"modified":"2026-02-04T08:13:39","modified_gmt":"2026-02-04T08:13:39","slug":"self-operated-pressure-control-valve","status":"publish","type":"product","link":"https:\/\/fldvalve.com\/fr\/product\/self-operated-pressure-control-valve\/","title":{"rendered":"Vanne de r\u00e9gulation de pression \u00e0 fonctionnement automatique"},"content":{"rendered":"<h2>Vanne de r\u00e9gulation de pression \u00e0 fonctionnement automatique<\/h2>\n<p>Les vannes de r\u00e9gulation de pression diff\u00e9rentielle\/pression autoportantes sont des vannes de r\u00e9gulation automatiques qui ne n\u00e9cessitent pas d'alimentation externe ni d'alimentation en air. Ils utilisent la pression du milieu contr\u00f4l\u00e9 lui-m\u00eame comme source d'alimentation pour obtenir un r\u00e9glage automatique et un contr\u00f4le stable de la pression ou de la pression diff\u00e9rentielle dans les pipelines ou les syst\u00e8mes.<br \/>\nCes vannes ont une structure simple et un fonctionnement fiable, et sont largement utilis\u00e9es dans les syst\u00e8mes de chauffage, d'approvisionnement en eau, de vapeur et de pipelines industriels.<\/p>\n<h3><strong>Avantages fondamentaux<\/strong><\/h3>\n<p>1. \u00e9conome en \u00e9nergie et fiable<br \/>\nAucune puissance externe requise, ce qui entra\u00eene de faibles co\u00fbts d'exploitation.<br \/>\n2. Contr\u00f4le stable<br \/>\nR\u00e9ponse sensible aux fluctuations de pression ou de pression diff\u00e9rentielle.<br \/>\n3. installation et entretien faciles<br \/>\nStructure simple et mise en service rapide.<br \/>\n4. Large gamme d'applications<br \/>\nConvient aux liquides, gaz, vapeur et autres milieux.<\/p>\n<h3><strong>Domaines d'application typiques<\/strong><\/h3>\n<p>\u2022 Syst\u00e8mes de chauffage central et de stations d'\u00e9change de chaleur<br \/>\n\u2022 Approvisionnement en eau urbain et r\u00e9seaux d'eau industriels<br \/>\n\u2022 Syst\u00e8mes de r\u00e9duction et de stabilisation de la pression de vapeur<br \/>\n\u2022 Canalisations de p\u00e9trole et de proc\u00e9d\u00e9s chimiques<br \/>\n\u2022 Syst\u00e8mes de circulation industrielle et services publics<\/p>","protected":false},"excerpt":{"rendered":"<p>Cette vanne de r\u00e9gulation automatique ne n\u00e9cessite aucune alimentation externe ni alimentation en air, s'appuyant sur la pression du milieu contr\u00f4l\u00e9 lui-m\u00eame comme source d'alimentation pour obtenir un r\u00e9glage automatique et un contr\u00f4le stable de la pression ou de la pression diff\u00e9rentielle dans les pipelines ou les syst\u00e8mes.<\/p>","protected":false},"featured_media":464,"comment_status":"open","ping_status":"closed","template":"","meta":[],"product_brand":[],"product_cat":[26],"product_tag":[],"class_list":{"0":"post-463","1":"product","2":"type-product","3":"status-publish","4":"has-post-thumbnail","6":"product_cat-self-operated-control-valve","8":"first","9":"instock","10":"shipping-taxable","11":"product-type-simple"},"_links":{"self":[{"href":"https:\/\/fldvalve.com\/fr\/wp-json\/wp\/v2\/product\/463","targetHints":{"allow":["GET"]}}],"collection":[{"href":"https:\/\/fldvalve.com\/fr\/wp-json\/wp\/v2\/product"}],"about":[{"href":"https:\/\/fldvalve.com\/fr\/wp-json\/wp\/v2\/types\/product"}],"replies":[{"embeddable":true,"href":"https:\/\/fldvalve.com\/fr\/wp-json\/wp\/v2\/comments?post=463"}],"wp:featuredmedia":[{"embeddable":true,"href":"https:\/\/fldvalve.com\/fr\/wp-json\/wp\/v2\/media\/464"}],"wp:attachment":[{"href":"https:\/\/fldvalve.com\/fr\/wp-json\/wp\/v2\/media?parent=463"}],"wp:term":[{"taxonomy":"product_brand","embeddable":true,"href":"https:\/\/fldvalve.com\/fr\/wp-json\/wp\/v2\/product_brand?post=463"},{"taxonomy":"product_cat","embeddable":true,"href":"https:\/\/fldvalve.com\/fr\/wp-json\/wp\/v2\/product_cat?post=463"},{"taxonomy":"product_tag","embeddable":true,"href":"https:\/\/fldvalve.com\/fr\/wp-json\/wp\/v2\/product_tag?post=463"}],"curies":[{"name":"wp","href":"https:\/\/api.w.org\/{rel}","templated":true}]}}