{"id":465,"date":"2026-01-06T03:37:03","date_gmt":"2026-01-06T03:37:03","guid":{"rendered":"https:\/\/fldvalve.com\/?post_type=product&#038;p=465"},"modified":"2026-02-04T08:00:37","modified_gmt":"2026-02-04T08:00:37","slug":"zzy-series-self-operated-pressure-regulating-valve","status":"publish","type":"product","link":"https:\/\/fldvalve.com\/fr\/product\/zzy-series-self-operated-pressure-regulating-valve\/","title":{"rendered":"Vanne de r\u00e9gulation de pression \u00e0 fonctionnement automatique de la s\u00e9rie ZZY"},"content":{"rendered":"<h2>Vanne de r\u00e9gulation de pression \u00e0 fonctionnement automatique de la s\u00e9rie ZZY<\/h2>\n<p>La vanne de r\u00e9gulation de pression autoport\u00e9e s\u00e9rie ZZY est une vanne de r\u00e9gulation qui r\u00e9gule automatiquement la pression en utilisant la pression du milieu contr\u00f4l\u00e9 lui-m\u00eame, sans n\u00e9cessiter d'alimentation externe ou d'alimentation en air Elle est principalement utilis\u00e9e pour le contr\u00f4le stable de la pression d'entr\u00e9e, de la pression de sortie ou de la pression du syst\u00e8me dans les canalisations ou l'\u00e9quipement.<br \/>\nCette s\u00e9rie de vannes pr\u00e9sente une structure mature et des performances stables, et est largement utilis\u00e9e dans les syst\u00e8mes de chauffage, d'approvisionnement en eau, de vapeur et de pipelines industriels, ce qui en fait une alternative id\u00e9ale aux vannes traditionnelles de r\u00e9duction de pression et de r\u00e9gulation de pression.<\/p>\n<h3><strong>Avantages principaux :<\/strong><\/h3>\n<p>1. \u00e9conome en \u00e9nergie<br \/>\nNe d\u00e9pend pas de l'\u00e9nergie externe, ce qui entra\u00eene de faibles co\u00fbts d'exploitation.<br \/>\n2. Excellentes performances de r\u00e9gulation de pression<br \/>\nR\u00e9ponse sensible aux fluctuations de pression et pr\u00e9cision de contr\u00f4le \u00e9lev\u00e9e.<br \/>\n3. structure simple et longue dur\u00e9e de vie<br \/>\nFaible taux de d\u00e9faillance et entretien minimal.<br \/>\n4. Large gamme de supports applicables<br \/>\nConvient \u00e0 l'eau, \u00e0 la vapeur, au gaz et \u00e0 divers milieux industriels.<\/p>\n<h3><strong>Domaines d'application typiques :<\/strong><\/h3>\n<p>\u2022 Chauffage central et stations d'\u00e9change de chaleur<br \/>\n\u2022 Syst\u00e8mes d'approvisionnement en eau urbains et industriels<br \/>\n\u2022 Syst\u00e8mes de r\u00e9duction et de r\u00e9gulation de la pression de vapeur<br \/>\n\u2022 R\u00e9seaux de pipelines p\u00e9troliers, chimiques et de services publics<br \/>\n\u2022 Protection et contr\u00f4le de la pression des \u00e9quipements industriels<\/p>","protected":false},"excerpt":{"rendered":"<p>La vanne de r\u00e9gulation de pression autoport\u00e9e s\u00e9rie ZZY est une vanne de r\u00e9gulation qui r\u00e9gule automatiquement la pression en utilisant la pression du milieu contr\u00f4l\u00e9 lui-m\u00eame, sans n\u00e9cessiter d'alimentation externe ou d'alimentation en air Elle est principalement utilis\u00e9e pour le contr\u00f4le stable de la pression d'entr\u00e9e, de la pression de sortie ou de la pression du syst\u00e8me dans les canalisations ou l'\u00e9quipement.<\/p>","protected":false},"featured_media":466,"comment_status":"open","ping_status":"closed","template":"","meta":[],"product_brand":[],"product_cat":[26],"product_tag":[],"class_list":{"0":"post-465","1":"product","2":"type-product","3":"status-publish","4":"has-post-thumbnail","6":"product_cat-self-operated-control-valve","8":"first","9":"instock","10":"shipping-taxable","11":"product-type-simple"},"_links":{"self":[{"href":"https:\/\/fldvalve.com\/fr\/wp-json\/wp\/v2\/product\/465","targetHints":{"allow":["GET"]}}],"collection":[{"href":"https:\/\/fldvalve.com\/fr\/wp-json\/wp\/v2\/product"}],"about":[{"href":"https:\/\/fldvalve.com\/fr\/wp-json\/wp\/v2\/types\/product"}],"replies":[{"embeddable":true,"href":"https:\/\/fldvalve.com\/fr\/wp-json\/wp\/v2\/comments?post=465"}],"wp:featuredmedia":[{"embeddable":true,"href":"https:\/\/fldvalve.com\/fr\/wp-json\/wp\/v2\/media\/466"}],"wp:attachment":[{"href":"https:\/\/fldvalve.com\/fr\/wp-json\/wp\/v2\/media?parent=465"}],"wp:term":[{"taxonomy":"product_brand","embeddable":true,"href":"https:\/\/fldvalve.com\/fr\/wp-json\/wp\/v2\/product_brand?post=465"},{"taxonomy":"product_cat","embeddable":true,"href":"https:\/\/fldvalve.com\/fr\/wp-json\/wp\/v2\/product_cat?post=465"},{"taxonomy":"product_tag","embeddable":true,"href":"https:\/\/fldvalve.com\/fr\/wp-json\/wp\/v2\/product_tag?post=465"}],"curies":[{"name":"wp","href":"https:\/\/api.w.org\/{rel}","templated":true}]}}